{"id":8822,"date":"2022-09-09T09:27:34","date_gmt":"2022-09-09T07:27:34","guid":{"rendered":"https:\/\/cussac87.com\/?page_id=8822"},"modified":"2023-07-31T12:40:40","modified_gmt":"2023-07-31T10:40:40","slug":"arretes-du-maire","status":"publish","type":"page","link":"https:\/\/cussac87.com\/index.php\/arretes-du-maire\/","title":{"rendered":"Arr\u00eat\u00e9s du Maire"},"content":{"rendered":"<div data-colibri-id=\"8822-c1\" class=\"style-3067 style-local-8822-c1 position-relative\">\n  <!---->\n  <div data-colibri-component=\"section\" data-colibri-id=\"8822-c2\" id=\"blank\" class=\"h-section h-section-global-spacing d-flex align-items-lg-center align-items-md-center align-items-center style-3068 style-local-8822-c2 position-relative\">\n    <!---->\n    <!---->\n    <div class=\"h-section-grid-container h-section-boxed-container\">\n      <!---->\n      <div data-colibri-id=\"8822-c3\" class=\"h-row-container gutters-row-lg-2 gutters-row-md-2 gutters-row-0 gutters-row-v-lg-2 gutters-row-v-md-2 gutters-row-v-2 style-3069 style-local-8822-c3 position-relative\">\n        <!---->\n        <div class=\"h-row justify-content-lg-center justify-content-md-center justify-content-center align-items-lg-start align-items-md-start align-items-start gutters-col-lg-2 gutters-col-md-2 gutters-col-0 gutters-col-v-lg-2 gutters-col-v-md-2 gutters-col-v-2\">\n          <!---->\n          <div class=\"h-column h-column-container d-flex h-col-lg-auto h-col-md-auto h-col-auto align-self-lg-start align-self-md-start align-self-start style-3070-outer style-local-8822-c4-outer\">\n            <div data-colibri-id=\"8822-c4\" class=\"d-flex h-flex-basis h-column__inner h-px-lg-2 h-px-md-2 h-px-2 v-inner-lg-2 v-inner-md-2 v-inner-2 style-3070 style-local-8822-c4 position-relative\">\n              <!---->\n              <!---->\n              <div class=\"w-100 h-y-container h-column__content h-column__v-align flex-basis-100 align-self-lg-start align-self-md-start align-self-start\">\n                <!---->\n                <div data-toggle=\"true\" data-is-preview=\"true\" data-colibri-component=\"accordion\" data-colibri-id=\"8822-c5\" class=\"h-accordion style-3071 style-local-8822-c5 position-relative h-element\">\n                  <!---->\n                  <div data-colibri-id=\"8822-c6\" class=\"h-accordion-item h-accordion-item-first-child style-3072 style-local-8822-c6 position-relative h-element\">\n                    <!---->\n                    <a data-open-by-default=\"true\" href=\"#8822-c6\" class=\"h-accordion-item-title d-flex align-items-center h-global-transition\">\n                      <!----><span>2023<\/span>\n                      <div class=\"h-accordion-item-title-normal-icon h-accordion-item-title-icon h-accordion-item-title-icon-right\"><span class=\"h-svg-icon\"><!--Icon by Icons8 Line Awesome (https:\/\/icons8.com\/line-awesome)--><svg version=\"1.1\" xmlns=\"http:\/\/www.w3.org\/2000\/svg\" xmlns:xlink=\"http:\/\/www.w3.org\/1999\/xlink\" id=\"plus\" viewBox=\"0 0 512 545.5\"><path d=\"M240 112h32v160h160v32H272v160h-32V304H80v-32h160V112z\"><\/path><\/svg><\/span><\/div>\n                      <div class=\"h-accordion-item-title-active-icon h-accordion-item-title-icon h-accordion-item-title-icon-right\"><span class=\"h-svg-icon\"><!--Icon by Icons8 Line Awesome (https:\/\/icons8.com\/line-awesome)--><svg version=\"1.1\" xmlns=\"http:\/\/www.w3.org\/2000\/svg\" xmlns:xlink=\"http:\/\/www.w3.org\/1999\/xlink\" id=\"minus\" viewBox=\"0 0 512 545.5\"><path d=\"M80 272h352v32H80v-32z\"><\/path><\/svg><\/span><\/div>\n                    <\/a>\n                    <div id=\"8822-c6\" class=\"h-accordion-item-content__container\">\n                      <div class=\"w-100 h-y-container h-accordion-item-content\">\n                        <!---->\n                        <div data-colibri-id=\"8822-c7\" class=\"icon-list d-flex justify-content-lg-start justify-content-md-start justify-content-start style-3073 style-local-8822-c7 position-relative h-element\">\n                          <!---->\n                          <ul class=\"ul-list-icon vertical-on-desktop vertical-on-tablet vertical-on-mobile justify-content-lg-start justify-content-md-start justify-content-start\">\n                            <!---->\n                            <li class=\"list-item no-gutters\">\n                              <!---->\n                              <div class=\"list-container-divider d-flex justify-content-lg-start justify-content-md-start justify-content-start first-el-spacer\"><\/div>\n                              <a href=\"https:\/\/cussac87.com\/wp-content\/uploads\/2023\/07\/arrete-municipal_2023-004.pdf\" h-use-smooth-scroll=\"true\" class=\"item-link no-gutters\">\n                                <div class=\"d-flex h-col no-gutters align-items-lg-center align-items-md-center align-items-center list-item-text-wrapper\">\n                                  <div class=\"d-flex\"><span class=\"h-svg-icon style-3073-icon style-local-8822-c7-icon\"><!--Icon by Font Awesome (https:\/\/fontawesome.com)-->\n    <svg version=\"1.1\" xmlns=\"http:\/\/www.w3.org\/2000\/svg\" xmlns:xlink=\"http:\/\/www.w3.org\/1999\/xlink\" id=\"file-o\" viewBox=\"0 0 1611.2499 1896.0833\">\n      <path d=\"M1468 380q28 28 48 76t20 88v1152q0 40-28 68t-68 28H96q-40 0-68-28t-28-68V96q0-40 28-68T96 0h896q40 0 88 20t76 48zm-444-244v376h376q-10-29-22-41l-313-313q-12-12-41-22zm384 1528V640H992q-40 0-68-28t-28-68V128H128v1536h1280z\"><\/path>\n    <\/svg><\/span><\/div> <span class=\"list-text d-block\"><span>2023\/P004 &#8211; Arr\u00eat\u00e9 municipal permanent portant interdiction de stationnement, rue du 8 mai 1945<\/span><\/span>\n                                <\/div>\n                              <\/a>\n                              <div class=\"list-container-divider d-flex justify-content-lg-start justify-content-md-start justify-content-start\" style=\"display: none;\">\n                                <!---->\n                              <\/div>\n                              <div class=\"list-container-divider d-flex justify-content-lg-start justify-content-md-start justify-content-start last-el-spacer\"><\/div>\n                            <\/li>\n                          <\/ul>\n                        <\/div>\n                      <\/div>\n                    <\/div>\n                  <\/div>\n                <\/div>\n              <\/div>\n            <\/div>\n          <\/div>\n          <div class=\"h-column h-column-container d-flex h-col-lg-auto h-col-md-auto h-col-auto align-self-lg-start align-self-md-start align-self-start style-3070-outer style-local-8822-c8-outer\">\n            <div data-colibri-id=\"8822-c8\" class=\"d-flex h-flex-basis h-column__inner h-px-lg-2 h-px-md-2 h-px-2 v-inner-lg-2 v-inner-md-2 v-inner-2 style-3070 style-local-8822-c8 position-relative\">\n              <!---->\n              <!---->\n              <div class=\"w-100 h-y-container h-column__content h-column__v-align flex-basis-100 align-self-lg-start align-self-md-start align-self-start\">\n                <!---->\n                <div data-toggle=\"true\" data-is-preview=\"true\" data-colibri-component=\"accordion\" data-colibri-id=\"8822-c9\" class=\"h-accordion style-3109 style-local-8822-c9 position-relative h-element\">\n                  <!---->\n                  <div data-colibri-id=\"8822-c10\" class=\"h-accordion-item h-accordion-item-first-child style-3110 style-local-8822-c10 position-relative h-element\">\n                    <!---->\n                    <a data-open-by-default=\"false\" href=\"#8822-c10\" class=\"h-accordion-item-title d-flex align-items-center h-global-transition\">\n                      <!----><span>2022<\/span>\n                      <div class=\"h-accordion-item-title-normal-icon h-accordion-item-title-icon h-accordion-item-title-icon-right\"><span class=\"h-svg-icon\"><!--Icon by Icons8 Line Awesome (https:\/\/icons8.com\/line-awesome)--><svg version=\"1.1\" xmlns=\"http:\/\/www.w3.org\/2000\/svg\" xmlns:xlink=\"http:\/\/www.w3.org\/1999\/xlink\" id=\"plus\" viewBox=\"0 0 512 545.5\"><path d=\"M240 112h32v160h160v32H272v160h-32V304H80v-32h160V112z\"><\/path><\/svg><\/span><\/div>\n                      <div class=\"h-accordion-item-title-active-icon h-accordion-item-title-icon h-accordion-item-title-icon-right\"><span class=\"h-svg-icon\"><!--Icon by Icons8 Line Awesome (https:\/\/icons8.com\/line-awesome)--><svg version=\"1.1\" xmlns=\"http:\/\/www.w3.org\/2000\/svg\" xmlns:xlink=\"http:\/\/www.w3.org\/1999\/xlink\" id=\"minus\" viewBox=\"0 0 512 545.5\"><path d=\"M80 272h352v32H80v-32z\"><\/path><\/svg><\/span><\/div>\n                    <\/a>\n                    <div id=\"8822-c10\" class=\"h-accordion-item-content__container\">\n                      <div class=\"w-100 h-y-container h-accordion-item-content\">\n                        <!---->\n                        <div data-colibri-id=\"8822-c11\" class=\"icon-list d-flex justify-content-lg-start justify-content-md-start justify-content-start style-3073 style-local-8822-c11 position-relative h-element\">\n                          <!---->\n                          <ul class=\"ul-list-icon vertical-on-desktop vertical-on-tablet vertical-on-mobile justify-content-lg-start justify-content-md-start justify-content-start\">\n                            <!---->\n                            <li class=\"list-item no-gutters\">\n                              <!---->\n                              <div class=\"list-container-divider d-flex justify-content-lg-start justify-content-md-start justify-content-start first-el-spacer\"><\/div>\n                              <a href=\"https:\/\/cussac87.com\/wp-content\/uploads\/2022\/11\/2022-P006-Circulation-et-stationnement-11-novembre.pdf\" h-use-smooth-scroll=\"true\" class=\"item-link no-gutters\">\n                                <div class=\"d-flex h-col no-gutters align-items-lg-center align-items-md-center align-items-center list-item-text-wrapper\">\n                                  <div class=\"d-flex\"><span class=\"h-svg-icon style-3073-icon style-local-8822-c11-icon\"><!--Icon by Font Awesome (https:\/\/fontawesome.com)-->\n    <svg version=\"1.1\" xmlns=\"http:\/\/www.w3.org\/2000\/svg\" xmlns:xlink=\"http:\/\/www.w3.org\/1999\/xlink\" id=\"file-o\" viewBox=\"0 0 1611.2499 1896.0833\">\n      <path d=\"M1468 380q28 28 48 76t20 88v1152q0 40-28 68t-68 28H96q-40 0-68-28t-28-68V96q0-40 28-68T96 0h896q40 0 88 20t76 48zm-444-244v376h376q-10-29-22-41l-313-313q-12-12-41-22zm384 1528V640H992q-40 0-68-28t-28-68V128H128v1536h1280z\"><\/path>\n    <\/svg><\/span><\/div> <span class=\"list-text d-block\"><span>2022\/P006 &#8211; Arr\u00eat\u00e9 municipal de circulation et de stationnement place de la mairie sur a RD22 \u00e0 l&rsquo;occasion des c\u00e9r\u00e9monies du 8 mai et du 11 novembre<\/span><\/span>\n                                <\/div>\n                              <\/a>\n                              <div class=\"list-container-divider d-flex justify-content-lg-start justify-content-md-start justify-content-start\">\n                                <!---->\n                              <\/div>\n                            <\/li>\n                            <li class=\"list-item no-gutters\">\n                              <!---->\n                              <!---->\n                              <a href=\"https:\/\/cussac87.com\/wp-content\/uploads\/2022\/09\/ARRETE-OUVERTURE-MARCHES-AUX-AFFAIRES-2022P005.pdf\" h-use-smooth-scroll=\"true\" class=\"item-link no-gutters\">\n                                <div class=\"d-flex h-col no-gutters align-items-lg-center align-items-md-center align-items-center list-item-text-wrapper\">\n                                  <div class=\"d-flex\"><span class=\"h-svg-icon style-3073-icon style-local-8822-c11-icon\"><!--Icon by Font Awesome (https:\/\/fontawesome.com)-->\n    <svg version=\"1.1\" xmlns=\"http:\/\/www.w3.org\/2000\/svg\" xmlns:xlink=\"http:\/\/www.w3.org\/1999\/xlink\" id=\"file-o\" viewBox=\"0 0 1611.2499 1896.0833\">\n      <path d=\"M1468 380q28 28 48 76t20 88v1152q0 40-28 68t-68 28H96q-40 0-68-28t-28-68V96q0-40 28-68T96 0h896q40 0 88 20t76 48zm-444-244v376h376q-10-29-22-41l-313-313q-12-12-41-22zm384 1528V640H992q-40 0-68-28t-28-68V128H128v1536h1280z\"><\/path>\n    <\/svg><\/span><\/div> <span class=\"list-text d-block\"><span>2022\/P005 &#8211; Arr\u00eat\u00e9 municipal portant autorisation d&rsquo;ouverture de l&rsquo;\u00e9tablissement recevant du public \u00ab\u00a0Le march\u00e9 aux affaires\u00a0\u00bb<\/span><\/span>\n                                <\/div>\n                              <\/a>\n                              <div class=\"list-container-divider d-flex justify-content-lg-start justify-content-md-start justify-content-start\">\n                                <!---->\n                              <\/div>\n                            <\/li>\n                            <li class=\"list-item no-gutters\">\n                              <!---->\n                              <!---->\n                              <a href=\"https:\/\/cussac87.com\/wp-content\/uploads\/2022\/06\/ARRETE-PERMANENT-CHENILLE.pdf\" data-fancybox=\"section-group-fUaeMuUY8VhCMDHYqJAU1V\" h-use-smooth-scroll=\"true\" class=\"item-link no-gutters\">\n                                <div class=\"d-flex h-col no-gutters align-items-lg-center align-items-md-center align-items-center list-item-text-wrapper\">\n                                  <div class=\"d-flex\"><span class=\"h-svg-icon style-3073-icon style-local-8822-c11-icon\"><!--Icon by Font Awesome (https:\/\/fontawesome.com)-->\n    <svg version=\"1.1\" xmlns=\"http:\/\/www.w3.org\/2000\/svg\" xmlns:xlink=\"http:\/\/www.w3.org\/1999\/xlink\" id=\"file-o\" viewBox=\"0 0 1611.2499 1896.0833\">\n      <path d=\"M1468 380q28 28 48 76t20 88v1152q0 40-28 68t-68 28H96q-40 0-68-28t-28-68V96q0-40 28-68T96 0h896q40 0 88 20t76 48zm-444-244v376h376q-10-29-22-41l-313-313q-12-12-41-22zm384 1528V640H992q-40 0-68-28t-28-68V128H128v1536h1280z\"><\/path>\n    <\/svg><\/span><\/div> <span class=\"list-text d-block\"><span>2022\/P003 &#8211; Arr\u00eat\u00e9 municipal permanent r\u00e9glementant la lutte contre les chenilles processionaires<\/span><\/span>\n                                <\/div>\n                              <\/a>\n                              <div class=\"list-container-divider d-flex justify-content-lg-start justify-content-md-start justify-content-start\">\n                                <!---->\n                              <\/div>\n                            <\/li>\n                            <li class=\"list-item no-gutters\">\n                              <!---->\n                              <!---->\n                              <a href=\"https:\/\/cussac87.com\/wp-content\/uploads\/2022\/09\/Arrete_2022T002.pdf\" data-fancybox=\"section-group-fUaeMuUY8VhCMDHYqJAU1V\" h-use-smooth-scroll=\"true\" class=\"item-link no-gutters\">\n                                <div class=\"d-flex h-col no-gutters align-items-lg-center align-items-md-center align-items-center list-item-text-wrapper\">\n                                  <div class=\"d-flex\"><span class=\"h-svg-icon style-3073-icon style-local-8822-c11-icon\"><!--Icon by Font Awesome (https:\/\/fontawesome.com)-->\n    <svg version=\"1.1\" xmlns=\"http:\/\/www.w3.org\/2000\/svg\" xmlns:xlink=\"http:\/\/www.w3.org\/1999\/xlink\" id=\"file-o\" viewBox=\"0 0 1611.2499 1896.0833\">\n      <path d=\"M1468 380q28 28 48 76t20 88v1152q0 40-28 68t-68 28H96q-40 0-68-28t-28-68V96q0-40 28-68T96 0h896q40 0 88 20t76 48zm-444-244v376h376q-10-29-22-41l-313-313q-12-12-41-22zm384 1528V640H992q-40 0-68-28t-28-68V128H128v1536h1280z\"><\/path>\n    <\/svg><\/span><\/div> <span class=\"list-text d-block\"><span>2022\/T002 &#8211; Arr\u00eat\u00e9 municipal pronon\u00e7ant la r\u00e9ouverture totale des \u00e9tablissements recevant du public ferm\u00e9s \u00e0 partir du 23\/12\/2021<\/span><\/span>\n                                <\/div>\n                              <\/a>\n                              <div class=\"list-container-divider d-flex justify-content-lg-start justify-content-md-start justify-content-start\">\n                                <!---->\n                              <\/div>\n                            <\/li>\n                            <li class=\"list-item no-gutters\">\n                              <!---->\n                              <!---->\n                              <a href=\"https:\/\/cussac87.com\/wp-content\/uploads\/2022\/09\/Arrete_2022T001.pdf\" data-fancybox=\"section-group-fUaeMuUY8VhCMDHYqJAU1V\" h-use-smooth-scroll=\"true\" class=\"item-link no-gutters\">\n                                <div class=\"d-flex h-col no-gutters align-items-lg-center align-items-md-center align-items-center list-item-text-wrapper\">\n                                  <div class=\"d-flex\"><span class=\"h-svg-icon style-3073-icon style-local-8822-c11-icon\"><!--Icon by Font Awesome (https:\/\/fontawesome.com)-->\n    <svg version=\"1.1\" xmlns=\"http:\/\/www.w3.org\/2000\/svg\" xmlns:xlink=\"http:\/\/www.w3.org\/1999\/xlink\" id=\"file-o\" viewBox=\"0 0 1611.2499 1896.0833\">\n      <path d=\"M1468 380q28 28 48 76t20 88v1152q0 40-28 68t-68 28H96q-40 0-68-28t-28-68V96q0-40 28-68T96 0h896q40 0 88 20t76 48zm-444-244v376h376q-10-29-22-41l-313-313q-12-12-41-22zm384 1528V640H992q-40 0-68-28t-28-68V128H128v1536h1280z\"><\/path>\n    <\/svg><\/span><\/div> <span class=\"list-text d-block\"><span>2022\/T001 &#8211; Arr\u00eat\u00e9 municipal pronon\u00e7ant la r\u00e9ouverture partielle des \u00e9tablissements recevant du public ferm\u00e9s \u00e0 partir du 23\/12\/2021<\/span><\/span>\n                                <\/div>\n                              <\/a>\n                              <div class=\"list-container-divider d-flex justify-content-lg-start justify-content-md-start justify-content-start\" style=\"display: none;\">\n                                <!---->\n                              <\/div>\n                              <div class=\"list-container-divider d-flex justify-content-lg-start justify-content-md-start justify-content-start last-el-spacer\"><\/div>\n                            <\/li>\n                          <\/ul>\n                        <\/div>\n                      <\/div>\n                    <\/div>\n                  <\/div>\n                <\/div>\n              <\/div>\n            <\/div>\n          <\/div>\n        <\/div>\n      <\/div>\n    <\/div>\n  <\/div>\n<\/div>","protected":false},"excerpt":{"rendered":"<p>2023 2023\/P004 &#8211; Arr\u00eat\u00e9 municipal permanent portant interdiction de stationnement, rue du 8 mai 1945 2022 2022\/P006 &#8211; Arr\u00eat\u00e9 municipal de circulation et de stationnement place de la mairie sur a RD22 \u00e0 l&rsquo;occasion des c\u00e9r\u00e9monies du 8 mai et du 11 novembre 2022\/P005 &#8211; Arr\u00eat\u00e9 municipal portant autorisation d&rsquo;ouverture de l&rsquo;\u00e9tablissement recevant du public [&hellip;]<\/p>\n","protected":false},"author":1,"featured_media":2423,"parent":0,"menu_order":0,"comment_status":"closed","ping_status":"closed","template":"page-templates\/full-width-page.php","meta":{"footnotes":""},"jetpack_sharing_enabled":true,"featured_image_src":"https:\/\/cussac87.com\/wp-content\/uploads\/2021\/05\/compte_rendu-600x280.jpg","featured_image_src_square":"https:\/\/cussac87.com\/wp-content\/uploads\/2021\/05\/compte_rendu-600x280.jpg","_links":{"self":[{"href":"https:\/\/cussac87.com\/index.php\/wp-json\/wp\/v2\/pages\/8822"}],"collection":[{"href":"https:\/\/cussac87.com\/index.php\/wp-json\/wp\/v2\/pages"}],"about":[{"href":"https:\/\/cussac87.com\/index.php\/wp-json\/wp\/v2\/types\/page"}],"author":[{"embeddable":true,"href":"https:\/\/cussac87.com\/index.php\/wp-json\/wp\/v2\/users\/1"}],"replies":[{"embeddable":true,"href":"https:\/\/cussac87.com\/index.php\/wp-json\/wp\/v2\/comments?post=8822"}],"version-history":[{"count":8,"href":"https:\/\/cussac87.com\/index.php\/wp-json\/wp\/v2\/pages\/8822\/revisions"}],"predecessor-version":[{"id":11396,"href":"https:\/\/cussac87.com\/index.php\/wp-json\/wp\/v2\/pages\/8822\/revisions\/11396"}],"wp:featuredmedia":[{"embeddable":true,"href":"https:\/\/cussac87.com\/index.php\/wp-json\/wp\/v2\/media\/2423"}],"wp:attachment":[{"href":"https:\/\/cussac87.com\/index.php\/wp-json\/wp\/v2\/media?parent=8822"}],"curies":[{"name":"wp","href":"https:\/\/api.w.org\/{rel}","templated":true}]}}