{"id":8487,"date":"2022-07-28T09:03:38","date_gmt":"2022-07-28T07:03:38","guid":{"rendered":"https:\/\/cussac87.com\/?page_id=8487"},"modified":"2023-05-01T21:50:46","modified_gmt":"2023-05-01T19:50:46","slug":"decisions-du-maire","status":"publish","type":"page","link":"https:\/\/cussac87.com\/index.php\/decisions-du-maire\/","title":{"rendered":"D\u00e9cisions du Maire"},"content":{"rendered":"<div data-colibri-id=\"8487-c1\" class=\"style-3033 style-local-8487-c1 position-relative\">\n  <!---->\n  <div data-colibri-component=\"section\" data-colibri-id=\"8487-c2\" id=\"blank\" class=\"h-section h-section-global-spacing d-flex align-items-lg-center align-items-md-center align-items-center style-3034 style-local-8487-c2 position-relative\">\n    <!---->\n    <!---->\n    <div class=\"h-section-grid-container h-section-boxed-container\">\n      <!---->\n      <div data-colibri-id=\"8487-c3\" class=\"h-row-container gutters-row-lg-2 gutters-row-md-2 gutters-row-0 gutters-row-v-lg-2 gutters-row-v-md-2 gutters-row-v-2 style-3035 style-local-8487-c3 position-relative\">\n        <!---->\n        <div class=\"h-row justify-content-lg-center justify-content-md-center justify-content-center align-items-lg-start align-items-md-start align-items-start gutters-col-lg-2 gutters-col-md-2 gutters-col-0 gutters-col-v-lg-2 gutters-col-v-md-2 gutters-col-v-2\">\n          <!---->\n          <div class=\"h-column h-column-container d-flex h-col-lg-auto h-col-md-auto h-col-auto align-self-lg-start align-self-md-start align-self-start style-3036-outer style-local-8487-c4-outer\">\n            <div data-colibri-id=\"8487-c4\" class=\"d-flex h-flex-basis h-column__inner h-px-lg-2 h-px-md-2 h-px-2 v-inner-lg-2 v-inner-md-2 v-inner-2 style-3036 style-local-8487-c4 position-relative\">\n              <!---->\n              <!---->\n              <div class=\"w-100 h-y-container h-column__content h-column__v-align flex-basis-100 align-self-lg-start align-self-md-start align-self-start\">\n                <!---->\n                <div data-toggle=\"true\" data-is-preview=\"true\" data-colibri-component=\"accordion\" data-colibri-id=\"8487-c5\" class=\"h-accordion style-3037 style-local-8487-c5 position-relative h-element\">\n                  <!---->\n                  <div data-colibri-id=\"8487-c6\" class=\"h-accordion-item h-accordion-item-first-child style-3038 style-local-8487-c6 position-relative h-element\">\n                    <!---->\n                    <a data-open-by-default=\"true\" href=\"#8487-c6\" class=\"h-accordion-item-title d-flex align-items-center h-global-transition\">\n                      <!----><span>2023<\/span>\n                      <div class=\"h-accordion-item-title-normal-icon h-accordion-item-title-icon h-accordion-item-title-icon-right\"><span class=\"h-svg-icon\"><!--Icon by Icons8 Line Awesome (https:\/\/icons8.com\/line-awesome)--><svg version=\"1.1\" xmlns=\"http:\/\/www.w3.org\/2000\/svg\" xmlns:xlink=\"http:\/\/www.w3.org\/1999\/xlink\" id=\"plus\" viewBox=\"0 0 512 545.5\"><path d=\"M240 112h32v160h160v32H272v160h-32V304H80v-32h160V112z\"><\/path><\/svg><\/span><\/div>\n                      <div class=\"h-accordion-item-title-active-icon h-accordion-item-title-icon h-accordion-item-title-icon-right\"><span class=\"h-svg-icon\"><!--Icon by Icons8 Line Awesome (https:\/\/icons8.com\/line-awesome)--><svg version=\"1.1\" xmlns=\"http:\/\/www.w3.org\/2000\/svg\" xmlns:xlink=\"http:\/\/www.w3.org\/1999\/xlink\" id=\"minus\" viewBox=\"0 0 512 545.5\"><path d=\"M80 272h352v32H80v-32z\"><\/path><\/svg><\/span><\/div>\n                    <\/a>\n                    <div id=\"8487-c6\" class=\"h-accordion-item-content__container\">\n                      <div class=\"w-100 h-y-container h-accordion-item-content\">\n                        <!---->\n                        <div data-colibri-id=\"8487-c7\" class=\"icon-list d-flex justify-content-lg-start justify-content-md-start justify-content-start style-3050 style-local-8487-c7 position-relative h-element\">\n                          <!---->\n                          <ul class=\"ul-list-icon vertical-on-desktop vertical-on-tablet vertical-on-mobile justify-content-lg-start justify-content-md-start justify-content-start\">\n                            <!---->\n                            <li class=\"list-item no-gutters\">\n                              <!---->\n                              <div class=\"list-container-divider d-flex justify-content-lg-start justify-content-md-start justify-content-start first-el-spacer\"><\/div>\n                              <a href=\"https:\/\/cussac87.com\/wp-content\/uploads\/2023\/05\/Decision_2023_001.pdf\" data-fancybox=\"section-group-fUaeMuUY8VhCMDHYqJAU1V\" h-use-smooth-scroll=\"true\" class=\"item-link no-gutters\">\n                                <div class=\"d-flex h-col no-gutters align-items-lg-center align-items-md-center align-items-center list-item-text-wrapper\">\n                                  <div class=\"d-flex\"><span class=\"h-svg-icon style-3050-icon style-local-8487-c7-icon\"><!--Icon by Font Awesome (https:\/\/fontawesome.com)-->\n    <svg version=\"1.1\" xmlns=\"http:\/\/www.w3.org\/2000\/svg\" xmlns:xlink=\"http:\/\/www.w3.org\/1999\/xlink\" id=\"file-o\" viewBox=\"0 0 1611.2499 1896.0833\">\n      <path d=\"M1468 380q28 28 48 76t20 88v1152q0 40-28 68t-68 28H96q-40 0-68-28t-28-68V96q0-40 28-68T96 0h896q40 0 88 20t76 48zm-444-244v376h376q-10-29-22-41l-313-313q-12-12-41-22zm384 1528V640H992q-40 0-68-28t-28-68V128H128v1536h1280z\"><\/path>\n    <\/svg><\/span><\/div> <span class=\"list-text d-block\"><span>2023\/001 &#8211; Acquisition de fauteuils de bureau pour le secr\u00e9tariat<\/span><\/span>\n                                <\/div>\n                              <\/a>\n                              <div class=\"list-container-divider d-flex justify-content-lg-start justify-content-md-start justify-content-start\" style=\"display: none;\">\n                                <!---->\n                              <\/div>\n                              <div class=\"list-container-divider d-flex justify-content-lg-start justify-content-md-start justify-content-start last-el-spacer\"><\/div>\n                            <\/li>\n                          <\/ul>\n                        <\/div>\n                      <\/div>\n                    <\/div>\n                  <\/div>\n                  <div data-colibri-id=\"8487-c12\" class=\"h-accordion-item style-3107 style-local-8487-c12 position-relative h-element\">\n                    <!---->\n                    <a data-open-by-default=\"false\" href=\"#8487-c12\" class=\"h-accordion-item-title d-flex align-items-center h-global-transition\">\n                      <!----><span>2022<\/span>\n                      <div class=\"h-accordion-item-title-normal-icon h-accordion-item-title-icon h-accordion-item-title-icon-right\"><span class=\"h-svg-icon\"><!--Icon by Icons8 Line Awesome (https:\/\/icons8.com\/line-awesome)--><svg version=\"1.1\" xmlns=\"http:\/\/www.w3.org\/2000\/svg\" xmlns:xlink=\"http:\/\/www.w3.org\/1999\/xlink\" id=\"plus\" viewBox=\"0 0 512 545.5\"><path d=\"M240 112h32v160h160v32H272v160h-32V304H80v-32h160V112z\"><\/path><\/svg><\/span><\/div>\n                      <div class=\"h-accordion-item-title-active-icon h-accordion-item-title-icon h-accordion-item-title-icon-right\"><span class=\"h-svg-icon\"><!--Icon by Icons8 Line Awesome (https:\/\/icons8.com\/line-awesome)--><svg version=\"1.1\" xmlns=\"http:\/\/www.w3.org\/2000\/svg\" xmlns:xlink=\"http:\/\/www.w3.org\/1999\/xlink\" id=\"minus\" viewBox=\"0 0 512 545.5\"><path d=\"M80 272h352v32H80v-32z\"><\/path><\/svg><\/span><\/div>\n                    <\/a>\n                    <div id=\"8487-c12\" class=\"h-accordion-item-content__container\">\n                      <div class=\"w-100 h-y-container h-accordion-item-content\">\n                        <!---->\n                        <div data-colibri-id=\"8487-c13\" class=\"icon-list d-flex justify-content-lg-start justify-content-md-start justify-content-start style-3108 style-local-8487-c13 position-relative h-element\">\n                          <!---->\n                          <ul class=\"ul-list-icon vertical-on-desktop vertical-on-tablet vertical-on-mobile justify-content-lg-start justify-content-md-start justify-content-start\">\n                            <!---->\n                            <li class=\"list-item no-gutters\">\n                              <!---->\n                              <div class=\"list-container-divider d-flex justify-content-lg-start justify-content-md-start justify-content-start first-el-spacer\"><\/div>\n                              <a href=\"https:\/\/cussac87.com\/wp-content\/uploads\/2022\/11\/D2022026.pdf\" h-use-smooth-scroll=\"true\" class=\"item-link no-gutters\">\n                                <div class=\"d-flex h-col no-gutters align-items-lg-center align-items-md-center align-items-center list-item-text-wrapper\">\n                                  <div class=\"d-flex\"><span class=\"h-svg-icon style-3108-icon style-local-8487-c13-icon\"><!--Icon by Font Awesome (https:\/\/fontawesome.com)-->\n    <svg version=\"1.1\" xmlns=\"http:\/\/www.w3.org\/2000\/svg\" xmlns:xlink=\"http:\/\/www.w3.org\/1999\/xlink\" id=\"file-o\" viewBox=\"0 0 1611.2499 1896.0833\">\n      <path d=\"M1468 380q28 28 48 76t20 88v1152q0 40-28 68t-68 28H96q-40 0-68-28t-28-68V96q0-40 28-68T96 0h896q40 0 88 20t76 48zm-444-244v376h376q-10-29-22-41l-313-313q-12-12-41-22zm384 1528V640H992q-40 0-68-28t-28-68V128H128v1536h1280z\"><\/path>\n    <\/svg><\/span><\/div> <span class=\"list-text d-block\"><span>2022\/026 &#8211; Remplacement du portail d&rsquo;entr\u00e9e principale de l&rsquo;\u00e9cole maternelle<\/span><\/span>\n                                <\/div>\n                              <\/a>\n                              <div class=\"list-container-divider d-flex justify-content-lg-start justify-content-md-start justify-content-start\">\n                                <!---->\n                              <\/div>\n                            <\/li>\n                            <li class=\"list-item no-gutters\">\n                              <!---->\n                              <!---->\n                              <a href=\"https:\/\/cussac87.com\/wp-content\/uploads\/2022\/11\/D2022025.pdf\" h-use-smooth-scroll=\"true\" class=\"item-link no-gutters\">\n                                <div class=\"d-flex h-col no-gutters align-items-lg-center align-items-md-center align-items-center list-item-text-wrapper\">\n                                  <div class=\"d-flex\"><span class=\"h-svg-icon style-3108-icon style-local-8487-c13-icon\"><!--Icon by Font Awesome (https:\/\/fontawesome.com)-->\n    <svg version=\"1.1\" xmlns=\"http:\/\/www.w3.org\/2000\/svg\" xmlns:xlink=\"http:\/\/www.w3.org\/1999\/xlink\" id=\"file-o\" viewBox=\"0 0 1611.2499 1896.0833\">\n      <path d=\"M1468 380q28 28 48 76t20 88v1152q0 40-28 68t-68 28H96q-40 0-68-28t-28-68V96q0-40 28-68T96 0h896q40 0 88 20t76 48zm-444-244v376h376q-10-29-22-41l-313-313q-12-12-41-22zm384 1528V640H992q-40 0-68-28t-28-68V128H128v1536h1280z\"><\/path>\n    <\/svg><\/span><\/div> <span class=\"list-text d-block\"><span>2022\/025 &#8211; Renforcement de la cl\u00f4ture de l&rsquo;\u00e9cole maternelle<\/span><\/span>\n                                <\/div>\n                              <\/a>\n                              <div class=\"list-container-divider d-flex justify-content-lg-start justify-content-md-start justify-content-start\">\n                                <!---->\n                              <\/div>\n                            <\/li>\n                            <li class=\"list-item no-gutters\">\n                              <!---->\n                              <!---->\n                              <a href=\"https:\/\/cussac87.com\/wp-content\/uploads\/2022\/11\/D2022024.pdf\" h-use-smooth-scroll=\"true\" class=\"item-link no-gutters\">\n                                <div class=\"d-flex h-col no-gutters align-items-lg-center align-items-md-center align-items-center list-item-text-wrapper\">\n                                  <div class=\"d-flex\"><span class=\"h-svg-icon style-3108-icon style-local-8487-c13-icon\"><!--Icon by Font Awesome (https:\/\/fontawesome.com)-->\n    <svg version=\"1.1\" xmlns=\"http:\/\/www.w3.org\/2000\/svg\" xmlns:xlink=\"http:\/\/www.w3.org\/1999\/xlink\" id=\"file-o\" viewBox=\"0 0 1611.2499 1896.0833\">\n      <path d=\"M1468 380q28 28 48 76t20 88v1152q0 40-28 68t-68 28H96q-40 0-68-28t-28-68V96q0-40 28-68T96 0h896q40 0 88 20t76 48zm-444-244v376h376q-10-29-22-41l-313-313q-12-12-41-22zm384 1528V640H992q-40 0-68-28t-28-68V128H128v1536h1280z\"><\/path>\n    <\/svg><\/span><\/div> <span class=\"list-text d-block\"><span>2022\/024 &#8211; Acquisition d&rsquo;un compresseur pour l&rsquo;atelier municipal<\/span><\/span>\n                                <\/div>\n                              <\/a>\n                              <div class=\"list-container-divider d-flex justify-content-lg-start justify-content-md-start justify-content-start\">\n                                <!---->\n                              <\/div>\n                            <\/li>\n                            <li class=\"list-item no-gutters\">\n                              <!---->\n                              <!---->\n                              <a href=\"https:\/\/cussac87.com\/wp-content\/uploads\/2022\/11\/D2022023.pdf\" h-use-smooth-scroll=\"true\" class=\"item-link no-gutters\">\n                                <div class=\"d-flex h-col no-gutters align-items-lg-center align-items-md-center align-items-center list-item-text-wrapper\">\n                                  <div class=\"d-flex\"><span class=\"h-svg-icon style-3108-icon style-local-8487-c13-icon\"><!--Icon by Font Awesome (https:\/\/fontawesome.com)-->\n    <svg version=\"1.1\" xmlns=\"http:\/\/www.w3.org\/2000\/svg\" xmlns:xlink=\"http:\/\/www.w3.org\/1999\/xlink\" id=\"file-o\" viewBox=\"0 0 1611.2499 1896.0833\">\n      <path d=\"M1468 380q28 28 48 76t20 88v1152q0 40-28 68t-68 28H96q-40 0-68-28t-28-68V96q0-40 28-68T96 0h896q40 0 88 20t76 48zm-444-244v376h376q-10-29-22-41l-313-313q-12-12-41-22zm384 1528V640H992q-40 0-68-28t-28-68V128H128v1536h1280z\"><\/path>\n    <\/svg><\/span><\/div> <span class=\"list-text d-block\"><span>2022\/023 &#8211; Acquisition d&rsquo;\u00e9quipements informatiques pour les \u00e9cole primaire et maternelle<\/span><\/span>\n                                <\/div>\n                              <\/a>\n                              <div class=\"list-container-divider d-flex justify-content-lg-start justify-content-md-start justify-content-start\">\n                                <!---->\n                              <\/div>\n                            <\/li>\n                            <li class=\"list-item no-gutters\">\n                              <!---->\n                              <!---->\n                              <a href=\"https:\/\/cussac87.com\/wp-content\/uploads\/2022\/11\/D2020022.pdf\" h-use-smooth-scroll=\"true\" class=\"item-link no-gutters\">\n                                <div class=\"d-flex h-col no-gutters align-items-lg-center align-items-md-center align-items-center list-item-text-wrapper\">\n                                  <div class=\"d-flex\"><span class=\"h-svg-icon style-3108-icon style-local-8487-c13-icon\"><!--Icon by Font Awesome (https:\/\/fontawesome.com)-->\n    <svg version=\"1.1\" xmlns=\"http:\/\/www.w3.org\/2000\/svg\" xmlns:xlink=\"http:\/\/www.w3.org\/1999\/xlink\" id=\"file-o\" viewBox=\"0 0 1611.2499 1896.0833\">\n      <path d=\"M1468 380q28 28 48 76t20 88v1152q0 40-28 68t-68 28H96q-40 0-68-28t-28-68V96q0-40 28-68T96 0h896q40 0 88 20t76 48zm-444-244v376h376q-10-29-22-41l-313-313q-12-12-41-22zm384 1528V640H992q-40 0-68-28t-28-68V128H128v1536h1280z\"><\/path>\n    <\/svg><\/span><\/div> <span class=\"list-text d-block\"><span>2022\/022 &#8211; Acquisition d&rsquo;un \u00e9cran num\u00e9rique pour l&rsquo;\u00e9cole primaire (Classe CM1-CM2)<\/span><\/span>\n                                <\/div>\n                              <\/a>\n                              <div class=\"list-container-divider d-flex justify-content-lg-start justify-content-md-start justify-content-start\">\n                                <!---->\n                              <\/div>\n                            <\/li>\n                            <li class=\"list-item no-gutters\">\n                              <!---->\n                              <!---->\n                              <a href=\"https:\/\/cussac87.com\/wp-content\/uploads\/2022\/08\/Decision-du-Maire-Aspirateur.pdf\" data-fancybox=\"section-group-fUaeMuUY8VhCMDHYqJAU1V\" h-use-smooth-scroll=\"true\" class=\"item-link no-gutters\">\n                                <div class=\"d-flex h-col no-gutters align-items-lg-center align-items-md-center align-items-center list-item-text-wrapper\">\n                                  <div class=\"d-flex\"><span class=\"h-svg-icon style-3108-icon style-local-8487-c13-icon\"><!--Icon by Font Awesome (https:\/\/fontawesome.com)-->\n    <svg version=\"1.1\" xmlns=\"http:\/\/www.w3.org\/2000\/svg\" xmlns:xlink=\"http:\/\/www.w3.org\/1999\/xlink\" id=\"file-o\" viewBox=\"0 0 1611.2499 1896.0833\">\n      <path d=\"M1468 380q28 28 48 76t20 88v1152q0 40-28 68t-68 28H96q-40 0-68-28t-28-68V96q0-40 28-68T96 0h896q40 0 88 20t76 48zm-444-244v376h376q-10-29-22-41l-313-313q-12-12-41-22zm384 1528V640H992q-40 0-68-28t-28-68V128H128v1536h1280z\"><\/path>\n    <\/svg><\/span><\/div> <span class=\"list-text d-block\"><span>2022\/021 &#8211; Acquisition d&rsquo;un aspirateur professionnel NILFISK pour l&rsquo;\u00e9cole primaire de Cussac<\/span><\/span>\n                                <\/div>\n                              <\/a>\n                              <div class=\"list-container-divider d-flex justify-content-lg-start justify-content-md-start justify-content-start\">\n                                <!---->\n                              <\/div>\n                            <\/li>\n                            <li class=\"list-item no-gutters\">\n                              <!---->\n                              <!---->\n                              <a href=\"https:\/\/cussac87.com\/wp-content\/uploads\/2022\/08\/Decision-du-Maire-2022-020-du-21-Juillet-2022.pdf\" data-fancybox=\"section-group-fUaeMuUY8VhCMDHYqJAU1V\" h-use-smooth-scroll=\"true\" class=\"item-link no-gutters\">\n                                <div class=\"d-flex h-col no-gutters align-items-lg-center align-items-md-center align-items-center list-item-text-wrapper\">\n                                  <div class=\"d-flex\"><span class=\"h-svg-icon style-3108-icon style-local-8487-c13-icon\"><!--Icon by Font Awesome (https:\/\/fontawesome.com)-->\n    <svg version=\"1.1\" xmlns=\"http:\/\/www.w3.org\/2000\/svg\" xmlns:xlink=\"http:\/\/www.w3.org\/1999\/xlink\" id=\"file-o\" viewBox=\"0 0 1611.2499 1896.0833\">\n      <path d=\"M1468 380q28 28 48 76t20 88v1152q0 40-28 68t-68 28H96q-40 0-68-28t-28-68V96q0-40 28-68T96 0h896q40 0 88 20t76 48zm-444-244v376h376q-10-29-22-41l-313-313q-12-12-41-22zm384 1528V640H992q-40 0-68-28t-28-68V128H128v1536h1280z\"><\/path>\n    <\/svg><\/span><\/div> <span class=\"list-text d-block\"><span>2022\/020 &#8211; Acquisition d&rsquo;un coffret int\u00e9rieur ARKY blanche pour un d\u00e9fibrillateur install\u00e9 \u00e0 la maison m\u00e9dicale de Cussac <\/span><\/span>\n                                <\/div>\n                              <\/a>\n                              <div class=\"list-container-divider d-flex justify-content-lg-start justify-content-md-start justify-content-start\">\n                                <!---->\n                              <\/div>\n                            <\/li>\n                            <li class=\"list-item no-gutters\">\n                              <!---->\n                              <!---->\n                              <a href=\"https:\/\/cussac87.com\/wp-content\/uploads\/2022\/07\/Decision-du-Maire-du-15-Juin-2022.pdf\" data-fancybox=\"section-group-fUaeMuUY8VhCMDHYqJAU1V\" h-use-smooth-scroll=\"true\" class=\"item-link no-gutters\">\n                                <div class=\"d-flex h-col no-gutters align-items-lg-center align-items-md-center align-items-center list-item-text-wrapper\">\n                                  <div class=\"d-flex\"><span class=\"h-svg-icon style-3108-icon style-local-8487-c13-icon\"><!--Icon by Font Awesome (https:\/\/fontawesome.com)-->\n    <svg version=\"1.1\" xmlns=\"http:\/\/www.w3.org\/2000\/svg\" xmlns:xlink=\"http:\/\/www.w3.org\/1999\/xlink\" id=\"file-o\" viewBox=\"0 0 1611.2499 1896.0833\">\n      <path d=\"M1468 380q28 28 48 76t20 88v1152q0 40-28 68t-68 28H96q-40 0-68-28t-28-68V96q0-40 28-68T96 0h896q40 0 88 20t76 48zm-444-244v376h376q-10-29-22-41l-313-313q-12-12-41-22zm384 1528V640H992q-40 0-68-28t-28-68V128H128v1536h1280z\"><\/path>\n    <\/svg><\/span><\/div> <span class=\"list-text d-block\"><span>2022\/019 &#8211; Acquisition d&rsquo;un nouveau coffret AIVIA pour un d\u00e9fibrillateur au lieu-dit Le Chapiteau de la Fontanelle &#8211; Salle des f\u00eates de Cussac<\/span><\/span>\n                                <\/div>\n                              <\/a>\n                              <div class=\"list-container-divider d-flex justify-content-lg-start justify-content-md-start justify-content-start\" style=\"display: none;\">\n                                <!---->\n                              <\/div>\n                              <div class=\"list-container-divider d-flex justify-content-lg-start justify-content-md-start justify-content-start last-el-spacer\"><\/div>\n                            <\/li>\n                          <\/ul>\n                        <\/div>\n                      <\/div>\n                    <\/div>\n                  <\/div>\n                <\/div>\n              <\/div>\n            <\/div>\n          <\/div>\n        <\/div>\n      <\/div>\n    <\/div>\n  <\/div>\n<\/div>","protected":false},"excerpt":{"rendered":"<p>2023 2023\/001 &#8211; Acquisition de fauteuils de bureau pour le secr\u00e9tariat 2022 2022\/026 &#8211; Remplacement du portail d&rsquo;entr\u00e9e principale de l&rsquo;\u00e9cole maternelle 2022\/025 &#8211; Renforcement de la cl\u00f4ture de l&rsquo;\u00e9cole maternelle 2022\/024 &#8211; Acquisition d&rsquo;un compresseur pour l&rsquo;atelier municipal 2022\/023 &#8211; Acquisition d&rsquo;\u00e9quipements informatiques pour les \u00e9cole primaire et maternelle 2022\/022 &#8211; Acquisition d&rsquo;un \u00e9cran [&hellip;]<\/p>\n","protected":false},"author":1,"featured_media":2423,"parent":0,"menu_order":0,"comment_status":"closed","ping_status":"closed","template":"page-templates\/full-width-page.php","meta":{"footnotes":""},"jetpack_sharing_enabled":true,"featured_image_src":"https:\/\/cussac87.com\/wp-content\/uploads\/2021\/05\/compte_rendu-600x280.jpg","featured_image_src_square":"https:\/\/cussac87.com\/wp-content\/uploads\/2021\/05\/compte_rendu-600x280.jpg","_links":{"self":[{"href":"https:\/\/cussac87.com\/index.php\/wp-json\/wp\/v2\/pages\/8487"}],"collection":[{"href":"https:\/\/cussac87.com\/index.php\/wp-json\/wp\/v2\/pages"}],"about":[{"href":"https:\/\/cussac87.com\/index.php\/wp-json\/wp\/v2\/types\/page"}],"author":[{"embeddable":true,"href":"https:\/\/cussac87.com\/index.php\/wp-json\/wp\/v2\/users\/1"}],"replies":[{"embeddable":true,"href":"https:\/\/cussac87.com\/index.php\/wp-json\/wp\/v2\/comments?post=8487"}],"version-history":[{"count":12,"href":"https:\/\/cussac87.com\/index.php\/wp-json\/wp\/v2\/pages\/8487\/revisions"}],"predecessor-version":[{"id":10626,"href":"https:\/\/cussac87.com\/index.php\/wp-json\/wp\/v2\/pages\/8487\/revisions\/10626"}],"wp:featuredmedia":[{"embeddable":true,"href":"https:\/\/cussac87.com\/index.php\/wp-json\/wp\/v2\/media\/2423"}],"wp:attachment":[{"href":"https:\/\/cussac87.com\/index.php\/wp-json\/wp\/v2\/media?parent=8487"}],"curies":[{"name":"wp","href":"https:\/\/api.w.org\/{rel}","templated":true}]}}