{"id":7541,"date":"2022-03-31T23:55:51","date_gmt":"2022-03-31T21:55:51","guid":{"rendered":"https:\/\/cussac87.com\/?page_id=7541"},"modified":"2022-04-01T00:04:53","modified_gmt":"2022-03-31T22:04:53","slug":"elections-2022","status":"publish","type":"page","link":"https:\/\/cussac87.com\/index.php\/elections-2022\/","title":{"rendered":"\u00c9lections 2022"},"content":{"rendered":"<div data-colibri-id=\"7541-c1\" class=\"style-2848 style-local-7541-c1 position-relative\">\n  <!---->\n  <div data-colibri-component=\"section\" data-colibri-id=\"7541-c6\" id=\"custom\" class=\"h-section h-section-global-spacing d-flex align-items-lg-center align-items-md-center align-items-center style-2853 style-local-7541-c6 position-relative\">\n    <!---->\n    <!---->\n    <div class=\"h-section-grid-container h-section-boxed-container\">\n      <!---->\n      <div data-colibri-id=\"7541-c9\" class=\"h-row-container gutters-row-lg-2 gutters-row-md-2 gutters-row-0 gutters-row-v-lg-2 gutters-row-v-md-2 gutters-row-v-2 style-2856 style-local-7541-c9 position-relative\">\n        <!---->\n        <div class=\"h-row justify-content-lg-center justify-content-md-center justify-content-center align-items-lg-stretch align-items-md-stretch align-items-stretch gutters-col-lg-2 gutters-col-md-2 gutters-col-0 gutters-col-v-lg-2 gutters-col-v-md-2 gutters-col-v-2\">\n          <!---->\n          <div class=\"h-column h-column-container d-flex h-col-lg-auto h-col-md-auto h-col-auto style-2857-outer style-local-7541-c10-outer\">\n            <div data-colibri-id=\"7541-c10\" class=\"d-flex h-flex-basis h-column__inner h-px-lg-2 h-px-md-2 h-px-2 v-inner-lg-2 v-inner-md-2 v-inner-2 style-2857 style-local-7541-c10 position-relative\">\n              <!---->\n              <!---->\n              <div class=\"w-100 h-y-container h-column__content h-column__v-align flex-basis-100 align-self-lg-start align-self-md-start align-self-start\">\n                <!---->\n                <div data-colibri-id=\"7541-c12\" class=\"h-lead h-text h-text-component style-2859 style-local-7541-c12 position-relative h-element\">\n                  <!---->\n                  <!---->\n                  <div class=\"\">\n                    <p>Les prochaines <strong>\u00e9lections pr\u00e9sidentielles<\/strong> auront lieu les <strong>dimanches 10 avril et 24 avri<\/strong>l.<\/p>\n                    <p>Le bureau de vote sera ouvert de 8h \u00e0 19h au Chapiteau de la Fontanelle.\n                      <br>L&rsquo;affichage des candidats se trouve sur le parking du Chapiteau de la Fontanelle<\/p>\n                  <\/div>\n                <\/div>\n                <div data-colibri-id=\"7541-c11\" class=\"h-lead h-text h-text-component style-2858 style-local-7541-c11 position-relative h-element\">\n                  <!---->\n                  <!---->\n                  <div class=\"\">\n                    <p>\n                      <br>\n                    <\/p>\n                    <p><strong>Procurations de vote<\/strong>\n                      <br>Depuis le 1er&nbsp;janvier&nbsp;2022, le vote par procuration a \u00e9t\u00e9 assoupli et r\u00e9pond \u00e0 de nouvelles r\u00e8gles. Un \u00e9lecteur peut d\u00e9sormais donner procuration \u00e0 l&rsquo;\u00e9lecteur de son choix m\u00eame s&rsquo;il n&rsquo;est pas inscrit dans la m\u00eame commune.\n                      Toutefois, la personne d\u00e9sign\u00e9e pour voter \u00e0 votre place (mandataire) devra toujours voter dans le bureau de vote o\u00f9 vous \u00eates inscrit.<\/p>\n                    <p>Pour \u00e9tablir votre procuration, vous pouvez utiliser la nouvelle version du t\u00e9l\u00e9service de demande de procuration en ligne.<\/p>\n                    <p>La suppression de la condition d&rsquo;attache du mandant et du mandataire dans la m\u00eame commune est pr\u00e9vue par la loi du 27&nbsp;d\u00e9cembre&nbsp;2019 relative \u00e0 l&rsquo;engagement dans la vie locale et \u00e0 la proximit\u00e9 de l&rsquo;action publique (article\n                      L. 72).<\/p>\n                    <p><strong>Comment faire la procuration ?<\/strong><\/p>\n                    <p>Vous pouvez \u00e9tablir une procuration de 3&nbsp;mani\u00e8res&nbsp;:<\/p>\n                    <p>En ligne, avec le\n                      <a href=\"https:\/\/www.maprocuration.gouv.fr\" rel=\"noopener noreferrer\" target=\"_blank\" class=\"customize-unpreviewable\">t\u00e9l\u00e9service MaProcuration<\/a> . Apr\u00e8s avoir rempli le formulaire en ligne, vous recevrez une r\u00e9f\u00e9rence d&rsquo;enregistrement \u00ab <em>Maprocuration<\/em> \u00bb. Vous devrez ensuite faire valider votre demande en vous d\u00e9pla\u00e7ant physiquement dans\n                      un commissariat de police, une gendarmerie ou un consulat. Sur place, vous devrez pr\u00e9senter votre r\u00e9f\u00e9rence d&rsquo;enregistrement et votre pi\u00e8ce d&rsquo;identit\u00e9 (\n                      <a href=\"https:\/\/www.service-public.fr\/particuliers\/vosdroits\/F1361\" rel=\"noopener noreferrer\" target=\"_blank\" class=\"customize-unpreviewable\">carte d&rsquo;identit\u00e9, passeport&#8230;<\/a> ). Vous recevrez un courriel de votre mairie vous informant que votre procuration est bien enregistr\u00e9e, quelques minutes apr\u00e8s la v\u00e9rification de votre identit\u00e9.Avec le\n                      <a href=\"https:\/\/www.service-public.fr\/particuliers\/vosdroits\/R12675\" rel=\"noopener noreferrer\" target=\"_blank\" class=\"customize-unpreviewable\">formulaire disponible sur internet<\/a> . Vous devez le remplir et l&rsquo;imprimer. Ensuite, vous devrez obligatoirement aller en personne dans un commissariat de police, une gendarmerie, le tribunal judiciaire de votre lieu de travail\n                      ou de r\u00e9sidence ou un consulat. Vous devrez remettre votre formulaire et pr\u00e9senter votre pi\u00e8ce d&rsquo;identit\u00e9 (\n                      <a href=\"https:\/\/www.service-public.fr\/particuliers\/vosdroits\/F1361\" rel=\"noopener noreferrer\" target=\"_blank\" class=\"customize-unpreviewable\">carte d&rsquo;identit\u00e9, passeport&#8230;<\/a> ).Avec le formulaire (Cerfa n\u00b0 12668*03) disponible au commissariat, \u00e0 la gendarmerie, au tribunal ou au consulat. Vous devrez le remplir \u00e0 la main sur place et pr\u00e9senter en personne votre pi\u00e8ce\n                      d&rsquo;identit\u00e9 (\n                      <a href=\"https:\/\/www.service-public.fr\/particuliers\/vosdroits\/F1361\" rel=\"noopener noreferrer\" target=\"_blank\" class=\"customize-unpreviewable\">carte d&rsquo;identit\u00e9, passeport&#8230;<\/a> ).<\/p>\n                    <p><strong>Attention :&nbsp;<\/strong><em>pour \u00e9tablir la procuration, vous devez renseigner le num\u00e9ro national d&rsquo;\u00e9lecteur et la date de naissance de la personne \u00e0 qui vous donnez procuration (mandataire). Si vous faites une demande par formulaire Cerfa, vous devez \u00e9galement renseigner votre propre num\u00e9ro national d&rsquo;\u00e9lecteur. Ce num\u00e9ro est pr\u00e9sent sur votre carte \u00e9lectorale, il peut aussi \u00eatre retrouv\u00e9 sur le service en ligne \u00ab <\/em>\n                      <a href=\"https:\/\/www.service-public.fr\/particuliers\/vosdroits\/services-en-ligne-et-formulaires\/ISE\" rel=\"noopener noreferrer\" target=\"_blank\" class=\"customize-unpreviewable\"><em>Interroger votre situation \u00e9lectorale<\/em><\/a><em> \u00bb disponible sur <\/em>\n                        <a href=\"http:\/\/Service-Public.fr\" target=\"_blank\" class=\"customize-unpreviewable\" rel=\"noopener\"><em>Service-Public.fr<\/em><\/a><em>.<\/em><\/p>\n                    <p><strong>\u00c0 savoir :&nbsp;<\/strong>pour les \u00e9lections pr\u00e9sidentielles et l\u00e9gislatives de&nbsp;2022, un mandataire ne peut d\u00e9tenir qu&rsquo;une seule procuration \u00e9tablie en France.<\/p>\n                    <p>Si vous ne pouvez pas vous rendre au commissariat de police ou \u00e0 la brigade de gendarmerie en raison d&rsquo;une maladie ou d&rsquo;un handicap, vous pouvez demander \u00e0 ce qu&rsquo;un officier de police ou un gendarme se d\u00e9place \u00e0 votre domicile (ou\n                      dans un \u00e9tablissement sp\u00e9cialis\u00e9 comme un Ehpad) pour \u00e9tablir ou r\u00e9silier une procuration. Vous pouvez faire cette demande par courrier, par t\u00e9l\u00e9phone, ou par courriel.<\/p>\n                    <p>Une simple attestation sur l&rsquo;honneur doit \u00eatre pr\u00e9sent\u00e9e. Aucun certificat m\u00e9dical ou autre justificatif \u00e9crit n&rsquo;est exig\u00e9.<\/p>\n                    <p><strong>R\u00e9silier une procuration donn\u00e9e<\/strong>Il est d\u00e9sormais possible de r\u00e9silier une procuration \u00e9tablie sur le t\u00e9l\u00e9service\n                      <a href=\"https:\/\/www.maprocuration.gouv.fr\" rel=\"noopener noreferrer\" target=\"_blank\" class=\"customize-unpreviewable\">Maprocuration<\/a> . Vous devez ensuite vous pr\u00e9senter en personne devant un policier, un gendarme ou un agent du minist\u00e8re des affaires \u00e9trang\u00e8res pour faire valider cette demande de r\u00e9siliation.<\/p>\n                    <p><strong>V\u00e9rifier la procuration donn\u00e9e ou re\u00e7ue<\/strong>Vous pouvez d\u00e9sormais v\u00e9rifier que vous avez donn\u00e9 ou re\u00e7u une procuration sur le service en ligne\n                      <a href=\"https:\/\/www.service-public.fr\/particuliers\/vosdroits\/services-en-ligne-et-formulaires\/ISE\" rel=\"noopener noreferrer\" target=\"_blank\" class=\"customize-unpreviewable\">Interroger votre situation \u00e9lectorale<\/a> . Il vous donne maintenant acc\u00e8s aux donn\u00e9es relatives aux procurations que vous avez donn\u00e9es ou re\u00e7ues.<\/p>\n                    <p><strong>Lancement du portail d\u00e9di\u00e9 aux \u00e9lections en France<\/strong>\u00c0 l&rsquo;approche des \u00e9lections pr\u00e9sidentielle et l\u00e9gislatives de 2022, le minist\u00e8re de l&rsquo;Int\u00e9rieur lance un nouveau portail internet afin d&rsquo;accompagner, \u00e9lecteurs et candidats,\n                      dans les diff\u00e9rentes d\u00e9marches \u00e9lectorales et dans la compr\u00e9hension du r\u00f4le, de la finalit\u00e9 et des r\u00e8gles de l&rsquo;\u00e9lection.<\/p>\n                    <p>Sur le portail\n                      <a href=\"https:\/\/www.elections.interieur.gouv.fr\" rel=\"noopener noreferrer\" target=\"_blank\" class=\"customize-unpreviewable\">elections.interieur.gouv.fr<\/a> , l&rsquo;onglet \u00ab <em>D\u00e9marches<\/em> \u00bb centralise l&rsquo;ensemble des d\u00e9marches relatives aux \u00e9lections en France&nbsp;: inscription ou v\u00e9rification d&rsquo;inscription sur les listes \u00e9lectorales, procurations, informations\n                      sur votre bureau de vote, etc.<\/p>\n                    <p>Les rubriques \u00ab <em>Comprendre les \u00e9lections<\/em> \u00bb et \u00ab <em>Les scrutins<\/em> \u00bb vous apportent des contenus pour comprendre par exemple, le r\u00f4le et la finalit\u00e9 d\u00e9mocratique du vote, comment sont encadr\u00e9es les campagnes \u00e9lectorales,\n                      les diff\u00e9rents types d&rsquo;\u00e9lections organis\u00e9es en France, les modes de scrutin, la comp\u00e9tence des \u00e9lus, etc.<\/p>\n                    <p>Enfin un onglet \u00ab <em>R\u00e9sultats<\/em> \u00bb vous permettra d&rsquo;acc\u00e9der aux r\u00e9sultats en direct des prochaines \u00e9lections. Vous pouvez \u00e9galement consulter les r\u00e9sultats des derni\u00e8res \u00e9lections ou consultations qui ont eu lieu.<\/p>\n                  <\/div>\n                <\/div>\n              <\/div>\n            <\/div>\n          <\/div>\n        <\/div>\n      <\/div>\n      <div data-colibri-id=\"7541-c7\" class=\"h-row-container gutters-row-lg-2 gutters-row-md-2 gutters-row-0 gutters-row-v-lg-2 gutters-row-v-md-2 gutters-row-v-2 style-2854 style-local-7541-c7 position-relative\">\n        <!---->\n        <div class=\"h-row justify-content-lg-center justify-content-md-center justify-content-center align-items-lg-stretch align-items-md-stretch align-items-stretch gutters-col-lg-2 gutters-col-md-2 gutters-col-0 gutters-col-v-lg-2 gutters-col-v-md-2 gutters-col-v-2\">\n          <!---->\n          <div class=\"h-column h-column-container d-flex h-col-lg-auto h-col-md-auto h-col-auto style-2855-outer style-local-7541-c8-outer\">\n            <div data-colibri-id=\"7541-c8\" class=\"d-flex h-flex-basis h-column__inner h-ui-empty-state-container h-px-lg-2 h-px-md-2 h-px-2 v-inner-lg-2 v-inner-md-2 v-inner-2 style-2855 style-local-7541-c8 position-relative\">\n              <!---->\n              <!---->\n              <div class=\"w-100 h-y-container h-column__content h-column__v-align flex-basis-100\">\n                <!---->\n              <\/div>\n            <\/div>\n          <\/div>\n        <\/div>\n      <\/div>\n    <\/div>\n  <\/div>\n<\/div>","protected":false},"excerpt":{"rendered":"<p>Les prochaines \u00e9lections pr\u00e9sidentielles auront lieu les dimanches 10 avril et 24 avril. Le bureau de vote sera ouvert de 8h \u00e0 19h au Chapiteau de la Fontanelle. L&rsquo;affichage des candidats se trouve sur le parking du Chapiteau de la Fontanelle Procurations de vote Depuis le 1er&nbsp;janvier&nbsp;2022, le vote par procuration a \u00e9t\u00e9 assoupli et [&hellip;]<\/p>\n","protected":false},"author":1,"featured_media":7511,"parent":0,"menu_order":0,"comment_status":"closed","ping_status":"closed","template":"page-templates\/full-width-page.php","meta":{"footnotes":""},"jetpack_sharing_enabled":true,"featured_image_src":"https:\/\/cussac87.com\/wp-content\/uploads\/2022\/03\/election-600x400.jpg","featured_image_src_square":"https:\/\/cussac87.com\/wp-content\/uploads\/2022\/03\/election-600x500.jpg","_links":{"self":[{"href":"https:\/\/cussac87.com\/index.php\/wp-json\/wp\/v2\/pages\/7541"}],"collection":[{"href":"https:\/\/cussac87.com\/index.php\/wp-json\/wp\/v2\/pages"}],"about":[{"href":"https:\/\/cussac87.com\/index.php\/wp-json\/wp\/v2\/types\/page"}],"author":[{"embeddable":true,"href":"https:\/\/cussac87.com\/index.php\/wp-json\/wp\/v2\/users\/1"}],"replies":[{"embeddable":true,"href":"https:\/\/cussac87.com\/index.php\/wp-json\/wp\/v2\/comments?post=7541"}],"version-history":[{"count":2,"href":"https:\/\/cussac87.com\/index.php\/wp-json\/wp\/v2\/pages\/7541\/revisions"}],"predecessor-version":[{"id":7553,"href":"https:\/\/cussac87.com\/index.php\/wp-json\/wp\/v2\/pages\/7541\/revisions\/7553"}],"wp:featuredmedia":[{"embeddable":true,"href":"https:\/\/cussac87.com\/index.php\/wp-json\/wp\/v2\/media\/7511"}],"wp:attachment":[{"href":"https:\/\/cussac87.com\/index.php\/wp-json\/wp\/v2\/media?parent=7541"}],"curies":[{"name":"wp","href":"https:\/\/api.w.org\/{rel}","templated":true}]}}