{"id":7275,"date":"2022-03-04T19:10:45","date_gmt":"2022-03-04T18:10:45","guid":{"rendered":"https:\/\/cussac87.com\/?page_id=7275"},"modified":"2022-04-18T09:25:50","modified_gmt":"2022-04-18T07:25:50","slug":"avis-denquete-publique","status":"publish","type":"page","link":"https:\/\/cussac87.com\/index.php\/avis-denquete-publique\/","title":{"rendered":"Avis d&rsquo;enqu\u00eate publique"},"content":{"rendered":"<div data-colibri-id=\"7275-c1\" class=\"style-2811 style-local-7275-c1 position-relative\">\r\n  <!---->\r\n  <div data-colibri-component=\"section\" data-colibri-id=\"7275-c2\" id=\"about\" class=\"h-section h-section-global-spacing d-flex align-items-lg-center align-items-md-center align-items-center style-2816 style-local-7275-c2 position-relative\">\r\n    <div class=\"background-wrapper\">\r\n      <div class=\"background-layer background-layer-media-container-lg\">\r\n        <!---->\r\n        <div class=\"overlay-layer\">\r\n          <div class=\"overlay-image-layer\" style=\"background-color: rgb(255, 255, 255); opacity: 0.9;\"><\/div>\r\n        <\/div>\r\n      <\/div>\r\n      <div class=\"background-layer background-layer-media-container-md\">\r\n        <!---->\r\n        <div class=\"overlay-layer\">\r\n          <div class=\"overlay-image-layer\" style=\"background-color: rgb(255, 255, 255); opacity: 0.9;\"><\/div>\r\n        <\/div>\r\n      <\/div>\r\n      <div class=\"background-layer background-layer-media-container\">\r\n        <!---->\r\n        <div class=\"overlay-layer\">\r\n          <div class=\"overlay-image-layer\" style=\"background-color: rgb(255, 255, 255); opacity: 0.9;\"><\/div>\r\n        <\/div>\r\n      <\/div>\r\n    <\/div>\r\n    <!---->\r\n    <div class=\"h-section-grid-container h-section-boxed-container\">\r\n      <!---->\r\n      <div data-colibri-id=\"7275-c3\" class=\"h-row-container gutters-row-lg-0 gutters-row-md-0 gutters-row-0 gutters-row-v-lg-0 gutters-row-v-md-0 gutters-row-v-0 style-2817 style-local-7275-c3 position-relative\">\r\n        <!---->\r\n        <div class=\"h-row justify-content-lg-center justify-content-md-center justify-content-center align-items-lg-stretch align-items-md-stretch align-items-stretch gutters-col-lg-0 gutters-col-md-0 gutters-col-0 gutters-col-v-lg-0 gutters-col-v-md-0 gutters-col-v-0\">\r\n          <!---->\r\n          <div class=\"h-column h-column-container d-flex h-col-lg-auto h-col-md-auto h-col-auto style-2818-outer style-local-7275-c4-outer\">\r\n            <div data-colibri-id=\"7275-c4\" class=\"d-flex h-flex-basis h-column__inner h-ui-empty-state-container h-px-lg-0 h-px-md-0 h-px-0 v-inner-lg-0 v-inner-md-0 v-inner-0 style-2818 style-local-7275-c4 position-relative\">\r\n              <!---->\r\n              <!---->\r\n              <div class=\"w-100 h-y-container h-column__content h-column__v-align flex-basis-100\">\r\n                <!---->\r\n              <\/div>\r\n            <\/div>\r\n          <\/div>\r\n          <div class=\"h-column h-column-container d-flex h-col-lg-auto h-col-md-auto h-col-auto style-2819-outer style-local-7275-c5-outer\">\r\n            <div data-colibri-id=\"7275-c5\" class=\"d-flex h-flex-basis h-column__inner h-ui-empty-state-container h-px-lg-2 h-px-md-2 h-px-0 v-inner-lg-2 v-inner-md-2 v-inner-0 style-2819 style-local-7275-c5 position-relative\">\r\n              <!---->\r\n              <!---->\r\n              <div class=\"w-100 h-y-container h-column__content h-column__v-align flex-basis-100\">\r\n                <!---->\r\n              <\/div>\r\n            <\/div>\r\n          <\/div>\r\n          <div class=\"h-column h-column-container d-flex h-col-lg-auto h-col-md-auto h-col-auto style-2820-outer style-local-7275-c6-outer\">\r\n            <div data-colibri-id=\"7275-c6\" class=\"d-flex h-flex-basis h-column__inner h-px-lg-3 h-px-md-3 h-px-3 v-inner-lg-3 v-inner-md-3 v-inner-3 style-2820 style-local-7275-c6 position-relative\">\r\n              <!---->\r\n              <!---->\r\n              <div class=\"w-100 h-y-container h-column__content h-column__v-align flex-basis-100 align-self-lg-center align-self-md-center align-self-center\">\r\n                <!---->\r\n                <div data-colibri-id=\"7275-c7\" class=\"h-text h-text-component style-2822 style-local-7275-c7 position-relative h-element\">\r\n                  <!---->\r\n                  <!---->\r\n                  <div class=\"\">\r\n                    <p>Une enqu\u00eate publique se d\u00e9roulera sur une p\u00e9riode de 15 jours, entre le lundi 21 Mars 2022 et le lundi 04 avril 2022 inclus, aux jours et heures habituels d&rsquo;ouverture au public des services de la mairie soit :<\/p>\r\n                    <p><strong>Les lundis, mardis, jeudis et vendredis de 9h00 \u00e0 12h00 et de 15h00 \u00e0 18h00, et les mercredis de 9h00 \u00e0 12h00<\/strong><\/p>\r\n                    <p>Le si\u00e8ge de l&rsquo;enqu\u00eate est pr\u00e9vu \u00e0 la mairie de Cussac, en salle des mariages, 1 place de la mairie, 87150 Cussac.<\/p>\r\n                    <p>L&rsquo;objet de l&rsquo;enqu\u00eate, est le projet relatif au chemin rural reliant la RD n\u00b022 au chemin des Rebeyrates \u00e0 Vergnolas consistant \u00e0 prouver qu&rsquo;il n&rsquo;est pas utilis\u00e9 par le public en vue de son ali\u00e9nation partielle, est soumis \u00e0 une enqu\u00eate\r\n                      publique pr\u00e9alable. Cette derni\u00e8re est destin\u00e9e \u00e0 recueillir les observations de la population.<\/p>\r\n                  <\/div>\r\n                <\/div>\r\n                <div data-colibri-id=\"7275-c8\" class=\"h-x-container style-2823 style-local-7275-c8 position-relative h-element\">\r\n                  <!---->\r\n                  <div class=\"h-x-container-inner style-dynamic-7275-c8-group style-2823-spacing style-local-7275-c8-spacing\"><span class=\"h-button__outer style-1147-outer style-local-7275-c9-outer d-inline-flex h-element\"><a h-use-smooth-scroll=\"true\" href=\"https:\/\/cussac87.com\/wp-content\/uploads\/2022\/03\/Dossier-denquete-publique.pdf\"  data-colibri-id=\"7275-c9\" class=\"d-flex w-100 align-items-center h-button justify-content-lg-center justify-content-md-center justify-content-center style-1147 style-local-7275-c9 position-relative\"><!----><!----> <span>T\u00e9l\u00e9charger le dossier<\/span><\/a>\r\n                    <\/span><span class=\"h-button__outer style-1147-outer style-local-7275-c10-outer d-inline-flex h-element\"><a h-use-smooth-scroll=\"true\" href=\"https:\/\/cussac87.com\/wp-content\/uploads\/2022\/03\/avis-enquete-publique-scaled.jpg\"  data-colibri-id=\"7275-c10\" class=\"d-flex w-100 align-items-center h-button justify-content-lg-center justify-content-md-center justify-content-center style-1147 style-local-7275-c10 position-relative\"><!----><!----> <span>T\u00e9l\u00e9charger l&rsquo;avis<\/span><\/a>\r\n                    <\/span>\r\n                  <\/div>\r\n                <\/div>\r\n              <\/div>\r\n            <\/div>\r\n          <\/div>\r\n        <\/div>\r\n      <\/div>\r\n    <\/div>\r\n  <\/div>\r\n<\/div>","protected":false},"excerpt":{"rendered":"<p>Une enqu\u00eate publique se d\u00e9roulera sur une p\u00e9riode de 15 jours, entre le lundi 21 Mars 2022 et le lundi 04 avril 2022 inclus, aux jours et heures habituels d&rsquo;ouverture au public des services de la mairie soit : Les lundis, mardis, jeudis et vendredis de 9h00 \u00e0 12h00 et de 15h00 \u00e0 18h00, et [&hellip;]<\/p>\n","protected":false},"author":1,"featured_media":7292,"parent":0,"menu_order":0,"comment_status":"closed","ping_status":"closed","template":"page-templates\/full-width-page.php","meta":{"footnotes":""},"jetpack_sharing_enabled":true,"featured_image_src":"https:\/\/cussac87.com\/wp-content\/uploads\/2022\/03\/avis-enquete-publique-1-600x400.jpg","featured_image_src_square":"https:\/\/cussac87.com\/wp-content\/uploads\/2022\/03\/avis-enquete-publique-1-600x600.jpg","_links":{"self":[{"href":"https:\/\/cussac87.com\/index.php\/wp-json\/wp\/v2\/pages\/7275"}],"collection":[{"href":"https:\/\/cussac87.com\/index.php\/wp-json\/wp\/v2\/pages"}],"about":[{"href":"https:\/\/cussac87.com\/index.php\/wp-json\/wp\/v2\/types\/page"}],"author":[{"embeddable":true,"href":"https:\/\/cussac87.com\/index.php\/wp-json\/wp\/v2\/users\/1"}],"replies":[{"embeddable":true,"href":"https:\/\/cussac87.com\/index.php\/wp-json\/wp\/v2\/comments?post=7275"}],"version-history":[{"count":6,"href":"https:\/\/cussac87.com\/index.php\/wp-json\/wp\/v2\/pages\/7275\/revisions"}],"predecessor-version":[{"id":7624,"href":"https:\/\/cussac87.com\/index.php\/wp-json\/wp\/v2\/pages\/7275\/revisions\/7624"}],"wp:featuredmedia":[{"embeddable":true,"href":"https:\/\/cussac87.com\/index.php\/wp-json\/wp\/v2\/media\/7292"}],"wp:attachment":[{"href":"https:\/\/cussac87.com\/index.php\/wp-json\/wp\/v2\/media?parent=7275"}],"curies":[{"name":"wp","href":"https:\/\/api.w.org\/{rel}","templated":true}]}}