{"id":7236,"date":"2022-03-04T14:17:52","date_gmt":"2022-03-04T13:17:52","guid":{"rendered":"https:\/\/cussac87.com\/?page_id=7236"},"modified":"2022-04-01T00:16:25","modified_gmt":"2022-03-31T22:16:25","slug":"crise-en-ukraine","status":"publish","type":"page","link":"https:\/\/cussac87.com\/index.php\/crise-en-ukraine\/","title":{"rendered":"Crise en Ukraine"},"content":{"rendered":"<div data-colibri-id=\"7236-c1\" class=\"style-2770 style-local-7236-c1 position-relative\">\r\n  <!---->\r\n  <div data-colibri-component=\"section\" data-colibri-id=\"7236-c2\" id=\"content\" class=\"h-section h-section-global-spacing d-flex align-items-lg-center align-items-md-center align-items-center style-2784 style-local-7236-c2 position-relative\">\r\n    <!---->\r\n    <!---->\r\n    <div class=\"h-section-grid-container h-section-boxed-container\">\r\n      <div data-colibri-id=\"7236-c20\" class=\"h-row-container gutters-row-lg-2 gutters-row-md-2 gutters-row-2 gutters-row-v-lg-2 gutters-row-v-md-2 gutters-row-v-2 style-2796 style-local-7236-c20 position-relative\">\r\n        <!---->\r\n        <div class=\"h-row justify-content-lg-center justify-content-md-center justify-content-center align-items-lg-stretch align-items-md-stretch align-items-stretch gutters-col-lg-2 gutters-col-md-2 gutters-col-2 gutters-col-v-lg-2 gutters-col-v-md-2 gutters-col-v-2\">\r\n          <!---->\r\n          <div class=\"h-column h-column-container d-flex h-col-lg-auto h-col-md-auto h-col-auto style-2797-outer style-local-7236-c21-outer\">\r\n            <div data-colibri-id=\"7236-c21\" class=\"d-flex h-flex-basis h-column__inner h-px-lg-2 h-px-md-2 h-px-2 v-inner-lg-2 v-inner-md-2 v-inner-2 style-2797 style-local-7236-c21 position-relative\">\r\n              <!---->\r\n              <!---->\r\n              <div class=\"w-100 h-y-container h-column__content h-column__v-align flex-basis-100 align-self-lg-start align-self-md-start align-self-start\">\r\n                <!---->\r\n                <div data-colibri-id=\"7236-c22\" class=\"h-global-transition-all h-heading style-2798 style-local-7236-c22 position-relative h-element\">\r\n                  <!---->\r\n                  <div class=\"h-heading__outer style-2798 style-local-7236-c22\">\r\n                    <!---->\r\n                    <!---->\r\n                    <h2 class=\"\">Vous souhaitez apporter votre soutien et solidarit\u00e9 au peuple ukrainien <\/h2>\r\n                  <\/div>\r\n                <\/div>\r\n              <\/div>\r\n            <\/div>\r\n          <\/div>\r\n        <\/div>\r\n      <\/div>\r\n      <div data-colibri-id=\"7236-c23\" class=\"h-row-container gutters-row-lg-2 gutters-row-md-2 gutters-row-0 gutters-row-v-lg-2 gutters-row-v-md-2 gutters-row-v-2 style-2835 style-local-7236-c23 position-relative\">\r\n        <!---->\r\n        <div class=\"h-row justify-content-lg-center justify-content-md-center justify-content-center align-items-lg-stretch align-items-md-stretch align-items-stretch gutters-col-lg-2 gutters-col-md-2 gutters-col-0 gutters-col-v-lg-2 gutters-col-v-md-2 gutters-col-v-2\">\r\n          <!---->\r\n          <div class=\"h-column h-column-container d-flex h-col-lg-auto h-col-md-auto h-col-auto style-2836-outer style-local-7236-c24-outer\">\r\n            <div data-colibri-id=\"7236-c24\" class=\"d-flex h-flex-basis h-column__inner h-px-lg-2 h-px-md-2 h-px-2 v-inner-lg-2 v-inner-md-2 v-inner-2 style-2836 style-local-7236-c24 position-relative\">\r\n              <!---->\r\n              <!---->\r\n              <div class=\"w-100 h-y-container h-column__content h-column__v-align flex-basis-100 align-self-lg-start align-self-md-start align-self-start\">\r\n                <!---->\r\n                <div data-colibri-id=\"7236-c25\" class=\"h-lead h-text h-text-component style-2839 style-local-7236-c25 position-relative h-element\">\r\n                  <!---->\r\n                  <!---->\r\n                  <div class=\"\">\r\n                    <p>Retrouvez toutes les informations sur les d\u00e9marches \u00e0 suivre pour apporter son aide sur la page de la Pr\u00e9fecture, ici :\r\n                      <a href=\"https:\/\/www.haute-vienne.gouv.fr\/Actualites\/Solidarite-avec-l-Ukraine\" target=\"_blank\" rel=\"noopener\">https:\/\/www.haute-vienne.gouv.fr\/Actualites\/Solidarite-avec-l-Ukraine<\/a>\r\n                      <br>\r\n                    <\/p>\r\n                  <\/div>\r\n                <\/div>\r\n              <\/div>\r\n            <\/div>\r\n          <\/div>\r\n        <\/div>\r\n      <\/div>\r\n      <div data-colibri-id=\"7236-c3\" class=\"h-row-container gutters-row-lg-2 gutters-row-md-2 gutters-row-2 gutters-row-v-lg-2 gutters-row-v-md-2 gutters-row-v-2 style-2785 style-local-7236-c3 position-relative\">\r\n        <!---->\r\n        <div class=\"h-row justify-content-lg-center justify-content-md-center justify-content-center align-items-lg-stretch align-items-md-stretch align-items-stretch gutters-col-lg-2 gutters-col-md-2 gutters-col-2 gutters-col-v-lg-2 gutters-col-v-md-2 gutters-col-v-2\">\r\n          <!---->\r\n          <div class=\"h-column h-column-container d-flex h-col-lg-auto h-col-md-auto h-col-auto style-2786-outer style-local-7236-c4-outer\">\r\n            <div data-colibri-id=\"7236-c4\" class=\"d-flex h-flex-basis h-column__inner h-px-lg-0 h-px-md-0 h-px-0 v-inner-lg-0 v-inner-md-0 v-inner-0 style-2786 style-local-7236-c4 position-relative\">\r\n              <!---->\r\n              <!---->\r\n              <div class=\"w-100 h-y-container h-column__content h-column__v-align flex-basis-100 align-self-lg-start align-self-md-start align-self-start\">\r\n                <!---->\r\n                <div data-colibri-id=\"7236-c5\" class=\"h-row-container gutters-row-lg-2 gutters-row-md-2 gutters-row-2 gutters-row-v-lg-2 gutters-row-v-md-2 gutters-row-v-2 style-2787 style-local-7236-c5 position-relative\">\r\n                  <!---->\r\n                  <div class=\"h-row justify-content-lg-center justify-content-md-center justify-content-center align-items-lg-stretch align-items-md-stretch align-items-stretch gutters-col-lg-2 gutters-col-md-2 gutters-col-2 gutters-col-v-lg-2 gutters-col-v-md-2 gutters-col-v-2\">\r\n                    <!---->\r\n                    <div class=\"h-column h-column-container d-flex h-col-lg-6 h-col-md-6 h-col-12 style-2788-outer style-local-7236-c6-outer\">\r\n                      <div data-colibri-id=\"7236-c6\" class=\"d-flex h-flex-basis h-column__inner h-px-lg-0 h-px-md-0 h-px-0 v-inner-lg-0 v-inner-md-0 v-inner-0 style-2788 style-local-7236-c6 position-relative\">\r\n                        <!---->\r\n                        <!---->\r\n                        <div class=\"w-100 h-y-container h-column__content h-column__v-align flex-basis-100 align-self-lg-center align-self-md-center align-self-center\">\r\n                          <!---->\r\n                          <div data-colibri-id=\"7236-c7\" class=\"h-global-transition-all h-heading style-2789 style-local-7236-c7 position-relative h-element\">\r\n                            <!---->\r\n                            <div class=\"h-heading__outer style-2789 style-local-7236-c7\">\r\n                              <!---->\r\n                              <!---->\r\n                              <h4 class=\"\">Vous pouvez donner \u00e0 diff\u00e9rentes associations humanitaires<\/h4>\r\n                            <\/div>\r\n                          <\/div>\r\n                          <div data-colibri-id=\"7236-c8\" class=\"h-text h-text-component style-2790 style-local-7236-c8 position-relative h-element\">\r\n                            <!---->\r\n                            <!---->\r\n                            <div class=\"\">\r\n                              <p>Le Secours Populaire (\r\n                                <a href=\"https:\/\/don.secourspopulaire.fr\/ukraine\/~mon-don\" target=\"_blank\" rel=\"noopener\">https:\/\/don.secourspopulaire.fr\/ukraine\/~mon-don<\/a>) et la Fondation de France (\r\n                                <a href=\"https:\/\/dons.fondationdefrance.org\/solidarite-avec-les-ukrainiens\/~mon-don?_cv=1\" target=\"_blank\" rel=\"noopener\">https:\/\/dons.fondationdefrance.org\/solidarite-avec-les-ukrainiens\/~mon-don?_cv=1<\/a>) d\u00e9bloquent des fonds afin d&rsquo;aider les associations locales \u00e0 g\u00e9rer l&rsquo;accueil et le soutien des r\u00e9fugi\u00e9s d&rsquo;Ukraine.<\/p>\r\n                              <p>La Protection Civile (\r\n                                <a href=\"https:\/\/don.protection-civile.org\/soutenir\" target=\"_blank\" rel=\"noopener\">https:\/\/don.protection-civile.org\/soutenir<\/a>) et les Pompiers de l&rsquo;Urgence Internationale (\r\n                                <a href=\"https:\/\/www.pompiers-urgence.org\/make-a-donation\" target=\"_blank\" rel=\"noopener\">https:\/\/www.pompiers-urgence.org\/make-a-donation<\/a>) se chargent de transporter vos dons mat\u00e9riels aux r\u00e9fugi\u00e9s.<\/p>\r\n                            <\/div>\r\n                          <\/div>\r\n                        <\/div>\r\n                      <\/div>\r\n                    <\/div>\r\n                    <div class=\"h-column h-column-container d-flex h-col-lg-6 h-col-md-6 h-col-12 style-2791-outer style-local-7236-c9-outer\">\r\n                      <div data-colibri-id=\"7236-c9\" class=\"d-flex h-flex-basis h-column__inner h-ui-empty-state-container h-px-lg-0 h-px-md-0 h-px-0 v-inner-lg-0 v-inner-md-0 v-inner-0 style-2791 style-local-7236-c9 position-relative\">\r\n                        <!---->\r\n                        <!---->\r\n                        <div class=\"w-100 h-y-container h-column__content h-column__v-align flex-basis-100\">\r\n                          <!---->\r\n                        <\/div>\r\n                      <\/div>\r\n                    <\/div>\r\n                  <\/div>\r\n                <\/div>\r\n                <div data-colibri-id=\"7236-c10\" class=\"h-row-container gutters-row-lg-2 gutters-row-md-2 gutters-row-2 gutters-row-v-lg-2 gutters-row-v-md-2 gutters-row-v-2 style-2787 style-local-7236-c10 position-relative\">\r\n                  <!---->\r\n                  <div class=\"h-row justify-content-lg-center justify-content-md-center justify-content-center align-items-lg-stretch align-items-md-stretch align-items-stretch gutters-col-lg-2 gutters-col-md-2 gutters-col-2 gutters-col-v-lg-2 gutters-col-v-md-2 gutters-col-v-2\">\r\n                    <!---->\r\n                    <div class=\"h-column h-column-container d-flex h-col-lg-6 h-col-md-6 h-col-12 style-2792-outer style-local-7236-c11-outer\">\r\n                      <div data-colibri-id=\"7236-c11\" class=\"d-flex h-flex-basis h-column__inner h-ui-empty-state-container h-px-lg-0 h-px-md-0 h-px-0 v-inner-lg-0 v-inner-md-0 v-inner-0 style-2792 style-local-7236-c11 position-relative\">\r\n                        <!---->\r\n                        <!---->\r\n                        <div class=\"w-100 h-y-container h-column__content h-column__v-align flex-basis-100\">\r\n                          <!---->\r\n                        <\/div>\r\n                      <\/div>\r\n                    <\/div>\r\n                    <div class=\"h-column h-column-container d-flex h-col-lg-6 h-col-md-6 h-col-12 style-2788-outer style-local-7236-c12-outer\">\r\n                      <div data-colibri-id=\"7236-c12\" class=\"d-flex h-flex-basis h-column__inner h-px-lg-0 h-px-md-0 h-px-0 v-inner-lg-0 v-inner-md-0 v-inner-0 style-2788 style-local-7236-c12 position-relative\">\r\n                        <!---->\r\n                        <!---->\r\n                        <div class=\"w-100 h-y-container h-column__content h-column__v-align flex-basis-100 align-self-lg-center align-self-md-center align-self-center\">\r\n                          <!---->\r\n                          <div data-colibri-id=\"7236-c13\" class=\"h-global-transition-all h-heading style-2789 style-local-7236-c13 position-relative h-element\">\r\n                            <!---->\r\n                            <div class=\"h-heading__outer style-2789 style-local-7236-c13\">\r\n                              <!---->\r\n                              <!---->\r\n                              <h4 class=\"\">Proposer un h\u00e9bergement<\/h4>\r\n                            <\/div>\r\n                          <\/div>\r\n                          <div data-colibri-id=\"7236-c14\" class=\"h-text h-text-component style-2793 style-local-7236-c14 position-relative h-element\">\r\n                            <!---->\r\n                            <!---->\r\n                            <div class=\"\">\r\n                              <p>Pour les particuliers qui souhaitent accueillir et proposer un h\u00e9bergement doivent se signaler sur le lien suivant :<\/p>\r\n                              <p>\r\n                                <a href=\"https:\/\/cohabitations-solidaires.fr\/sengager-pour-laccueil-de-refugies\/formulaire-je-propose-daccueillir\" style=\"font-family: Open Sans;\" target=\"_blank\" class=\"customize-unpreviewable\" rel=\"noopener\"><strong>https:\/\/cohabitations-solidaires.fr\/sengager-pour-laccueil-de-refugies\/formulaire-je-propose-daccueillir\/<\/strong><\/a>\r\n                              <\/p>\r\n                              <p>Pour les entreprises, associations ou collectivit\u00e9s, la d\u00e9marche est r\u00e9aliser avec ce lien :<\/p>\r\n                              <p>\r\n                                <a href=\"https:\/\/www.demarches-simplifiees.fr\/commencer\/hebergement-personne-morale-ukraine\" target=\"_blank\" class=\"customize-unpreviewable\" rel=\"noopener\">https:\/\/www.demarches-simplifiees.fr\/commencer\/hebergement-personne-morale-ukraine<\/a>\r\n                              <\/p>\r\n                              <p>\r\n                                <br>\r\n                              <\/p>\r\n                              <p>\r\n                                <br>\r\n                              <\/p>\r\n                            <\/div>\r\n                          <\/div>\r\n                        <\/div>\r\n                      <\/div>\r\n                    <\/div>\r\n                  <\/div>\r\n                <\/div>\r\n              <\/div>\r\n            <\/div>\r\n          <\/div>\r\n        <\/div>\r\n      <\/div>\r\n    <\/div>\r\n  <\/div>\r\n<\/div>","protected":false},"excerpt":{"rendered":"<p>Vous souhaitez apporter votre soutien et solidarit\u00e9 au peuple ukrainien Retrouvez toutes les informations sur les d\u00e9marches \u00e0 suivre pour apporter son aide sur la page de la Pr\u00e9fecture, ici : https:\/\/www.haute-vienne.gouv.fr\/Actualites\/Solidarite-avec-l-Ukraine Vous pouvez donner \u00e0 diff\u00e9rentes associations humanitaires Le Secours Populaire ( https:\/\/don.secourspopulaire.fr\/ukraine\/~mon-don) et la Fondation de France ( https:\/\/dons.fondationdefrance.org\/solidarite-avec-les-ukrainiens\/~mon-don?_cv=1) d\u00e9bloquent des fonds afin [&hellip;]<\/p>\n","protected":false},"author":1,"featured_media":7240,"parent":0,"menu_order":0,"comment_status":"closed","ping_status":"closed","template":"page-templates\/full-width-page.php","meta":{"footnotes":""},"jetpack_sharing_enabled":true,"featured_image_src":"https:\/\/cussac87.com\/wp-content\/uploads\/2022\/03\/drapeau-ukraine.png","featured_image_src_square":"https:\/\/cussac87.com\/wp-content\/uploads\/2022\/03\/drapeau-ukraine.png","_links":{"self":[{"href":"https:\/\/cussac87.com\/index.php\/wp-json\/wp\/v2\/pages\/7236"}],"collection":[{"href":"https:\/\/cussac87.com\/index.php\/wp-json\/wp\/v2\/pages"}],"about":[{"href":"https:\/\/cussac87.com\/index.php\/wp-json\/wp\/v2\/types\/page"}],"author":[{"embeddable":true,"href":"https:\/\/cussac87.com\/index.php\/wp-json\/wp\/v2\/users\/1"}],"replies":[{"embeddable":true,"href":"https:\/\/cussac87.com\/index.php\/wp-json\/wp\/v2\/comments?post=7236"}],"version-history":[{"count":13,"href":"https:\/\/cussac87.com\/index.php\/wp-json\/wp\/v2\/pages\/7236\/revisions"}],"predecessor-version":[{"id":7465,"href":"https:\/\/cussac87.com\/index.php\/wp-json\/wp\/v2\/pages\/7236\/revisions\/7465"}],"wp:featuredmedia":[{"embeddable":true,"href":"https:\/\/cussac87.com\/index.php\/wp-json\/wp\/v2\/media\/7240"}],"wp:attachment":[{"href":"https:\/\/cussac87.com\/index.php\/wp-json\/wp\/v2\/media?parent=7236"}],"curies":[{"name":"wp","href":"https:\/\/api.w.org\/{rel}","templated":true}]}}