{"id":6743,"date":"2021-12-05T22:11:38","date_gmt":"2021-12-05T21:11:38","guid":{"rendered":"https:\/\/cussac87.com\/?page_id=6743"},"modified":"2025-05-19T09:57:28","modified_gmt":"2025-05-19T07:57:28","slug":"cars-regionaux","status":"publish","type":"page","link":"https:\/\/cussac87.com\/index.php\/cars-regionaux\/","title":{"rendered":"Cars r\u00e9gionaux"},"content":{"rendered":"<div data-colibri-id=\"6743-c1\" class=\"style-2675 style-local-6743-c1 position-relative\">\n  <!---->\n  <div data-colibri-component=\"section\" data-colibri-id=\"6743-c2\" id=\"testimonials\" class=\"h-section h-section-global-spacing d-flex align-items-lg-center align-items-md-center align-items-center style-2685 style-local-6743-c2 position-relative\">\n    <!---->\n    <!---->\n    <div class=\"h-section-grid-container h-section-boxed-container\">\n      <div data-colibri-id=\"6743-c16\" class=\"h-row-container gutters-row-lg-2 gutters-row-md-2 gutters-row-0 gutters-row-v-lg-2 gutters-row-v-md-2 gutters-row-v-2 style-2693 style-local-6743-c16 position-relative\">\n        <!---->\n        <div class=\"h-row justify-content-lg-center justify-content-md-center justify-content-center align-items-lg-stretch align-items-md-stretch align-items-stretch gutters-col-lg-2 gutters-col-md-2 gutters-col-0 gutters-col-v-lg-2 gutters-col-v-md-2 gutters-col-v-2\">\n          <!---->\n          <div class=\"h-column h-column-container d-flex h-col-lg-auto h-col-md-auto h-col-auto style-2694-outer style-local-6743-c17-outer\">\n            <div data-colibri-id=\"6743-c17\" class=\"d-flex h-flex-basis h-column__inner h-px-lg-2 h-px-md-2 h-px-2 v-inner-lg-2 v-inner-md-2 v-inner-2 style-2694 style-local-6743-c17 position-relative\">\n              <!---->\n              <!---->\n              <div class=\"w-100 h-y-container h-column__content h-column__v-align flex-basis-100 align-self-lg-start align-self-md-start align-self-start\">\n                <!---->\n                <div data-colibri-id=\"6743-c18\" class=\"h-global-transition-all h-heading style-2695 style-local-6743-c18 position-relative h-element\">\n                  <!---->\n                  <div class=\"h-heading__outer style-2695 style-local-6743-c18\">\n                    <!---->\n                    <!---->\n                    <h2 class=\"\">Horaires des cars r\u00e9gionaux\n                      <br>au d\u00e9part de Cussac<\/h2>\n                  <\/div>\n                <\/div>\n              <\/div>\n            <\/div>\n          <\/div>\n        <\/div>\n      <\/div>\n      <div data-colibri-id=\"6743-c3\" class=\"h-row-container gutters-row-lg-2 gutters-row-md-2 gutters-row-0 gutters-row-v-lg-2 gutters-row-v-md-2 gutters-row-v-2 style-2686 style-local-6743-c3 position-relative\">\n        <!---->\n        <div class=\"h-row justify-content-lg-center justify-content-md-center justify-content-center align-items-lg-stretch align-items-md-stretch align-items-stretch gutters-col-lg-2 gutters-col-md-2 gutters-col-0 gutters-col-v-lg-2 gutters-col-v-md-2 gutters-col-v-2\">\n          <!---->\n          <div class=\"h-column h-column-container d-flex h-col-lg-4 h-col-md-6 h-col-12 style-2687-outer style-local-6743-c4-outer\">\n            <div data-colibri-id=\"6743-c4\" class=\"d-flex h-flex-basis h-column__inner h-px-lg-3 h-px-md-3 h-px-3 v-inner-lg-3 v-inner-md-3 v-inner-3 style-2687 style-local-6743-c4 position-relative\">\n              <!---->\n              <!---->\n              <div class=\"w-100 h-y-container h-column__content h-column__v-align flex-basis-100 align-self-lg-start align-self-md-start align-self-start\">\n                <!---->\n                <div data-colibri-id=\"6743-c5\" class=\"h-icon style-2688 style-local-6743-c5 position-relative h-element\">\n                  <!----><span class=\"h-svg-icon h-icon__icon style-2688-icon style-local-6743-c5-icon\"><!--Icon by Font Awesome (https:\/\/fontawesome.com)-->\n    <svg version=\"1.1\" xmlns=\"http:\/\/www.w3.org\/2000\/svg\" xmlns:xlink=\"http:\/\/www.w3.org\/1999\/xlink\" id=\"bus\" viewBox=\"0 0 1536 1896.0833\">\n      <path d=\"M384 1216q0-53-37.5-90.5T256 1088t-90.5 37.5T128 1216t37.5 90.5T256 1344t90.5-37.5T384 1216zm1024 0q0-53-37.5-90.5T1280 1088t-90.5 37.5-37.5 90.5 37.5 90.5 90.5 37.5 90.5-37.5 37.5-90.5zm-46-396l-72-384q-5-23-22.5-37.5T1227 384H309q-23 0-40.5 14.5T246 436l-72 384q-5 30 14 53t49 23h1062q30 0 49-23t14-53zm-226-612q0-20-14-34t-34-14H448q-20 0-34 14t-14 34 14 34 34 14h640q20 0 34-14t14-34zm400 725v603h-128v128q0 53-37.5 90.5T1280 1792t-90.5-37.5-37.5-90.5v-128H384v128q0 53-37.5 90.5T256 1792t-90.5-37.5T128 1664v-128H0V933q0-112 25-223l103-454q9-78 97.5-137t230-89T768 0t312.5 30 230 89 97.5 137l105 454q23 102 23 223z\"><\/path>\n    <\/svg><\/span><\/div>\n                <div data-colibri-id=\"6743-c6\" class=\"h-global-transition-all h-heading style-2691 style-local-6743-c6 position-relative h-element\">\n                  <!---->\n                  <div class=\"h-heading__outer style-2691 style-local-6743-c6\">\n                    <!---->\n                    <!---->\n                    <h5 class=\"\">Ligne 232 : Cussac &#8211; Saint-Junien<\/h5>\n                  <\/div>\n                <\/div>\n                <div data-colibri-id=\"6743-c7\" class=\"h-text h-text-component style-2692 style-local-6743-c7 position-relative h-element\">\n                  <!---->\n                  <!---->\n                  <div class=\"\">\n                    <p>(P\u00e9riode scolaire)<\/p>\n                  <\/div>\n                <\/div>\n                <div data-colibri-id=\"6743-c8\" class=\"h-x-container style-2698 style-local-6743-c8 position-relative h-element\">\n                  <!---->\n                  <div class=\"h-x-container-inner style-dynamic-6743-c8-group style-2698-spacing style-local-6743-c8-spacing\"><span class=\"h-button__outer style-2699-outer style-local-6743-c9-outer d-inline-flex h-element\"><a h-use-smooth-scroll=\"true\" href=\"https:\/\/cussac87.com\/wp-content\/uploads\/2025\/05\/Fiche-horaire-Cars-regionaux-Cussac-Saint-junien.pdf\"  data-colibri-id=\"6743-c9\" class=\"d-flex w-100 align-items-center h-button justify-content-lg-center justify-content-md-center justify-content-center style-2699 style-local-6743-c9 position-relative\" data-fancybox=\"section-group-9n2NJBjZt8WkJYQvqAKsh8\"><!----><!----> <span>T\u00e9l\u00e9chargement<\/span><\/a>\n                    <\/span>\n                  <\/div>\n                <\/div>\n              <\/div>\n            <\/div>\n          <\/div>\n          <div class=\"h-column h-column-container d-flex h-col-lg-4 h-col-md-6 h-col-12 style-2687-outer style-local-6743-c10-outer\">\n            <div data-colibri-id=\"6743-c10\" class=\"d-flex h-flex-basis h-column__inner h-px-lg-3 h-px-md-3 h-px-3 v-inner-lg-3 v-inner-md-3 v-inner-3 style-2687 style-local-6743-c10 position-relative\">\n              <!---->\n              <!---->\n              <div class=\"w-100 h-y-container h-column__content h-column__v-align flex-basis-100 align-self-lg-start align-self-md-start align-self-start\">\n                <!---->\n                <div data-colibri-id=\"6743-c11\" class=\"h-icon style-2688 style-local-6743-c11 position-relative h-element\">\n                  <!----><span class=\"h-svg-icon h-icon__icon style-2688-icon style-local-6743-c11-icon\"><!--Icon by Font Awesome (https:\/\/fontawesome.com)-->\n    <svg version=\"1.1\" xmlns=\"http:\/\/www.w3.org\/2000\/svg\" xmlns:xlink=\"http:\/\/www.w3.org\/1999\/xlink\" id=\"bus\" viewBox=\"0 0 1536 1896.0833\">\n      <path d=\"M384 1216q0-53-37.5-90.5T256 1088t-90.5 37.5T128 1216t37.5 90.5T256 1344t90.5-37.5T384 1216zm1024 0q0-53-37.5-90.5T1280 1088t-90.5 37.5-37.5 90.5 37.5 90.5 90.5 37.5 90.5-37.5 37.5-90.5zm-46-396l-72-384q-5-23-22.5-37.5T1227 384H309q-23 0-40.5 14.5T246 436l-72 384q-5 30 14 53t49 23h1062q30 0 49-23t14-53zm-226-612q0-20-14-34t-34-14H448q-20 0-34 14t-14 34 14 34 34 14h640q20 0 34-14t14-34zm400 725v603h-128v128q0 53-37.5 90.5T1280 1792t-90.5-37.5-37.5-90.5v-128H384v128q0 53-37.5 90.5T256 1792t-90.5-37.5T128 1664v-128H0V933q0-112 25-223l103-454q9-78 97.5-137t230-89T768 0t312.5 30 230 89 97.5 137l105 454q23 102 23 223z\"><\/path>\n    <\/svg><\/span><\/div>\n                <div data-colibri-id=\"6743-c12\" class=\"h-global-transition-all h-heading style-2691 style-local-6743-c12 position-relative h-element\">\n                  <!---->\n                  <div class=\"h-heading__outer style-2691 style-local-6743-c12\">\n                    <!---->\n                    <!---->\n                    <h5 class=\"\">Ligne 229 : Cussac &#8211; Limoges<\/h5>\n                  <\/div>\n                <\/div>\n                <div data-colibri-id=\"6743-c14\" class=\"h-x-container style-2698 style-local-6743-c14 position-relative h-element\">\n                  <!---->\n                  <div class=\"h-x-container-inner style-dynamic-6743-c14-group style-2698-spacing style-local-6743-c14-spacing\"><span class=\"h-button__outer style-2699-outer style-local-6743-c15-outer d-inline-flex h-element\"><a h-use-smooth-scroll=\"true\" href=\"https:\/\/cussac87.com\/wp-content\/uploads\/2025\/05\/Fiche-horaire-Cars-regionaux-Maisonnais-sur-tardoire-Limoges.pdf\"  data-colibri-id=\"6743-c15\" class=\"d-flex w-100 align-items-center h-button justify-content-lg-center justify-content-md-center justify-content-center style-2699 style-local-6743-c15 position-relative\" data-fancybox=\"section-group-9n2NJBjZt8WkJYQvqAKsh8\"><!----><!----> <span>T\u00e9l\u00e9chargement<\/span><\/a>\n                    <\/span>\n                  <\/div>\n                <\/div>\n              <\/div>\n            <\/div>\n          <\/div>\n          <div class=\"h-column h-column-container d-flex h-col-lg-4 h-col-md-6 h-col-12 style-2687-outer style-local-6743-c19-outer\">\n            <div data-colibri-id=\"6743-c19\" class=\"d-flex h-flex-basis h-column__inner h-px-lg-3 h-px-md-3 h-px-3 v-inner-lg-3 v-inner-md-3 v-inner-3 style-2687 style-local-6743-c19 position-relative\">\n              <!---->\n              <!---->\n              <div class=\"w-100 h-y-container h-column__content h-column__v-align flex-basis-100 align-self-lg-start align-self-md-start align-self-start\">\n                <!---->\n                <div data-colibri-id=\"6743-c20\" class=\"h-icon style-2688 style-local-6743-c20 position-relative h-element\">\n                  <!----><span class=\"h-svg-icon h-icon__icon style-2688-icon style-local-6743-c20-icon\"><!--Icon by Font Awesome (https:\/\/fontawesome.com)-->\n    <svg version=\"1.1\" xmlns=\"http:\/\/www.w3.org\/2000\/svg\" xmlns:xlink=\"http:\/\/www.w3.org\/1999\/xlink\" id=\"bus\" viewBox=\"0 0 1536 1896.0833\">\n      <path d=\"M384 1216q0-53-37.5-90.5T256 1088t-90.5 37.5T128 1216t37.5 90.5T256 1344t90.5-37.5T384 1216zm1024 0q0-53-37.5-90.5T1280 1088t-90.5 37.5-37.5 90.5 37.5 90.5 90.5 37.5 90.5-37.5 37.5-90.5zm-46-396l-72-384q-5-23-22.5-37.5T1227 384H309q-23 0-40.5 14.5T246 436l-72 384q-5 30 14 53t49 23h1062q30 0 49-23t14-53zm-226-612q0-20-14-34t-34-14H448q-20 0-34 14t-14 34 14 34 34 14h640q20 0 34-14t14-34zm400 725v603h-128v128q0 53-37.5 90.5T1280 1792t-90.5-37.5-37.5-90.5v-128H384v128q0 53-37.5 90.5T256 1792t-90.5-37.5T128 1664v-128H0V933q0-112 25-223l103-454q9-78 97.5-137t230-89T768 0t312.5 30 230 89 97.5 137l105 454q23 102 23 223z\"><\/path>\n    <\/svg><\/span><\/div>\n                <div data-colibri-id=\"6743-c21\" class=\"h-global-transition-all h-heading style-2691 style-local-6743-c21 position-relative h-element\">\n                  <!---->\n                  <div class=\"h-heading__outer style-2691 style-local-6743-c21\">\n                    <!---->\n                    <!---->\n                    <h5 class=\"\">Ligne 219 : La Chapelle Montbrandeix &#8211; Limoges<\/h5>\n                  <\/div>\n                <\/div>\n                <div data-colibri-id=\"6743-c22\" class=\"h-x-container style-2698 style-local-6743-c22 position-relative h-element\">\n                  <!---->\n                  <div class=\"h-x-container-inner style-dynamic-6743-c22-group style-2698-spacing style-local-6743-c22-spacing\"><span class=\"h-button__outer style-2699-outer style-local-6743-c23-outer d-inline-flex h-element\"><a h-use-smooth-scroll=\"true\" href=\"https:\/\/cussac87.com\/wp-content\/uploads\/2025\/05\/Fiche-horaire-Cars-regionaux-La-Chapelle-montbrandeix-Limoges.pdf\"  data-colibri-id=\"6743-c23\" class=\"d-flex w-100 align-items-center h-button justify-content-lg-center justify-content-md-center justify-content-center style-2699 style-local-6743-c23 position-relative\" data-fancybox=\"section-group-9n2NJBjZt8WkJYQvqAKsh8\"><!----><!----> <span>T\u00e9l\u00e9chargement<\/span><\/a>\n                    <\/span>\n                  <\/div>\n                <\/div>\n              <\/div>\n            <\/div>\n          <\/div>\n        <\/div>\n      <\/div>\n    <\/div>\n  <\/div>\n<\/div>","protected":false},"excerpt":{"rendered":"<p>Horaires des cars r\u00e9gionaux au d\u00e9part de Cussac Ligne 232 : Cussac &#8211; Saint-Junien (P\u00e9riode scolaire) T\u00e9l\u00e9chargement Ligne 229 : Cussac &#8211; Limoges T\u00e9l\u00e9chargement Ligne 219 : La Chapelle Montbrandeix &#8211; Limoges T\u00e9l\u00e9chargement<\/p>\n","protected":false},"author":1,"featured_media":6745,"parent":0,"menu_order":0,"comment_status":"closed","ping_status":"closed","template":"page-templates\/full-width-page.php","meta":{"footnotes":""},"jetpack_sharing_enabled":true,"featured_image_src":"https:\/\/cussac87.com\/wp-content\/uploads\/2021\/12\/bus-600x340.jpg","featured_image_src_square":"https:\/\/cussac87.com\/wp-content\/uploads\/2021\/12\/bus-600x340.jpg","_links":{"self":[{"href":"https:\/\/cussac87.com\/index.php\/wp-json\/wp\/v2\/pages\/6743"}],"collection":[{"href":"https:\/\/cussac87.com\/index.php\/wp-json\/wp\/v2\/pages"}],"about":[{"href":"https:\/\/cussac87.com\/index.php\/wp-json\/wp\/v2\/types\/page"}],"author":[{"embeddable":true,"href":"https:\/\/cussac87.com\/index.php\/wp-json\/wp\/v2\/users\/1"}],"replies":[{"embeddable":true,"href":"https:\/\/cussac87.com\/index.php\/wp-json\/wp\/v2\/comments?post=6743"}],"version-history":[{"count":7,"href":"https:\/\/cussac87.com\/index.php\/wp-json\/wp\/v2\/pages\/6743\/revisions"}],"predecessor-version":[{"id":324457,"href":"https:\/\/cussac87.com\/index.php\/wp-json\/wp\/v2\/pages\/6743\/revisions\/324457"}],"wp:featuredmedia":[{"embeddable":true,"href":"https:\/\/cussac87.com\/index.php\/wp-json\/wp\/v2\/media\/6745"}],"wp:attachment":[{"href":"https:\/\/cussac87.com\/index.php\/wp-json\/wp\/v2\/media?parent=6743"}],"curies":[{"name":"wp","href":"https:\/\/api.w.org\/{rel}","templated":true}]}}