{"id":6253,"date":"2021-10-17T11:26:33","date_gmt":"2021-10-17T09:26:33","guid":{"rendered":"https:\/\/cussac87.com\/index.php\/intramuros\/"},"modified":"2022-03-05T08:54:01","modified_gmt":"2022-03-05T07:54:01","slug":"intramuros","status":"publish","type":"page","link":"https:\/\/cussac87.com\/index.php\/intramuros\/","title":{"rendered":"Intramuros"},"content":{"rendered":"<div data-colibri-id=\"6253-c1\" class=\"style-2587 style-local-6253-c1 position-relative\">\r\n  <!---->\r\n  <div data-colibri-component=\"section\" data-colibri-id=\"6253-c2\" id=\"overlappable\" class=\"h-section h-section-global-spacing d-flex align-items-lg-center align-items-md-center align-items-center style-2620 style-local-6253-c2 position-relative\">\r\n    <!---->\r\n    <!---->\r\n    <div class=\"h-section-grid-container h-section-boxed-container\">\r\n      <!---->\r\n      <div data-colibri-id=\"6253-c3\" class=\"h-row-container gutters-row-lg-0 gutters-row-md-0 gutters-row-0 gutters-row-v-lg-0 gutters-row-v-md-0 gutters-row-v-0 style-2621 style-local-6253-c3 position-relative\">\r\n        <!---->\r\n        <div class=\"h-row justify-content-lg-center justify-content-md-center justify-content-center align-items-lg-stretch align-items-md-stretch align-items-stretch gutters-col-lg-0 gutters-col-md-0 gutters-col-0 gutters-col-v-lg-0 gutters-col-v-md-0 gutters-col-v-0\">\r\n          <!---->\r\n          <div class=\"h-column h-column-container d-flex h-col-lg-auto h-col-md-auto h-col-auto style-2622-outer style-local-6253-c4-outer\">\r\n            <div data-colibri-id=\"6253-c4\" class=\"d-flex h-flex-basis h-column__inner h-ui-empty-state-container h-px-lg-0 h-px-md-0 h-px-0 v-inner-lg-0 v-inner-md-0 v-inner-0 style-2622 style-local-6253-c4 position-relative\">\r\n              <!---->\r\n              <!---->\r\n              <div class=\"w-100 h-y-container h-column__content h-column__v-align flex-basis-100\">\r\n                <!---->\r\n              <\/div>\r\n            <\/div>\r\n          <\/div>\r\n          <div class=\"h-column h-column-container d-flex h-col-lg-auto h-col-md-auto h-col-auto style-2623-outer style-local-6253-c5-outer\">\r\n            <div data-colibri-id=\"6253-c5\" class=\"d-flex h-flex-basis h-column__inner h-px-lg-2 h-px-md-2 h-px-2 v-inner-lg-2 v-inner-md-2 v-inner-2 style-2623 style-local-6253-c5 position-relative\">\r\n              <!---->\r\n              <!---->\r\n              <div class=\"w-100 h-y-container h-column__content h-column__v-align flex-basis-100 align-self-lg-center align-self-md-center align-self-center\">\r\n                <!---->\r\n                <div data-colibri-id=\"6253-c6\" class=\"h-global-transition-all h-heading style-2624 style-local-6253-c6 position-relative h-element\">\r\n                  <!---->\r\n                  <div class=\"h-heading__outer style-2624 style-local-6253-c6\">\r\n                    <!---->\r\n                    <!---->\r\n                    <h3 class=\"\">Informez et restez inform\u00e9s<\/h3>\r\n                  <\/div>\r\n                <\/div>\r\n                <div data-colibri-id=\"6253-c7\" class=\"h-lead h-text h-text-component style-2625 style-local-6253-c7 position-relative h-element\">\r\n                  <!---->\r\n                  <!---->\r\n                  <div class=\"\">\r\n                    <p>L&rsquo;application mobile Intramuros vous permet de suivre l&rsquo;actualit\u00e9, les \u00e9v\u00e9nements qui se d\u00e9roulent sur la commune de Cussac ainsi que d&rsquo;autres services. Comme les points d\u2019int\u00e9r\u00eats d&rsquo;environ 3000 communes en France.<\/p>\r\n                  <\/div>\r\n                <\/div>\r\n              <\/div>\r\n            <\/div>\r\n          <\/div>\r\n          <div class=\"h-column h-column-container d-flex h-col-lg-auto h-col-md-auto h-col-auto style-2623-outer style-local-6253-c8-outer\">\r\n            <div data-colibri-id=\"6253-c8\" class=\"d-flex h-flex-basis h-column__inner h-px-lg-2 h-px-md-2 h-px-2 v-inner-lg-2 v-inner-md-2 v-inner-2 style-2623 style-local-6253-c8 position-relative\">\r\n              <!---->\r\n              <!---->\r\n              <div class=\"w-100 h-y-container h-column__content h-column__v-align flex-basis-100 align-self-lg-center align-self-md-center align-self-center\">\r\n                <!---->\r\n                <div data-colibri-id=\"6253-c9\" class=\"h-global-transition-all h-heading style-2624 style-local-6253-c9 position-relative h-element\">\r\n                  <!---->\r\n                  <div class=\"h-heading__outer style-2624 style-local-6253-c9\">\r\n                    <!---->\r\n                    <!---->\r\n                    <h3 class=\"\">Devenez acteur de votre commune<\/h3>\r\n                  <\/div>\r\n                <\/div>\r\n                <div data-colibri-id=\"6253-c10\" class=\"h-lead h-text h-text-component style-2625 style-local-6253-c10 position-relative h-element\">\r\n                  <!---->\r\n                  <!---->\r\n                  <div class=\"\">\r\n                    <p>L&rsquo;application Intramuros vous permet de signaler un incident sur la commune.Prenez une photo, choisissez une cat\u00e9gorie et alertez d&rsquo;un probl\u00e8me.<\/p>\r\n                  <\/div>\r\n                <\/div>\r\n              <\/div>\r\n            <\/div>\r\n          <\/div>\r\n          <div class=\"h-column h-column-container d-flex h-col-lg-auto h-col-md-auto h-col-auto style-2628-outer style-local-6253-c11-outer\">\r\n            <div data-colibri-id=\"6253-c11\" class=\"d-flex h-flex-basis h-column__inner h-ui-empty-state-container h-px-lg-0 h-px-md-0 h-px-0 v-inner-lg-0 v-inner-md-0 v-inner-0 style-2628 style-local-6253-c11 position-relative\">\r\n              <!---->\r\n              <!---->\r\n              <div class=\"w-100 h-y-container h-column__content h-column__v-align flex-basis-100\">\r\n                <!---->\r\n              <\/div>\r\n            <\/div>\r\n          <\/div>\r\n        <\/div>\r\n      <\/div>\r\n      <div data-colibri-id=\"6253-c12\" class=\"h-row-container gutters-row-lg-2 gutters-row-md-2 gutters-row-0 gutters-row-v-lg-2 gutters-row-v-md-2 gutters-row-v-2 style-2635 style-local-6253-c12 position-relative\">\r\n        <!---->\r\n        <div class=\"h-row justify-content-lg-center justify-content-md-center justify-content-center align-items-lg-stretch align-items-md-stretch align-items-stretch gutters-col-lg-2 gutters-col-md-2 gutters-col-0 gutters-col-v-lg-2 gutters-col-v-md-2 gutters-col-v-2\">\r\n          <!---->\r\n          <div class=\"h-column h-column-container d-flex h-col-lg-6 h-col-md-6 h-col-12 style-2636-outer style-local-6253-c13-outer\">\r\n            <div data-colibri-id=\"6253-c13\" class=\"d-flex h-flex-basis h-column__inner h-px-lg-2 h-px-md-2 h-px-2 v-inner-lg-2 v-inner-md-2 v-inner-2 style-2636 style-local-6253-c13 position-relative\">\r\n              <!---->\r\n              <!---->\r\n              <div class=\"w-100 h-y-container h-column__content h-column__v-align flex-basis-100 align-self-lg-start align-self-md-start align-self-start\">\r\n                <!---->\r\n                <div data-colibri-id=\"6253-c14\" class=\"h-global-transition-all h-heading style-2639 style-local-6253-c14 position-relative h-element\">\r\n                  <!---->\r\n                  <div class=\"h-heading__outer style-2639 style-local-6253-c14\">\r\n                    <!---->\r\n                    <!---->\r\n                    <h2 class=\"\">T\u00e9l\u00e9chargez gratuitement l&rsquo;application sur votre smartphone<\/h2>\r\n                  <\/div>\r\n                <\/div>\r\n              <\/div>\r\n            <\/div>\r\n          <\/div>\r\n          <div class=\"h-column h-column-container d-flex h-col-lg-6 h-col-md-6 h-col-12 style-2640-outer style-local-6253-c15-outer\">\r\n            <div data-colibri-id=\"6253-c15\" class=\"d-flex h-flex-basis h-column__inner h-px-lg-2 h-px-md-2 h-px-2 v-inner-lg-2 v-inner-md-2 v-inner-2 style-2640 style-local-6253-c15 position-relative\">\r\n              <!---->\r\n              <!---->\r\n              <div class=\"w-100 h-y-container h-column__content h-column__v-align flex-basis-100 align-self-lg-start align-self-md-start align-self-start\">\r\n                <!---->\r\n                <div data-colibri-id=\"6253-c16\" class=\"d-block style-2641 style-local-6253-c16 position-relative h-element\">\r\n                  <!---->\r\n                  <div class=\"h-image__frame-container-outer\">\r\n                    <div class=\"h-image__frame-container\">\r\n                      <!---->\r\n                      <!---->\r\n                      <img decoding=\"async\" width=\"2058\" height=\"592\" data-src=\"https:\/\/cussac87.com\/wp-content\/uploads\/2021\/10\/apli_intra.jpg\" class=\"wp-image-6280 style-2641-image style-local-6253-c16-image lazyload\" alt=\"\" data-srcset=\"https:\/\/cussac87.com\/wp-content\/uploads\/2021\/10\/apli_intra.jpg 2058w, https:\/\/cussac87.com\/wp-content\/uploads\/2021\/10\/apli_intra-300x86.jpg 300w, https:\/\/cussac87.com\/wp-content\/uploads\/2021\/10\/apli_intra-1024x295.jpg 1024w, https:\/\/cussac87.com\/wp-content\/uploads\/2021\/10\/apli_intra-768x221.jpg 768w, https:\/\/cussac87.com\/wp-content\/uploads\/2021\/10\/apli_intra-1536x442.jpg 1536w, https:\/\/cussac87.com\/wp-content\/uploads\/2021\/10\/apli_intra-2048x589.jpg 2048w, https:\/\/cussac87.com\/wp-content\/uploads\/2021\/10\/apli_intra-500x144.jpg 500w, https:\/\/cussac87.com\/wp-content\/uploads\/2021\/10\/apli_intra-800x230.jpg 800w, https:\/\/cussac87.com\/wp-content\/uploads\/2021\/10\/apli_intra-1280x368.jpg 1280w, https:\/\/cussac87.com\/wp-content\/uploads\/2021\/10\/apli_intra-1920x552.jpg 1920w, https:\/\/cussac87.com\/wp-content\/uploads\/2021\/10\/apli_intra-24x7.jpg 24w, https:\/\/cussac87.com\/wp-content\/uploads\/2021\/10\/apli_intra-36x10.jpg 36w, https:\/\/cussac87.com\/wp-content\/uploads\/2021\/10\/apli_intra-48x14.jpg 48w\" data-sizes=\"(max-width: 2058px) 100vw, 2058px\" src=\"data:image\/svg+xml;base64,PHN2ZyB3aWR0aD0iMSIgaGVpZ2h0PSIxIiB4bWxucz0iaHR0cDovL3d3dy53My5vcmcvMjAwMC9zdmciPjwvc3ZnPg==\" style=\"--smush-placeholder-width: 2058px; --smush-placeholder-aspect-ratio: 2058\/592;\" \/>\r\n                      <div class=\"h-image__frame h-hide-lg h-hide-md h-hide-sm style-2641-frameImage style-local-6253-c16-frameImage\"><\/div>\r\n                    <\/div>\r\n                  <\/div>\r\n                <\/div>\r\n              <\/div>\r\n            <\/div>\r\n          <\/div>\r\n        <\/div>\r\n      <\/div>\r\n    <\/div>\r\n  <\/div>\r\n  <div data-colibri-component=\"section\" data-colibri-id=\"6253-c17\" id=\"custom\" class=\"h-section h-section-global-spacing d-flex align-items-lg-center align-items-md-center align-items-center style-2615 style-local-6253-c17 position-relative\">\r\n    <!---->\r\n    <!---->\r\n    <div class=\"h-section-grid-container h-section-boxed-container\">\r\n      <!---->\r\n      <div data-colibri-id=\"6253-c18\" class=\"h-row-container gutters-row-lg-2 gutters-row-md-2 gutters-row-0 gutters-row-v-lg-2 gutters-row-v-md-2 gutters-row-v-2 style-2616 style-local-6253-c18 position-relative\">\r\n        <!---->\r\n        <div class=\"h-row justify-content-lg-center justify-content-md-center justify-content-center align-items-lg-stretch align-items-md-stretch align-items-stretch gutters-col-lg-2 gutters-col-md-2 gutters-col-0 gutters-col-v-lg-2 gutters-col-v-md-2 gutters-col-v-2\">\r\n          <!---->\r\n          <div class=\"h-column h-column-container d-flex h-col-lg-auto h-col-md-auto h-col-auto style-2617-outer style-local-6253-c19-outer\">\r\n            <div data-colibri-id=\"6253-c19\" class=\"d-flex h-flex-basis h-column__inner h-px-lg-2 h-px-md-2 h-px-2 v-inner-lg-2 v-inner-md-2 v-inner-2 style-2617 style-local-6253-c19 position-relative\">\r\n              <!---->\r\n              <!---->\r\n              <div class=\"w-100 h-y-container h-column__content h-column__v-align flex-basis-100 align-self-lg-start align-self-md-start align-self-start\">\r\n                <!---->\r\n                <div data-colibri-component=\"video\" data-colibri-id=\"6253-c20\" class=\"d-block h-video d-block h-video style-2618 style-local-6253-c20 position-relative h-element\">\r\n                  <!---->\r\n                  <!---->\r\n                  <div class=\"video-container position-relative\">\r\n                    <div class=\"h-global-transition-all ratio-inner\"><video class=\"h-video-main\"  ><source src=\"https:\/\/cussac87.com\/wp-content\/uploads\/2021\/10\/Video_de_presentation_IntraMuros_10MO_202033022290553716.mp4\" type=\"video\/mp4\" \/><\/video><\/div>\r\n                  <\/div>\r\n                <\/div>\r\n              <\/div>\r\n            <\/div>\r\n          <\/div>\r\n        <\/div>\r\n      <\/div>\r\n    <\/div>\r\n  <\/div>\r\n<\/div>","protected":false},"excerpt":{"rendered":"<p>Informez et restez inform\u00e9s L&rsquo;application mobile Intramuros vous permet de suivre l&rsquo;actualit\u00e9, les \u00e9v\u00e9nements qui se d\u00e9roulent sur la commune de Cussac ainsi que d&rsquo;autres services. Comme les points d\u2019int\u00e9r\u00eats d&rsquo;environ 3000 communes en France. Devenez acteur de votre commune L&rsquo;application Intramuros vous permet de signaler un incident sur la commune.Prenez une photo, choisissez une [&hellip;]<\/p>\n","protected":false},"author":1,"featured_media":6254,"parent":0,"menu_order":0,"comment_status":"closed","ping_status":"closed","template":"page-templates\/full-width-page.php","meta":{"footnotes":""},"jetpack_sharing_enabled":true,"featured_image_src":"https:\/\/cussac87.com\/wp-content\/uploads\/2021\/10\/logo_intramuros_2021528184846257750-600x400.png","featured_image_src_square":"https:\/\/cussac87.com\/wp-content\/uploads\/2021\/10\/logo_intramuros_2021528184846257750-600x600.png","_links":{"self":[{"href":"https:\/\/cussac87.com\/index.php\/wp-json\/wp\/v2\/pages\/6253"}],"collection":[{"href":"https:\/\/cussac87.com\/index.php\/wp-json\/wp\/v2\/pages"}],"about":[{"href":"https:\/\/cussac87.com\/index.php\/wp-json\/wp\/v2\/types\/page"}],"author":[{"embeddable":true,"href":"https:\/\/cussac87.com\/index.php\/wp-json\/wp\/v2\/users\/1"}],"replies":[{"embeddable":true,"href":"https:\/\/cussac87.com\/index.php\/wp-json\/wp\/v2\/comments?post=6253"}],"version-history":[{"count":4,"href":"https:\/\/cussac87.com\/index.php\/wp-json\/wp\/v2\/pages\/6253\/revisions"}],"predecessor-version":[{"id":6319,"href":"https:\/\/cussac87.com\/index.php\/wp-json\/wp\/v2\/pages\/6253\/revisions\/6319"}],"wp:featuredmedia":[{"embeddable":true,"href":"https:\/\/cussac87.com\/index.php\/wp-json\/wp\/v2\/media\/6254"}],"wp:attachment":[{"href":"https:\/\/cussac87.com\/index.php\/wp-json\/wp\/v2\/media?parent=6253"}],"curies":[{"name":"wp","href":"https:\/\/api.w.org\/{rel}","templated":true}]}}