{"id":5079,"date":"2021-06-02T22:39:02","date_gmt":"2021-06-02T20:39:02","guid":{"rendered":"https:\/\/cussac87.com\/?page_id=5079"},"modified":"2021-09-18T16:27:03","modified_gmt":"2021-09-18T14:27:03","slug":"a-school-under-the-moon","status":"publish","type":"page","link":"https:\/\/cussac87.com\/index.php\/a-school-under-the-moon\/","title":{"rendered":"A school under the moon"},"content":{"rendered":"<div data-colibri-id=\"5079-c1\" class=\"style-2423 style-local-5079-c1 position-relative\">\n  <!---->\n  <div data-colibri-component=\"section\" data-colibri-id=\"5079-c2\" id=\"about\" class=\"h-section h-section-global-spacing d-flex align-items-lg-center align-items-md-center align-items-center style-2424 style-local-5079-c2 position-relative\">\n    <!---->\n    <!---->\n    <div class=\"h-section-grid-container h-section-boxed-container\">\n      <!---->\n      <div data-colibri-id=\"5079-c3\" class=\"h-row-container gutters-row-lg-0 gutters-row-md-0 gutters-row-0 gutters-row-v-lg-0 gutters-row-v-md-0 gutters-row-v-0 style-2425 style-local-5079-c3 position-relative\">\n        <!---->\n        <div class=\"h-row justify-content-lg-center justify-content-md-center justify-content-center align-items-lg-stretch align-items-md-stretch align-items-stretch gutters-col-lg-0 gutters-col-md-0 gutters-col-0 gutters-col-v-lg-0 gutters-col-v-md-0 gutters-col-v-0\">\n          <!---->\n          <div class=\"h-column h-column-container d-flex h-col-lg-6 h-col-md-6 h-col-12 style-2426-outer style-local-5079-c4-outer\">\n            <div data-colibri-id=\"5079-c4\" class=\"d-flex h-flex-basis h-column__inner h-px-lg-0 h-px-md-0 h-px-0 v-inner-lg-0 v-inner-md-0 v-inner-0 style-2426 style-local-5079-c4 position-relative\">\n              <!---->\n              <!---->\n              <div class=\"w-100 h-y-container h-column__content h-column__v-align flex-basis-100 align-self-lg-center align-self-md-center align-self-center\">\n                <!---->\n                <div data-colibri-component=\"video\" data-colibri-id=\"5079-c5\" class=\"d-block h-video d-block h-video style-2585 style-local-5079-c5 position-relative h-element\">\n                  <!---->\n                  <!---->\n                  <div class=\"video-container position-relative\">\n                    <div class=\"h-global-transition-all ratio-inner\"><iframe data-src=\"https:\/\/www.youtube.com\/embed\/cKU9TfOaRTY?autoplay=0&#038;mute=0&#038;modestbranding=0&#038;rel=0&#038;enablejsapi=1&#038;\"  class=\"h-video-main lazyload\"  allowfullscreen src=\"data:image\/svg+xml;base64,PHN2ZyB3aWR0aD0iMSIgaGVpZ2h0PSIxIiB4bWxucz0iaHR0cDovL3d3dy53My5vcmcvMjAwMC9zdmciPjwvc3ZnPg==\" data-load-mode=\"1\"><\/iframe><\/div>\n                  <\/div>\n                <\/div>\n              <\/div>\n            <\/div>\n          <\/div>\n          <div class=\"h-column h-column-container d-flex h-col-lg-6 h-col-md-6 h-col-12 style-2427-outer style-local-5079-c7-outer\">\n            <div data-colibri-id=\"5079-c7\" class=\"d-flex h-flex-basis h-column__inner h-px-lg-2 h-px-md-2 h-px-2 v-inner-lg-2 v-inner-md-2 v-inner-2 style-2427 style-local-5079-c7 position-relative\">\n              <!---->\n              <!---->\n              <div class=\"w-100 h-y-container h-column__content h-column__v-align flex-basis-100 align-self-lg-start align-self-md-start align-self-start\">\n                <!---->\n                <div data-colibri-id=\"5079-c8\" class=\"h-global-transition-all h-heading style-2429 style-local-5079-c8 position-relative h-element\">\n                  <!---->\n                  <div class=\"h-heading__outer style-2429 style-local-5079-c8\">\n                    <!---->\n                    <!---->\n                    <h2 class=\"\">A School Under The Moon<\/h2>\n                  <\/div>\n                <\/div>\n                <div data-colibri-id=\"5079-c9\" class=\"h-lead h-text h-text-component style-2430 style-local-5079-c9 position-relative h-element\">\n                  <!---->\n                  <!---->\n                  <div class=\"\">\n                    <p>Ce film a \u00e9t\u00e9 r\u00e9alis\u00e9 par les \u00e9coles de Cussac.\n                      <br>\n                      <br><em>Les maternelles ont r\u00e9alis\u00e9 les d\u00e9cors, les CM ont r\u00e9dig\u00e9 l\u2019histoire en anglais et l\u2019ensemble des classes ont particip\u00e9 \u00e0 la r\u00e9alisation du film et des bruitages. <\/em><\/p>\n                  <\/div>\n                <\/div>\n              <\/div>\n            <\/div>\n          <\/div>\n        <\/div>\n      <\/div>\n    <\/div>\n  <\/div>\n<\/div>","protected":false},"excerpt":{"rendered":"<p>A School Under The Moon Ce film a \u00e9t\u00e9 r\u00e9alis\u00e9 par les \u00e9coles de Cussac. Les maternelles ont r\u00e9alis\u00e9 les d\u00e9cors, les CM ont r\u00e9dig\u00e9 l\u2019histoire en anglais et l\u2019ensemble des classes ont particip\u00e9 \u00e0 la r\u00e9alisation du film et des bruitages.<\/p>\n","protected":false},"author":1,"featured_media":0,"parent":0,"menu_order":0,"comment_status":"closed","ping_status":"closed","template":"page-templates\/full-width-page.php","meta":{"footnotes":""},"jetpack_sharing_enabled":true,"featured_image_src":null,"featured_image_src_square":null,"_links":{"self":[{"href":"https:\/\/cussac87.com\/index.php\/wp-json\/wp\/v2\/pages\/5079"}],"collection":[{"href":"https:\/\/cussac87.com\/index.php\/wp-json\/wp\/v2\/pages"}],"about":[{"href":"https:\/\/cussac87.com\/index.php\/wp-json\/wp\/v2\/types\/page"}],"author":[{"embeddable":true,"href":"https:\/\/cussac87.com\/index.php\/wp-json\/wp\/v2\/users\/1"}],"replies":[{"embeddable":true,"href":"https:\/\/cussac87.com\/index.php\/wp-json\/wp\/v2\/comments?post=5079"}],"version-history":[{"count":7,"href":"https:\/\/cussac87.com\/index.php\/wp-json\/wp\/v2\/pages\/5079\/revisions"}],"predecessor-version":[{"id":5919,"href":"https:\/\/cussac87.com\/index.php\/wp-json\/wp\/v2\/pages\/5079\/revisions\/5919"}],"wp:attachment":[{"href":"https:\/\/cussac87.com\/index.php\/wp-json\/wp\/v2\/media?parent=5079"}],"curies":[{"name":"wp","href":"https:\/\/api.w.org\/{rel}","templated":true}]}}