{"id":379125,"date":"2025-06-29T23:49:03","date_gmt":"2025-06-29T21:49:03","guid":{"rendered":"https:\/\/cussac87.com\/?page_id=379125"},"modified":"2025-06-29T23:57:47","modified_gmt":"2025-06-29T21:57:47","slug":"reglement-interieur","status":"publish","type":"page","link":"https:\/\/cussac87.com\/index.php\/reglement-interieur\/","title":{"rendered":"R\u00e8glement Int\u00e9rieur"},"content":{"rendered":"<div data-colibri-id=\"379125-c1\" class=\"style-3373 style-local-379125-c1 position-relative\">\r\n  <!---->\r\n  <div data-colibri-component=\"section\" data-colibri-id=\"379125-c2\" id=\"blank\" class=\"h-section h-section-global-spacing d-flex align-items-lg-center align-items-md-center align-items-center style-3374 style-local-379125-c2 position-relative\">\r\n    <!---->\r\n    <!---->\r\n    <div class=\"h-section-grid-container h-section-boxed-container\">\r\n      <!---->\r\n      <div data-colibri-id=\"379125-c16\" class=\"h-row-container gutters-row-lg-2 gutters-row-md-2 gutters-row-0 gutters-row-v-lg-2 gutters-row-v-md-2 gutters-row-v-2 style-3387 style-local-379125-c16 position-relative\">\r\n        <!---->\r\n        <div class=\"h-row justify-content-lg-center justify-content-md-center justify-content-center align-items-lg-stretch align-items-md-stretch align-items-stretch gutters-col-lg-2 gutters-col-md-2 gutters-col-0 gutters-col-v-lg-2 gutters-col-v-md-2 gutters-col-v-2\">\r\n          <!---->\r\n          <div class=\"h-column h-column-container d-flex h-col-lg-auto h-col-md-auto h-col-auto style-3388-outer style-local-379125-c17-outer\">\r\n            <div data-colibri-id=\"379125-c17\" class=\"d-flex h-flex-basis h-column__inner h-px-lg-2 h-px-md-2 h-px-2 v-inner-lg-2 v-inner-md-2 v-inner-2 style-3388 style-local-379125-c17 position-relative\">\r\n              <!---->\r\n              <!---->\r\n              <div class=\"w-100 h-y-container h-column__content h-column__v-align flex-basis-100 align-self-lg-start align-self-md-start align-self-start\">\r\n                <!---->\r\n                <div data-colibri-id=\"379125-c18\" class=\"icon-list d-flex justify-content-lg-center justify-content-md-center justify-content-center style-3386 style-local-379125-c18 position-relative h-element\">\r\n                  <!---->\r\n                  <ul class=\"ul-list-icon vertical-on-desktop vertical-on-tablet vertical-on-mobile justify-content-lg-center justify-content-md-center justify-content-center\">\r\n                    <!---->\r\n                    <li class=\"list-item no-gutters\">\r\n                      <!---->\r\n                      <div class=\"list-container-divider d-flex justify-content-lg-center justify-content-md-center justify-content-center first-el-spacer\"><\/div>\r\n                      <a href=\"https:\/\/cussac87.com\/wp-content\/uploads\/2025\/06\/RI-GARDERIE.pdf\" data-fancybox=\"section-group-fUaeMuUY8VhCMDHYqJAU1V\" h-use-smooth-scroll=\"true\" class=\"item-link no-gutters\">\r\n                        <div class=\"d-flex h-col no-gutters align-items-lg-center align-items-md-center align-items-center list-item-text-wrapper\">\r\n                          <div class=\"d-flex\"><span class=\"h-svg-icon style-3386-icon style-local-379125-c18-icon\"><!--Icon by Font Awesome (https:\/\/fontawesome.com)-->\r\n    <svg version=\"1.1\" xmlns=\"http:\/\/www.w3.org\/2000\/svg\" xmlns:xlink=\"http:\/\/www.w3.org\/1999\/xlink\" id=\"check\" viewBox=\"0 0 1792 1896.0833\">\r\n      <path d=\"M1671 566q0 40-28 68l-724 724-136 136q-28 28-68 28t-68-28l-136-136-362-362q-28-28-28-68t28-68l136-136q28-28 68-28t68 28l294 295 656-657q28-28 68-28t68 28l136 136q28 28 28 68z\"><\/path>\r\n    <\/svg><\/span><\/div> <span class=\"list-text d-block\"><span>R\u00e8glement int\u00e9rieur de la garderie scolaire municipale<\/span><\/span>\r\n                        <\/div>\r\n                      <\/a>\r\n                      <div class=\"list-container-divider d-flex justify-content-lg-center justify-content-md-center justify-content-center\">\r\n                        <!---->\r\n                      <\/div>\r\n                    <\/li>\r\n                    <li class=\"list-item no-gutters\">\r\n                      <!---->\r\n                      <!---->\r\n                      <a href=\"https:\/\/cussac87.com\/wp-content\/uploads\/2025\/06\/RI-CANTINE.pdf\" data-fancybox=\"section-group-fUaeMuUY8VhCMDHYqJAU1V\" h-use-smooth-scroll=\"true\" class=\"item-link no-gutters\">\r\n                        <div class=\"d-flex h-col no-gutters align-items-lg-center align-items-md-center align-items-center list-item-text-wrapper\">\r\n                          <div class=\"d-flex\"><span class=\"h-svg-icon style-3386-icon style-local-379125-c18-icon\"><!--Icon by Font Awesome (https:\/\/fontawesome.com)-->\r\n    <svg version=\"1.1\" xmlns=\"http:\/\/www.w3.org\/2000\/svg\" xmlns:xlink=\"http:\/\/www.w3.org\/1999\/xlink\" id=\"check\" viewBox=\"0 0 1792 1896.0833\">\r\n      <path d=\"M1671 566q0 40-28 68l-724 724-136 136q-28 28-68 28t-68-28l-136-136-362-362q-28-28-28-68t28-68l136-136q28-28 68-28t68 28l294 295 656-657q28-28 68-28t68 28l136 136q28 28 28 68z\"><\/path>\r\n    <\/svg><\/span><\/div> <span class=\"list-text d-block\"><span>R\u00e8glement int\u00e9rieur de la cantine scolaire municipale<\/span><\/span>\r\n                        <\/div>\r\n                      <\/a>\r\n                      <div class=\"list-container-divider d-flex justify-content-lg-center justify-content-md-center justify-content-center\" style=\"display: none;\">\r\n                        <!---->\r\n                      <\/div>\r\n                      <div class=\"list-container-divider d-flex justify-content-lg-center justify-content-md-center justify-content-center last-el-spacer\"><\/div>\r\n                    <\/li>\r\n                  <\/ul>\r\n                <\/div>\r\n              <\/div>\r\n            <\/div>\r\n          <\/div>\r\n        <\/div>\r\n      <\/div>\r\n    <\/div>\r\n  <\/div>\r\n<\/div>","protected":false},"excerpt":{"rendered":"<p>R\u00e8glement int\u00e9rieur de la garderie scolaire municipale R\u00e8glement int\u00e9rieur de la cantine scolaire municipale<\/p>\n","protected":false},"author":1,"featured_media":2423,"parent":0,"menu_order":0,"comment_status":"closed","ping_status":"closed","template":"page-templates\/full-width-page.php","meta":{"footnotes":""},"jetpack_sharing_enabled":true,"featured_image_src":"https:\/\/cussac87.com\/wp-content\/uploads\/2021\/05\/compte_rendu-600x280.jpg","featured_image_src_square":"https:\/\/cussac87.com\/wp-content\/uploads\/2021\/05\/compte_rendu-600x280.jpg","_links":{"self":[{"href":"https:\/\/cussac87.com\/index.php\/wp-json\/wp\/v2\/pages\/379125"}],"collection":[{"href":"https:\/\/cussac87.com\/index.php\/wp-json\/wp\/v2\/pages"}],"about":[{"href":"https:\/\/cussac87.com\/index.php\/wp-json\/wp\/v2\/types\/page"}],"author":[{"embeddable":true,"href":"https:\/\/cussac87.com\/index.php\/wp-json\/wp\/v2\/users\/1"}],"replies":[{"embeddable":true,"href":"https:\/\/cussac87.com\/index.php\/wp-json\/wp\/v2\/comments?post=379125"}],"version-history":[{"count":4,"href":"https:\/\/cussac87.com\/index.php\/wp-json\/wp\/v2\/pages\/379125\/revisions"}],"predecessor-version":[{"id":379176,"href":"https:\/\/cussac87.com\/index.php\/wp-json\/wp\/v2\/pages\/379125\/revisions\/379176"}],"wp:featuredmedia":[{"embeddable":true,"href":"https:\/\/cussac87.com\/index.php\/wp-json\/wp\/v2\/media\/2423"}],"wp:attachment":[{"href":"https:\/\/cussac87.com\/index.php\/wp-json\/wp\/v2\/media?parent=379125"}],"curies":[{"name":"wp","href":"https:\/\/api.w.org\/{rel}","templated":true}]}}