{"id":1376,"date":"2020-06-28T23:39:29","date_gmt":"2020-06-28T21:39:29","guid":{"rendered":"http:\/\/cussac87.com\/?page_id=1376"},"modified":"2024-02-27T10:58:32","modified_gmt":"2024-02-27T09:58:32","slug":"contact","status":"publish","type":"page","link":"https:\/\/cussac87.com\/index.php\/contact\/","title":{"rendered":"Contact"},"content":{"rendered":"<div data-colibri-id=\"1376-c1\" class=\"style-2097 style-local-1376-c1 position-relative\">\n  <!---->\n  <div data-colibri-component=\"section\" data-colibri-id=\"1376-c2\" id=\"contact\" class=\"h-section h-section-global-spacing d-flex align-items-lg-center align-items-md-center align-items-center style-2102 style-local-1376-c2 position-relative\">\n    <!---->\n    <!---->\n    <div class=\"h-section-grid-container h-section-boxed-container\">\n      <!---->\n      <div data-colibri-id=\"1376-c3\" class=\"h-row-container gutters-row-lg-0 gutters-row-md-0 gutters-row-2 gutters-row-v-lg-0 gutters-row-v-md-0 gutters-row-v-2 style-2103 style-local-1376-c3 position-relative\">\n        <!---->\n        <div class=\"h-row justify-content-lg-center justify-content-md-center justify-content-center align-items-lg-center align-items-md-center align-items-center gutters-col-lg-0 gutters-col-md-0 gutters-col-2 gutters-col-v-lg-0 gutters-col-v-md-0 gutters-col-v-2\">\n          <!---->\n          <div class=\"h-column h-column-container d-flex h-col-lg-auto h-col-md-auto h-col-auto align-self-lg-center align-self-md-center align-self-center style-2104-outer style-local-1376-c4-outer\">\n            <div data-colibri-id=\"1376-c4\" class=\"d-flex h-flex-basis h-column__inner h-px-lg-3 h-px-md-3 h-px-2 v-inner-lg-3 v-inner-md-3 v-inner-2 style-2104 style-local-1376-c4 position-relative\">\n              <!---->\n              <!---->\n              <div class=\"w-100 h-y-container h-column__content h-column__v-align flex-basis-100 align-self-lg-start align-self-md-start align-self-start\">\n                <!---->\n                <div data-colibri-id=\"1376-c5\" class=\"h-row-container gutters-row-lg-0 gutters-row-md-0 gutters-row-0 gutters-row-v-lg-0 gutters-row-v-md-0 gutters-row-v-0 style-2105 style-local-1376-c5 position-relative\">\n                  <!---->\n                  <div class=\"h-row justify-content-lg-center justify-content-md-center justify-content-center align-items-lg-stretch align-items-md-stretch align-items-stretch gutters-col-lg-0 gutters-col-md-0 gutters-col-0 gutters-col-v-lg-0 gutters-col-v-md-0 gutters-col-v-0\">\n                    <!---->\n                    <div class=\"h-column h-column-container d-flex h-col-lg-12 h-col-md-12 h-col-12 style-2106-outer style-local-1376-c6-outer\">\n                      <div data-colibri-id=\"1376-c6\" class=\"d-flex h-flex-basis h-column__inner h-px-lg-0 h-px-md-0 h-px-0 v-inner-lg-0 v-inner-md-0 v-inner-0 style-2106 style-local-1376-c6 position-relative\">\n                        <!---->\n                        <!---->\n                        <div class=\"w-100 h-y-container h-column__content h-column__v-align flex-basis-100 align-self-lg-start align-self-md-start align-self-start\">\n                          <!---->\n                          <div data-colibri-id=\"1376-c7\" class=\"h-global-transition-all h-heading style-2107 style-local-1376-c7 position-relative h-element\">\n                            <!---->\n                            <div class=\"h-heading__outer style-2107 style-local-1376-c7\">\n                              <!---->\n                              <!---->\n                              <h2 class=\"\">Pour nous contacter&#8230;<\/h2>\n                            <\/div>\n                          <\/div>\n                          <div data-colibri-id=\"1376-c8\" class=\"h-lead h-text h-text-component style-2108 style-local-1376-c8 position-relative h-element\">\n                            <!---->\n                            <!---->\n                            <div class=\"\">\n                              <p>Vous pouvez nous contacter par t\u00e9l\u00e9phone les lundi,mardi, jeudi, vendredi de 9H \u00e0 12H et de 15H \u00e0 18H, et les mercredi.\n                                <br>\n                              <\/p>\n                            <\/div>\n                          <\/div>\n                        <\/div>\n                      <\/div>\n                    <\/div>\n                  <\/div>\n                <\/div>\n                <div data-colibri-id=\"1376-c9\" class=\"h-row-container gutters-row-lg-0 gutters-row-md-0 gutters-row-0 gutters-row-v-lg-0 gutters-row-v-md-0 gutters-row-v-0 style-2110 style-local-1376-c9 position-relative\">\n                  <!---->\n                  <div class=\"h-row justify-content-lg-center justify-content-md-center justify-content-center align-items-lg-stretch align-items-md-stretch align-items-stretch gutters-col-lg-0 gutters-col-md-0 gutters-col-0 gutters-col-v-lg-0 gutters-col-v-md-0 gutters-col-v-0\">\n                    <!---->\n                    <div class=\"h-column h-column-container d-flex h-col-lg-auto h-col-md-auto h-col-auto style-2111-outer style-local-1376-c10-outer\">\n                      <div data-colibri-id=\"1376-c10\" class=\"d-flex h-flex-basis h-column__inner h-px-lg-0 h-px-md-0 h-px-2 v-inner-lg-0 v-inner-md-0 v-inner-2 style-2111 style-local-1376-c10 position-relative\">\n                        <!---->\n                        <!---->\n                        <div class=\"w-100 h-y-container h-column__content h-column__v-align flex-basis-100 align-self-lg-start align-self-md-start align-self-start\">\n                          <!---->\n                          <div data-colibri-id=\"1376-c11\" class=\"h-icon style-2128 style-local-1376-c11 position-relative h-element\">\n                            <!----><span class=\"h-svg-icon h-icon__icon style-2128-icon style-local-1376-c11-icon\"><!--Icon by Font Awesome (https:\/\/fontawesome.com)-->\n    <svg version=\"1.1\" xmlns=\"http:\/\/www.w3.org\/2000\/svg\" xmlns:xlink=\"http:\/\/www.w3.org\/1999\/xlink\" id=\"envelope-o\" viewBox=\"0 0 1792 1896.0833\">\n      <path d=\"M1664 1504V736q-32 36-69 66-268 206-426 338-51 43-83 67t-86.5 48.5T897 1280h-2q-48 0-102.5-24.5T706 1207t-83-67q-158-132-426-338-37-30-69-66v768q0 13 9.5 22.5t22.5 9.5h1472q13 0 22.5-9.5t9.5-22.5zm0-1051v-24.5l-.5-13-3-12.5-5.5-9-9-7.5-14-2.5H160q-13 0-22.5 9.5T128 416q0 168 147 284 193 152 401 317 6 5 35 29.5t46 37.5 44.5 31.5T852 1143t43 9h2q20 0 43-9t50.5-27.5 44.5-31.5 46-37.5 35-29.5q208-165 401-317 54-43 100.5-115.5T1664 453zm128-37v1088q0 66-47 113t-113 47H160q-66 0-113-47T0 1504V416q0-66 47-113t113-47h1472q66 0 113 47t47 113z\"><\/path>\n    <\/svg><\/span><\/div>\n                        <\/div>\n                      <\/div>\n                    <\/div>\n                    <div class=\"h-column h-column-container d-flex h-col-lg-auto h-col-md-auto h-col-auto style-2114-outer style-local-1376-c12-outer\">\n                      <div data-colibri-id=\"1376-c12\" class=\"d-flex h-flex-basis h-column__inner h-px-lg-0 h-px-md-0 h-px-2 v-inner-lg-0 v-inner-md-0 v-inner-2 style-2114 style-local-1376-c12 position-relative\">\n                        <!---->\n                        <!---->\n                        <div class=\"w-100 h-y-container h-column__content h-column__v-align flex-basis-100 align-self-lg-start align-self-md-start align-self-start\">\n                          <!---->\n                          <div data-colibri-id=\"1376-c13\" class=\"h-text h-text-component style-2112 style-local-1376-c13 position-relative h-element\">\n                            <!---->\n                            <!---->\n                            <div class=\"\">\n                              <p>1 place de la Mairie\n                                <br>\n                              <\/p>\n                            <\/div>\n                          <\/div>\n                          <div data-colibri-id=\"1376-c14\" class=\"h-text h-text-component style-2113 style-local-1376-c14 position-relative h-element\">\n                            <!---->\n                            <!---->\n                            <div class=\"\">\n                              <p>87150 CUSSAC\n                                <br>\n                              <\/p>\n                            <\/div>\n                          <\/div>\n                        <\/div>\n                      <\/div>\n                    <\/div>\n                    <div class=\"h-column h-column-container d-flex h-col-lg-auto h-col-md-auto h-col-auto style-2123-outer style-local-1376-c15-outer\">\n                      <div data-colibri-id=\"1376-c15\" class=\"d-flex h-flex-basis h-column__inner h-px-lg-0 h-px-md-0 h-px-0 v-inner-lg-0 v-inner-md-0 v-inner-0 style-2123 style-local-1376-c15 position-relative\">\n                        <!---->\n                        <!---->\n                        <div class=\"w-100 h-y-container h-column__content h-column__v-align flex-basis-100 align-self-lg-start align-self-md-start align-self-start\">\n                          <!---->\n                          <div data-colibri-id=\"1376-c16\" class=\"h-icon style-2126 style-local-1376-c16 position-relative h-element\">\n                            <!----><span class=\"h-svg-icon h-icon__icon style-2126-icon style-local-1376-c16-icon\"><!--Icon by Foundation Icons (https:\/\/zurb.com\/playground\/foundation-icon-fonts-3)--><svg version=\"1.1\" xmlns=\"http:\/\/www.w3.org\/2000\/svg\" xmlns:xlink=\"http:\/\/www.w3.org\/1999\/xlink\" id=\"telephone\" viewBox=\"0 0 358.4445 512.5\"><path d=\"M358.19 360.25c1 5-1 11-5 15l-50 50c-5 5-13 9-20 10h-7c-19 0-89-7-179-97-106-106-97-183-97-186 1-7 5-15 10-20l51-50c3-3 7-5 12-5 6 0 12 4 15 10l41 76c4 8 2 19-5 26l-18 19c-1 1-2 4-2 5 0 0 1 25 47 71s72 48 72 48c1 0 3-2 4-3l22-21c4-4 10-7 16-7 4 0 7 1 10 3h1l73 43c5 3 8 8 9 13z\"><\/path><\/svg><\/span><\/div>\n                          <div\n                            data-colibri-id=\"1376-c17\" class=\"h-icon style-2130 style-local-1376-c17 position-relative h-element\">\n                            <!----><span class=\"h-svg-icon h-icon__icon style-2130-icon style-local-1376-c17-icon\"><!--Icon by Socicon (http:\/\/www.socicon.com)--><svg version=\"1.1\" xmlns=\"http:\/\/www.w3.org\/2000\/svg\" viewBox=\"0 0 1500 1500\">\n\n<path d=\"M724.5 324c114 1.5 222 49.5 301.5 132v0c-3-34.5 22.5-64.5 58.5-67.5 1.5 0 3 0 3 0h9c37.5 1.5 67.5 31.5 67.5 70.5 0 0 0 0 0 0v598.5c-3 21 10.5 40.5 31.5 45 12 1.5 24-1.5 33-10.5 94.5-99 208.5-508.5-58.5-745.5-214.5-187.5-525-213-765-60-217.5 160.5-297 450-193.5 699 127.5 300 495 388.5 714 300 111-45 162 106.5 46.5 156-174 75-655.5 67.5-882-328.5-151.5-267-142.5-736.5 261-979.5 310.5-186 709.5-135 963 124.5 256.5 271.5 241.5 780-9 978-76.5 58.5-186 45-244.5-33-21-28.5-34.5-61.5-36-96l-1.5-42c-79.5 81-186 126-298.5 126-237-3-426-196.5-426-433.5s189-429 426-433.5c0 0 0 0 0 0zM1009.5 742.5c-1.5-150-123-270-273-268.5-3 0-4.5 0-7.5 0h-6c-171 0-267 136.5-267 291 0 174 115.5 283.5 265.5 283.5 154.5 3 282-118.5 286.5-271.5 1.5 0 1.5-34.5 1.5-34.5z\"><\/path>\n<\/svg>\n<\/span><\/div>\n                      <\/div>\n                    <\/div>\n                  <\/div>\n                  <div class=\"h-column h-column-container d-flex h-col-lg-auto h-col-md-auto h-col-auto style-2124-outer style-local-1376-c18-outer\">\n                    <div data-colibri-id=\"1376-c18\" class=\"d-flex h-flex-basis h-column__inner h-px-lg-0 h-px-md-0 h-px-0 v-inner-lg-0 v-inner-md-0 v-inner-0 style-2124 style-local-1376-c18 position-relative\">\n                      <!---->\n                      <!---->\n                      <div class=\"w-100 h-y-container h-column__content h-column__v-align flex-basis-100 align-self-lg-start align-self-md-start align-self-start\">\n                        <!---->\n                        <div data-colibri-id=\"1376-c19\" class=\"h-text h-text-component style-2115 style-local-1376-c19 position-relative h-element\">\n                          <!---->\n                          <!---->\n                          <div class=\"\">\n                            <p> 05 55 70 94 35\n                              <br>\n                            <\/p>\n                          <\/div>\n                        <\/div>\n                        <div data-colibri-id=\"1376-c20\" class=\"h-text h-text-component style-2116 style-local-1376-c20 position-relative h-element\">\n                          <!---->\n                          <!---->\n                          <div class=\"\">\n                            <p>mairie@cussac87.com<\/p>\n                          <\/div>\n                        <\/div>\n                      <\/div>\n                    <\/div>\n                  <\/div>\n                <\/div>\n              <\/div>\n            <\/div>\n          <\/div>\n        <\/div>\n        <div class=\"h-column h-column-container d-flex h-col-lg-auto h-col-md-auto h-col-auto align-self-lg-center align-self-md-center align-self-center style-2119-outer style-local-1376-c24-outer\">\n          <div data-colibri-id=\"1376-c24\" class=\"d-flex h-flex-basis h-column__inner h-px-lg-3 h-px-md-3 h-px-2 v-inner-lg-3 v-inner-md-3 v-inner-2 style-2119 style-local-1376-c24 position-relative\">\n            <!---->\n            <!---->\n            <div class=\"w-100 h-y-container h-column__content h-column__v-align flex-basis-100 align-self-lg-center align-self-md-center align-self-center\">\n              <!---->\n              <div data-colibri-id=\"1376-c25\" class=\"h-text h-text-component style-2132 style-local-1376-c25 position-relative h-element\">\n                <!---->\n                <!---->\n                <div class=\"\">\n                  <p>Formulaire de contact\n                    <br>\n                  <\/p>\n                <\/div>\n              <\/div>\n              <div data-colibri-id=\"1376-c26\" class=\"h-contact-form__outer--forminator style-2120 style-local-1376-c26 position-relative h-element\">\n                <!---->\n                <div class=\"h-global-transition-all h-global-transition h-global-transition-all h-contact-form-shortcode\"><div class=\"forminator-ui forminator-custom-form forminator-custom-form-3399   forminator_ajax\" data-forminator-render=\"0\" data-form=\"forminator-module-3399\" data-uid=\"69f1051bb5f84\"><br\/><\/div><form\n\t\t\t\tid=\"forminator-module-3399\"\n\t\t\t\tclass=\"forminator-ui forminator-custom-form forminator-custom-form-3399   forminator_ajax\"\n\t\t\t\tmethod=\"post\"\n\t\t\t\tdata-forminator-render=\"0\"\n\t\t\t\tdata-form-id=\"3399\"\n\t\t\t\t\n\t\t\t\tdata-design=\"none\"\n\t\t\t\tdata-color-option=\"default\"\n\t\t\t\t\n\t\t\t\t\n\t\t\t\t\n\t\t\t\tdata-grid=\"open\"\n\t\t\t\t\n\t\t\t\t\n\t\t\t\tstyle=\"display: none;\"\n\t\t\t\t\n\t\t\t\tdata-uid=\"69f1051bb5f84\"\n\t\t\t><div role=\"alert\" aria-live=\"polite\" class=\"forminator-response-message forminator-error\" aria-hidden=\"true\"><\/div><div class=\"forminator-row\"><div id=\"name-1\" class=\"forminator-field-name forminator-col forminator-col-12 \"><div class=\"forminator-field\"><label for=\"forminator-field-name-1_69f1051bb5f84\" id=\"forminator-field-name-1_69f1051bb5f84-label\" class=\"forminator-label\">Nom <span class=\"forminator-required\">*<\/span><\/label><input type=\"text\" name=\"name-1\" value=\"\" placeholder=\"\" id=\"forminator-field-name-1_69f1051bb5f84\" class=\"forminator-input forminator-name--field\" aria-required=\"true\" \/><\/div><\/div><\/div><div class=\"forminator-row\"><div id=\"email-1\" class=\"forminator-field-email forminator-col forminator-col-12 \"><div class=\"forminator-field\"><label for=\"forminator-field-email-1_69f1051bb5f84\" id=\"forminator-field-email-1_69f1051bb5f84-label\" class=\"forminator-label\">Adresse de messagerie <span class=\"forminator-required\">*<\/span><\/label><input type=\"email\" name=\"email-1\" value=\"\" placeholder=\"\" id=\"forminator-field-email-1_69f1051bb5f84\" class=\"forminator-input forminator-email--field\" data-required=\"true\" aria-required=\"true\" \/><\/div><\/div><\/div><div class=\"forminator-row\"><div id=\"text-1\" class=\"forminator-field-text forminator-col forminator-col-12 \"><div class=\"forminator-field\"><label for=\"forminator-field-text-1_69f1051bb5f84\" id=\"forminator-field-text-1_69f1051bb5f84-label\" class=\"forminator-label\">Sujet<\/label><input type=\"text\" name=\"text-1\" value=\"\" placeholder=\"\" id=\"forminator-field-text-1_69f1051bb5f84\" class=\"forminator-input forminator-name--field\" data-required=\"\" \/><\/div><\/div><\/div><div class=\"forminator-row\"><div id=\"textarea-1\" class=\"forminator-field-textarea forminator-col forminator-col-12 \"><div class=\"forminator-field\"><label for=\"forminator-field-textarea-1_69f1051bb5f84\" id=\"forminator-field-textarea-1_69f1051bb5f84-label\" class=\"forminator-label\">Message<\/label><textarea name=\"textarea-1\" placeholder=\"Saisissez votre message\u2026\" id=\"forminator-field-textarea-1_69f1051bb5f84\" class=\"forminator-textarea\" rows=\"6\" style=\"min-height:140px;\" maxlength=\"180\" ><\/textarea><span id=\"forminator-field-textarea-1_69f1051bb5f84-description\" class=\"forminator-description\"><span data-limit=\"180\" data-type=\"characters\" data-editor=\"\">0 \/ 180<\/span><\/span><\/div><\/div><\/div><div class=\"forminator-row\"><div id=\"captcha-1\" class=\"forminator-field-captcha forminator-col forminator-col-12 \"><div class=\"forminator-captcha-left forminator-g-recaptcha recaptcha-invisible\" data-theme=\"light\" data-badge=\"bottomright\" data-sitekey=\"6LcGUyYaAAAAAJ2rDt0jUv-CH02dBdGjKMQrSUzD\" data-size=\"invisible\"><\/div> <\/div><\/div><input type=\"hidden\" name=\"referer_url\" value=\"\" \/><div class=\"forminator-row forminator-row-last\"><div class=\"forminator-col\"><div class=\"forminator-field\"><button class=\"forminator-button forminator-button-submit\">Envoyer le message<\/button><\/div><\/div><\/div><input type=\"hidden\" id=\"forminator_nonce\" name=\"forminator_nonce\" value=\"1b2cac2dbe\" \/><input type=\"hidden\" name=\"_wp_http_referer\" value=\"\/index.php\/wp-json\/wp\/v2\/pages\/1376\" \/><input type=\"hidden\" name=\"form_id\" value=\"3399\"><input type=\"hidden\" name=\"page_id\" value=\"1376\"><input type=\"hidden\" name=\"form_type\" value=\"default\"><input type=\"hidden\" name=\"current_url\" value=\"https:\/\/cussac87.com\/index.php\/contact\/\"><input type=\"hidden\" name=\"render_id\" value=\"0\"><input type=\"hidden\" name=\"action\" value=\"forminator_submit_form_custom-forms\"><label for=\"input_5\" class=\"forminator-hidden\" aria-hidden=\"true\">Veuillez ne pas remplir ce champ. <input id=\"input_5\" type=\"text\" name=\"input_5\" value=\"\" autocomplete=\"off\"><\/label><\/form><\/div>\n              <\/div>\n            <\/div>\n          <\/div>\n        <\/div>\n      <\/div>\n    <\/div>\n  <\/div>\n<\/div>\n<\/div>","protected":false},"excerpt":{"rendered":"<p>Pour nous contacter&#8230; Vous pouvez nous contacter par t\u00e9l\u00e9phone les lundi,mardi, jeudi, vendredi de 9H \u00e0 12H et de 15H \u00e0 18H, et les mercredi. 1 place de la Mairie 87150 CUSSAC 05 55 70 94 35 mairie@cussac87.com Formulaire de contact<\/p>\n","protected":false},"author":1,"featured_media":0,"parent":0,"menu_order":0,"comment_status":"closed","ping_status":"closed","template":"page-templates\/full-width-page.php","meta":{"footnotes":""},"jetpack_sharing_enabled":true,"featured_image_src":null,"featured_image_src_square":null,"_links":{"self":[{"href":"https:\/\/cussac87.com\/index.php\/wp-json\/wp\/v2\/pages\/1376"}],"collection":[{"href":"https:\/\/cussac87.com\/index.php\/wp-json\/wp\/v2\/pages"}],"about":[{"href":"https:\/\/cussac87.com\/index.php\/wp-json\/wp\/v2\/types\/page"}],"author":[{"embeddable":true,"href":"https:\/\/cussac87.com\/index.php\/wp-json\/wp\/v2\/users\/1"}],"replies":[{"embeddable":true,"href":"https:\/\/cussac87.com\/index.php\/wp-json\/wp\/v2\/comments?post=1376"}],"version-history":[{"count":2,"href":"https:\/\/cussac87.com\/index.php\/wp-json\/wp\/v2\/pages\/1376\/revisions"}],"predecessor-version":[{"id":112897,"href":"https:\/\/cussac87.com\/index.php\/wp-json\/wp\/v2\/pages\/1376\/revisions\/112897"}],"wp:attachment":[{"href":"https:\/\/cussac87.com\/index.php\/wp-json\/wp\/v2\/media?parent=1376"}],"curies":[{"name":"wp","href":"https:\/\/api.w.org\/{rel}","templated":true}]}}