{"id":1334,"date":"2020-06-28T20:29:30","date_gmt":"2020-06-28T18:29:30","guid":{"rendered":"http:\/\/cussac87.com\/?page_id=1334"},"modified":"2021-05-09T21:48:54","modified_gmt":"2021-05-09T19:48:54","slug":"mentions-legales","status":"publish","type":"page","link":"https:\/\/cussac87.com\/index.php\/mentions-legales\/","title":{"rendered":"Mentions l\u00e9gales"},"content":{"rendered":"<div data-colibri-id=\"1334-c1\" class=\"style-1487 style-local-1334-c1 position-relative\">\n  <!---->\n  <div data-colibri-component=\"section\" data-colibri-id=\"1334-c6\" id=\"blank\" class=\"h-section h-section-global-spacing d-flex align-items-lg-center align-items-md-center align-items-center style-1492 style-local-1334-c6 position-relative\">\n    <!---->\n    <!---->\n    <div class=\"h-section-grid-container h-section-boxed-container\">\n      <!---->\n      <div data-colibri-id=\"1334-c7\" class=\"h-row-container gutters-row-lg-2 gutters-row-md-2 gutters-row-0 gutters-row-v-lg-2 gutters-row-v-md-2 gutters-row-v-2 style-1493 style-local-1334-c7 position-relative\">\n        <!---->\n        <div class=\"h-row justify-content-lg-center justify-content-md-center justify-content-center align-items-lg-stretch align-items-md-stretch align-items-stretch gutters-col-lg-2 gutters-col-md-2 gutters-col-0 gutters-col-v-lg-2 gutters-col-v-md-2 gutters-col-v-2\">\n          <!---->\n          <div class=\"h-column h-column-container d-flex h-col-lg-auto h-col-md-auto h-col-auto style-1494-outer style-local-1334-c8-outer\">\n            <div data-colibri-id=\"1334-c8\" class=\"d-flex h-flex-basis h-column__inner h-px-lg-2 h-px-md-2 h-px-2 v-inner-lg-2 v-inner-md-2 v-inner-2 style-1494 style-local-1334-c8 position-relative\">\n              <!---->\n              <!---->\n              <div class=\"w-100 h-y-container h-column__content h-column__v-align flex-basis-100 align-self-lg-start align-self-md-start align-self-start\">\n                <!---->\n                <div data-colibri-id=\"1334-c14\" class=\"h-lead h-text h-text-component style-1500 style-local-1334-c14 position-relative h-element\">\n                  <!---->\n                  <!---->\n                  <div class=\"\">\n                    <p><strong>En application de la loi n\u00b02004-575 du 21 juin 2004 relative \u00e0 la confiance dans l\u2019\u00e9conomie num\u00e9rique, vous trouverez ci-dessous les informations l\u00e9gales concernant ce site :<\/strong>\n                      <br>\n                      <br>\n                    <\/p>\n                    <p><strong>Protection des donn\u00e9es personnelles<\/strong>\n                      <br>Conform\u00e9ment \u00e0 la loi Informatique et Libert\u00e9s du 6 janvier 1978 (art. 34), vous disposez d\u2019un droit d\u2019acc\u00e8s, de rectification ou de suppression concernant les donn\u00e9es personnelles que nous pourrions \u00eatre amen\u00e9s \u00e0 recueillir (donn\u00e9es\n                      renseign\u00e9es par vous).<\/p>\n                    <p><strong>Droits d\u2019auteur<\/strong>\n                      <br>L\u2019ensemble des informations pr\u00e9sentes sur ce site peut \u00eatre t\u00e9l\u00e9charg\u00e9, reproduit, imprim\u00e9 sous r\u00e9serve de :\n                      <br> &#8211; n\u2019utiliser de telles informations qu\u2019\u00e0 des fins personnelles et en aucune mani\u00e8re \u00e0 des fins commerciales\n                      <br>&#8211; ne pas modifier de telles informations\n                      <br>&#8211; reproduire sur toutes copies la mention des droits d\u2019auteur de la Commune de Cussac (\u00ab&nbsp;copyright&nbsp;\u00bb)\n                      <br>\n                      <br>Toute autre utilisation non express\u00e9ment autoris\u00e9e est strictement interdite sans autorisation pr\u00e9alable et \u00e9crite de la Commune de Cussac.Malgr\u00e9 tous les soins apport\u00e9s \u00e0 la r\u00e9alisation de ce site et \u00e0 son actualisation r\u00e9guli\u00e8re,\n                      des erreurs peuvent s\u2019\u00eatre gliss\u00e9es dans les informations et\/ou documents pr\u00e9sent\u00e9s. Si vous en constatez n\u2019h\u00e9sitez pas \u00e0 nous le faire savoir en nous contactant, nous proc\u00e9derons aux rectifications correspondantes.&nbsp;<\/p>\n                    <p><strong>Liens hypertextes<\/strong>\n                      <br>Ce site contient des liens hypertextes permettant l\u2019acc\u00e8s \u00e0 des sites qui ne sont pas \u00e9dit\u00e9s par le responsable de ce site.En cons\u00e9quence le directeur de publication ne saurait \u00eatre tenu pour responsable du contenu des sites auxquels\n                      l\u2019internaute aurait ainsi acc\u00e8s.<\/p>\n                    <p><strong>\u00c9diteur responsable<\/strong>\n                      <br>Le pr\u00e9sent site est la propri\u00e9t\u00e9 de la Commune de Cussac.Le directeur de la publication est M. Andr\u00e9 RAVET (Adjoint au Maire en charge de la communication de la Commune de Cussac). Le webmaster est M. Fr\u00e9d\u00e9ric GAILLARD (Conseiller\n                      d\u00e9l\u00e9gu\u00e9 \u00e0 la communication de la Commune de Cussac).<\/p>\n                    <p><strong>R\u00e9alisation, h\u00e9bergement du site<\/strong>\n                      <br>Le site est r\u00e9alis\u00e9 par M. Fr\u00e9d\u00e9ric GAILLARD. Il est h\u00e9berg\u00e9 par la soci\u00e9t\u00e9 OVH, 2 rue Kellermann \u2013 BP 80157 59053 ROUBAIX CEDEX 1.<\/p>\n                    <p><strong>Gestion \u00e9ditoriale<\/strong>\n                      <br>La gestion \u00e9ditoriale du site est assur\u00e9e par : La Commune de Cussac\n                      <br>1 place de la Mairie 87150 CUSSAC\n                      <br>T\u00e9l : 05 55 70 94 35\n                      <br>Fax : 05 55 70 96 95<\/p>\n                    <p><strong>Cr\u00e9dits photos<\/strong>\n                      <br>Tout t\u00e9l\u00e9chargement des images ou des photographies pr\u00e9sentes sur ce site \u00e0 des fins autres que personnelles est interdit, ainsi que toute nouvelle publication, leur retransmission, leur reproduction ou toute autre utilisation.<\/p>\n                  <\/div>\n                <\/div>\n              <\/div>\n            <\/div>\n          <\/div>\n        <\/div>\n      <\/div>\n    <\/div>\n  <\/div>\n<\/div>","protected":false},"excerpt":{"rendered":"<p>En application de la loi n\u00b02004-575 du 21 juin 2004 relative \u00e0 la confiance dans l\u2019\u00e9conomie num\u00e9rique, vous trouverez ci-dessous les informations l\u00e9gales concernant ce site : Protection des donn\u00e9es personnelles Conform\u00e9ment \u00e0 la loi Informatique et Libert\u00e9s du 6 janvier 1978 (art. 34), vous disposez d\u2019un droit d\u2019acc\u00e8s, de rectification ou de suppression concernant [&hellip;]<\/p>\n","protected":false},"author":1,"featured_media":2894,"parent":0,"menu_order":0,"comment_status":"closed","ping_status":"closed","template":"page-templates\/full-width-page.php","meta":{"footnotes":""},"jetpack_sharing_enabled":true,"featured_image_src":"https:\/\/cussac87.com\/wp-content\/uploads\/2021\/05\/mentions-legales-600x400.jpg","featured_image_src_square":"https:\/\/cussac87.com\/wp-content\/uploads\/2021\/05\/mentions-legales-600x426.jpg","_links":{"self":[{"href":"https:\/\/cussac87.com\/index.php\/wp-json\/wp\/v2\/pages\/1334"}],"collection":[{"href":"https:\/\/cussac87.com\/index.php\/wp-json\/wp\/v2\/pages"}],"about":[{"href":"https:\/\/cussac87.com\/index.php\/wp-json\/wp\/v2\/types\/page"}],"author":[{"embeddable":true,"href":"https:\/\/cussac87.com\/index.php\/wp-json\/wp\/v2\/users\/1"}],"replies":[{"embeddable":true,"href":"https:\/\/cussac87.com\/index.php\/wp-json\/wp\/v2\/comments?post=1334"}],"version-history":[{"count":0,"href":"https:\/\/cussac87.com\/index.php\/wp-json\/wp\/v2\/pages\/1334\/revisions"}],"wp:featuredmedia":[{"embeddable":true,"href":"https:\/\/cussac87.com\/index.php\/wp-json\/wp\/v2\/media\/2894"}],"wp:attachment":[{"href":"https:\/\/cussac87.com\/index.php\/wp-json\/wp\/v2\/media?parent=1334"}],"curies":[{"name":"wp","href":"https:\/\/api.w.org\/{rel}","templated":true}]}}