{"id":11403,"date":"2023-07-31T12:45:29","date_gmt":"2023-07-31T10:45:29","guid":{"rendered":"https:\/\/cussac87.com\/?page_id=11403"},"modified":"2025-11-30T20:30:11","modified_gmt":"2025-11-30T19:30:11","slug":"arretes-prefectoraux","status":"publish","type":"page","link":"https:\/\/cussac87.com\/index.php\/arretes-prefectoraux\/","title":{"rendered":"Arr\u00eat\u00e9s Pr\u00e9fectoraux"},"content":{"rendered":"<div data-colibri-id=\"11403-c1\" class=\"style-3111 style-local-11403-c1 position-relative\">\n  <!---->\n  <div data-colibri-component=\"section\" data-colibri-id=\"11403-c2\" id=\"overlappable\" class=\"h-section h-section-global-spacing d-flex align-items-lg-center align-items-md-center align-items-center style-3112 style-local-11403-c2 position-relative\">\n    <!---->\n    <!---->\n    <div class=\"h-section-grid-container h-section-boxed-container\">\n      <!---->\n      <div data-colibri-id=\"11403-c3\" class=\"h-row-container gutters-row-lg-0 gutters-row-md-0 gutters-row-2 gutters-row-v-lg-0 gutters-row-v-md-0 gutters-row-v-2 style-3113 style-local-11403-c3 position-relative\">\n        <!---->\n        <div class=\"h-row justify-content-lg-center justify-content-md-center justify-content-center align-items-lg-stretch align-items-md-stretch align-items-stretch gutters-col-lg-0 gutters-col-md-0 gutters-col-2 gutters-col-v-lg-0 gutters-col-v-md-0 gutters-col-v-2\">\n          <!---->\n          <div class=\"h-column h-column-container d-flex h-col-lg h-col-md-auto h-col-auto style-3114-outer style-local-11403-c4-outer\">\n            <div data-colibri-id=\"11403-c4\" class=\"d-flex h-flex-basis h-column__inner h-px-lg-3 h-px-md-3 h-px-2 v-inner-lg-3 v-inner-md-3 v-inner-2 style-3114 style-local-11403-c4 position-relative\">\n              <!---->\n              <!---->\n              <div class=\"w-100 h-y-container h-column__content h-column__v-align flex-basis-100 align-self-lg-center align-self-md-center align-self-center\">\n                <!---->\n                <div data-colibri-id=\"11403-c5\" class=\"h-icon style-3115 style-local-11403-c5 position-relative h-element\">\n                  <!---->\n                  <a href=\"https:\/\/cussac87.com\/wp-content\/uploads\/2023\/07\/AP-28-6-2023-feux-de-plein-air-et-dechets-verts-diffusion.pdf\" target=\"_blank\" h-use-smooth-scroll=\"true\" rel=\"noopener\"><span class=\"h-svg-icon h-icon__icon style-3115-icon style-local-11403-c5-icon\"><!--Icon by Ionicons (https:\/\/ionicons.com)--><svg version=\"1.1\" xmlns=\"http:\/\/www.w3.org\/2000\/svg\" xmlns:xlink=\"http:\/\/www.w3.org\/1999\/xlink\" id=\"fireball\" viewBox=\"0 0 320 512\"><path d=\"M297 238c14 24 23 52 23 82 0 33-10 63-26 88-29 43-78 72-134 72-17 0-32-1-46-7s-25-13-33-25c-11-16-17-28-21-52-6 25 2 48 9 60-43-26-69-71-69-125v-4c5-78 65-109 90-151 8-14 13-30 10-48 11 9 15 25 15 39 0 16-3 29-3 29 4-8 7-18 9-31 6-35 2-85-37-132l-1-1s7 0 18 3c95 16 169 91 184 186 2 12 3 23 3 35 0 16-2 32-5 47 10-23 13-43 14-55v-10z\"><\/path><\/svg><\/span><\/a>\n                <\/div>\n                <div data-colibri-id=\"11403-c6\" class=\"h-global-transition-all h-heading style-3116 style-local-11403-c6 position-relative h-element\">\n                  <!---->\n                  <div class=\"h-heading__outer style-3116 style-local-11403-c6\">\n                    <!---->\n                    <!---->\n                    <a href=\"https:\/\/cussac87.com\/wp-content\/uploads\/2023\/07\/AP-28-6-2023-feux-de-plein-air-et-dechets-verts-diffusion.pdf\" target=\"_blank\" h-use-smooth-scroll=\"true\" rel=\"noopener\">\n                      <h5 class=\"\">FEUX DE PLEIN AIR <\/h5>\n                    <\/a>\n                  <\/div>\n                <\/div>\n                <div data-colibri-id=\"11403-c7\" class=\"h-text h-text-component style-3117 style-local-11403-c7 position-relative h-element\">\n                  <!---->\n                  <!---->\n                  <div class=\"\">\n                    <p>Arr\u00eat\u00e9 n\u00b0 2023 &#8211; SIDPC &#8211; 013 portant r\u00e9glementation des feux de plein air et des feux de d\u00e9chets verts dans le d\u00e9partement de la Haute-Vienne<\/p>\n                  <\/div>\n                <\/div>\n              <\/div>\n            <\/div>\n          <\/div>\n          <div class=\"h-column h-column-container d-flex h-col-lg h-col-md-auto h-col-auto style-3118-outer style-local-11403-c8-outer\">\n            <div data-colibri-id=\"11403-c8\" class=\"d-flex h-flex-basis h-column__inner h-px-lg-3 h-px-md-3 h-px-2 v-inner-lg-3 v-inner-md-3 v-inner-2 style-3118 style-local-11403-c8 position-relative\">\n              <!---->\n              <!---->\n              <div class=\"w-100 h-y-container h-column__content h-column__v-align flex-basis-100 align-self-lg-center align-self-md-center align-self-center\">\n                <!---->\n                <div data-colibri-id=\"11403-c9\" class=\"h-icon style-3115 style-local-11403-c9 position-relative h-element\">\n                  <!---->\n                  <a href=\"https:\/\/cussac87.com\/wp-content\/uploads\/2025\/07\/AP_bassincharente_20250724.pdf\" target=\"_blank\" h-use-smooth-scroll=\"true\" rel=\"noopener\"><span class=\"h-svg-icon h-icon__icon style-3115-icon style-local-11403-c9-icon\"><!--Icon by Ionicons (https:\/\/ionicons.com)--><svg version=\"1.1\" xmlns=\"http:\/\/www.w3.org\/2000\/svg\" xmlns:xlink=\"http:\/\/www.w3.org\/1999\/xlink\" id=\"waterdrop\" viewBox=\"0 0 320 512\"><path d=\"M175 39c40 41 145 160 145 288 0 85-72 153-160 153-56 0-106-27-134-69-6-9-11-19-15-29-7-17-11-35-11-55v-4c1-67 31-131 64-183 20-31 42-57 59-77 9-10 16-18 22-24l1-1c4-3 8-6 14-6 5 0 10 3 14 6zm-15 385c55 0 100-45 100-100 0-14-3-28-8-40-17 65-70 116-136 130 13 6 28 10 44 10z\"><\/path><\/svg><\/span><\/a>\n                <\/div>\n                <div data-colibri-id=\"11403-c10\" class=\"h-global-transition-all h-heading style-3116 style-local-11403-c10 position-relative h-element\">\n                  <!---->\n                  <div class=\"h-heading__outer style-3116 style-local-11403-c10\">\n                    <!---->\n                    <!---->\n                    <a href=\"https:\/\/cussac87.com\/wp-content\/uploads\/2025\/07\/AP_bassincharente_20250724.pdf\" target=\"_blank\" h-use-smooth-scroll=\"true\" rel=\"noopener\">\n                      <h5 class=\"\">USAGE DE l&rsquo;eau<\/h5>\n                    <\/a>\n                  <\/div>\n                <\/div>\n                <div data-colibri-id=\"11403-c11\" class=\"h-text h-text-component style-3117 style-local-11403-c11 position-relative h-element\">\n                  <!---->\n                  <!---->\n                  <div class=\"\">\n                    <p>Arr\u00eat\u00e9 portant prescriptions des mesures de restriction des usages de l&rsquo;eau vis-\u00e0-vis de la situation d&rsquo;\u00e9tiage sur les bassins Bandiat, Charente et Tardoire en Haute-Vienne<\/p>\n                  <\/div>\n                <\/div>\n              <\/div>\n            <\/div>\n          <\/div>\n          <div class=\"h-column h-column-container d-flex h-col-lg h-col-md-auto h-col-auto style-3118-outer style-local-11403-c12-outer\">\n            <div data-colibri-id=\"11403-c12\" class=\"d-flex h-flex-basis h-column__inner h-px-lg-3 h-px-md-3 h-px-2 v-inner-lg-3 v-inner-md-3 v-inner-2 style-3118 style-local-11403-c12 position-relative\">\n              <!---->\n              <!---->\n              <div class=\"w-100 h-y-container h-column__content h-column__v-align flex-basis-100 align-self-lg-center align-self-md-center align-self-center\">\n                <!---->\n                <div data-colibri-id=\"11403-c13\" class=\"h-icon style-3115 style-local-11403-c13 position-relative h-element\">\n                  <!---->\n                  <a href=\"https:\/\/cussac87.com\/wp-content\/uploads\/2023\/07\/20230509_135855-Bruits-de-voisinage.pdf\" target=\"_blank\" h-use-smooth-scroll=\"true\" rel=\"noopener\"><span class=\"h-svg-icon h-icon__icon style-3115-icon style-local-11403-c13-icon\"><!--Icon by Foundation Icons (https:\/\/zurb.com\/playground\/foundation-icon-fonts-3)--><svg version=\"1.1\" xmlns=\"http:\/\/www.w3.org\/2000\/svg\" xmlns:xlink=\"http:\/\/www.w3.org\/1999\/xlink\" id=\"sound\" viewBox=\"0 0 394.0046 512.5\"><path d=\"M175.002 234.25c12-12 32-12 44 0s12 32 0 44-32 12-44 0-12-32 0-44zm158 171v1h-1l-8 8c-4 4-11 3-15 0l-1-1-7-7-7-7c-4-4-5-11-1-16v-1h1v-1l7-7h1c64-65 64-171-1-236l-8-7-1-1v-1c-4-4-3-11 0-15l1-1 14-14c4-4 11-5 16-1l9 9c82 82 83 216 1 298zm-59-59h-1l-8 9v-1c-4 4-11 3-15 0v1l-2-1-14-15c-4-4-5-11-1-16l1-1 8-8c32-32 31-84-1-116l-8-8-1-1c-4-4-3-11 0-15l1-1 14-14 1-1c4-4 11-4 16 0l9 8v1c49 49 50 129 1 179zm-55-112c12 12 12 32 0 44s-32 12-44 0-12-32 0-44 32-12 44 0zm-57 89c4 4 3 11 0 15l-1 1-14 14v1c-4 4-12 4-17 0l-8-8-1-1c-49-49-49-129 0-179l7-8 1-1v1c4-4 12-3 16 0v-1l15 16c4 4 5 11 1 16l-9 9c-32 32-31 84 1 116l8 8 1 1zm-60 60c4 4 3 11 0 15l-1 1-14 14c-4 4-11 5-16 1l-9-9c-82-82-83-216-1-298l9-9c4-4 11-3 15 0l8 8 8 7c4 4 4 11 0 16v1h-1v1l-7 7c-64 65-65 171 0 236h1l7 7 1 1v1z\"><\/path><\/svg><\/span><\/a>\n                <\/div>\n                <div data-colibri-id=\"11403-c14\" class=\"h-global-transition-all h-heading style-3116 style-local-11403-c14 position-relative h-element\">\n                  <!---->\n                  <div class=\"h-heading__outer style-3116 style-local-11403-c14\">\n                    <!---->\n                    <!---->\n                    <a href=\"https:\/\/cussac87.com\/wp-content\/uploads\/2023\/07\/20230509_135855-Bruits-de-voisinage.pdf\" target=\"_blank\" h-use-smooth-scroll=\"true\" rel=\"noopener\">\n                      <h5 class=\"\">BRUITS DE VOISINAGE<\/h5>\n                    <\/a>\n                  <\/div>\n                <\/div>\n                <div data-colibri-id=\"11403-c15\" class=\"h-text h-text-component style-3117 style-local-11403-c15 position-relative h-element\">\n                  <!---->\n                  <!---->\n                  <div class=\"\">\n                    <p>Arr\u00eat\u00e9 relatif aux bruits de voisinage\n                      <br>\n                    <\/p>\n                  <\/div>\n                <\/div>\n              <\/div>\n            <\/div>\n          <\/div>\n        <\/div>\n      <\/div>\n      <div data-colibri-id=\"11403-c16\" class=\"h-row-container gutters-row-lg-2 gutters-row-md-2 gutters-row-0 gutters-row-v-lg-2 gutters-row-v-md-2 gutters-row-v-2 style-3398 style-local-11403-c16 position-relative\">\n        <!---->\n        <div class=\"h-row justify-content-lg-center justify-content-md-center justify-content-center align-items-lg-stretch align-items-md-stretch align-items-stretch gutters-col-lg-2 gutters-col-md-2 gutters-col-0 gutters-col-v-lg-2 gutters-col-v-md-2 gutters-col-v-2\">\n          <!---->\n          <div class=\"h-column h-column-container d-flex h-col-lg-auto h-col-md-auto h-col-auto style-3070-outer style-local-11403-c17-outer\">\n            <div data-colibri-id=\"11403-c17\" class=\"d-flex h-flex-basis h-column__inner h-px-lg-2 h-px-md-2 h-px-2 v-inner-lg-2 v-inner-md-2 v-inner-2 style-3070 style-local-11403-c17 position-relative\">\n              <!---->\n              <!---->\n              <div class=\"w-100 h-y-container h-column__content h-column__v-align flex-basis-100 align-self-lg-start align-self-md-start align-self-start\">\n                <!---->\n                <div data-toggle=\"true\" data-is-preview=\"true\" data-colibri-component=\"accordion\" data-colibri-id=\"11403-c18\" class=\"h-accordion style-3391 style-local-11403-c18 position-relative h-element\">\n                  <!---->\n                  <div data-colibri-id=\"11403-c19\" class=\"h-accordion-item h-accordion-item-first-child style-3392 style-local-11403-c19 position-relative h-element\">\n                    <!---->\n                    <a data-open-by-default=\"true\" href=\"#11403-c19\" class=\"h-accordion-item-title d-flex align-items-center h-global-transition\">\n                      <!----><span>2025<\/span>\n                      <div class=\"h-accordion-item-title-normal-icon h-accordion-item-title-icon h-accordion-item-title-icon-right\"><span class=\"h-svg-icon\"><!--Icon by Icons8 Line Awesome (https:\/\/icons8.com\/line-awesome)--><svg version=\"1.1\" xmlns=\"http:\/\/www.w3.org\/2000\/svg\" xmlns:xlink=\"http:\/\/www.w3.org\/1999\/xlink\" id=\"plus\" viewBox=\"0 0 512 545.5\"><path d=\"M240 112h32v160h160v32H272v160h-32V304H80v-32h160V112z\"><\/path><\/svg><\/span><\/div>\n                      <div class=\"h-accordion-item-title-active-icon h-accordion-item-title-icon h-accordion-item-title-icon-right\"><span class=\"h-svg-icon\"><!--Icon by Icons8 Line Awesome (https:\/\/icons8.com\/line-awesome)--><svg version=\"1.1\" xmlns=\"http:\/\/www.w3.org\/2000\/svg\" xmlns:xlink=\"http:\/\/www.w3.org\/1999\/xlink\" id=\"minus\" viewBox=\"0 0 512 545.5\"><path d=\"M80 272h352v32H80v-32z\"><\/path><\/svg><\/span><\/div>\n                    <\/a>\n                    <div id=\"11403-c19\" class=\"h-accordion-item-content__container\">\n                      <div class=\"w-100 h-y-container h-accordion-item-content\">\n                        <!---->\n                        <div data-colibri-id=\"11403-c20\" class=\"icon-list d-flex justify-content-lg-center justify-content-md-center justify-content-center style-3400 style-local-11403-c20 position-relative h-element\">\n                          <!---->\n                          <ul class=\"ul-list-icon vertical-on-desktop vertical-on-tablet vertical-on-mobile justify-content-lg-center justify-content-md-center justify-content-center\">\n                            <!---->\n                            <li class=\"list-item no-gutters\">\n                              <!---->\n                              <div class=\"list-container-divider d-flex justify-content-lg-center justify-content-md-center justify-content-center first-el-spacer\"><\/div>\n                              <a href=\"https:\/\/cussac87.com\/wp-content\/uploads\/2025\/09\/AP-PVT-du-11-09-2025-au-nom-de-Canou-pour-30-ans.pdf\" data-fancybox=\"section-group-3rvoB49P8BNGRKEzLY5KUQ\" h-use-smooth-scroll=\"true\" class=\"item-link no-gutters\">\n                                <div class=\"d-flex h-col no-gutters align-items-lg-center align-items-md-center align-items-center list-item-text-wrapper\">\n                                  <div class=\"d-flex\"><span class=\"h-svg-icon style-3400-icon style-local-11403-c20-icon\"><!--Icon by Font Awesome (https:\/\/fontawesome.com)-->\n    <svg version=\"1.1\" xmlns=\"http:\/\/www.w3.org\/2000\/svg\" xmlns:xlink=\"http:\/\/www.w3.org\/1999\/xlink\" id=\"file-o\" viewBox=\"0 0 1611.2499 1896.0833\">\n      <path d=\"M1468 380q28 28 48 76t20 88v1152q0 40-28 68t-68 28H96q-40 0-68-28t-28-68V96q0-40 28-68T96 0h896q40 0 88 20t76 48zm-444-244v376h376q-10-29-22-41l-313-313q-12-12-41-22zm384 1528V640H992q-40 0-68-28t-28-68V128H128v1536h1280z\"><\/path>\n    <\/svg><\/span><\/div> <span class=\"list-text d-block\"><span>Arr\u00eat\u00e9 n\u00b0PC\/2025\/E901 du 11 septembre 2025 portant prescriptions compl\u00e9mentaires \u00e0 autorisation au titre du code de l&rsquo;environnement, relatives \u00e0 l&rsquo;exploitation d&rsquo;un plan d&rsquo;eau existant \u00e0 usage de pisciculture \u00e0 valorisation touristique, situ\u00e9 au lieu-dit \u00ab\u00a0Fontabraud\u00a0\u00bb<\/span><\/span>\n                                <\/div>\n                              <\/a>\n                              <div class=\"list-container-divider d-flex justify-content-lg-center justify-content-md-center justify-content-center\" style=\"display: none;\">\n                                <!---->\n                              <\/div>\n                              <div class=\"list-container-divider d-flex justify-content-lg-center justify-content-md-center justify-content-center last-el-spacer\"><\/div>\n                            <\/li>\n                          <\/ul>\n                        <\/div>\n                        <div data-colibri-id=\"11403-c21\" class=\"icon-list d-flex justify-content-lg-center justify-content-md-center justify-content-center style-3400 style-local-11403-c21 position-relative h-element\">\n                          <!---->\n                          <ul class=\"ul-list-icon vertical-on-desktop vertical-on-tablet vertical-on-mobile justify-content-lg-center justify-content-md-center justify-content-center\">\n                            <!---->\n                            <li class=\"list-item no-gutters\">\n                              <!---->\n                              <div class=\"list-container-divider d-flex justify-content-lg-center justify-content-md-center justify-content-center first-el-spacer\"><\/div>\n                              <a href=\"https:\/\/cussac87.com\/wp-content\/uploads\/2025\/11\/2_AP-reglementaire-permanent_2026.pdf\" data-fancybox=\"section-group-3rvoB49P8BNGRKEzLY5KUQ\" h-use-smooth-scroll=\"true\" class=\"item-link no-gutters\">\n                                <div class=\"d-flex h-col no-gutters align-items-lg-center align-items-md-center align-items-center list-item-text-wrapper\">\n                                  <div class=\"d-flex\"><span class=\"h-svg-icon style-3400-icon style-local-11403-c21-icon\"><!--Icon by Font Awesome (https:\/\/fontawesome.com)-->\n    <svg version=\"1.1\" xmlns=\"http:\/\/www.w3.org\/2000\/svg\" xmlns:xlink=\"http:\/\/www.w3.org\/1999\/xlink\" id=\"file-o\" viewBox=\"0 0 1611.2499 1896.0833\">\n      <path d=\"M1468 380q28 28 48 76t20 88v1152q0 40-28 68t-68 28H96q-40 0-68-28t-28-68V96q0-40 28-68T96 0h896q40 0 88 20t76 48zm-444-244v376h376q-10-29-22-41l-313-313q-12-12-41-22zm384 1528V640H992q-40 0-68-28t-28-68V128H128v1536h1280z\"><\/path>\n    <\/svg><\/span><\/div> <span class=\"list-text d-block\"><span>Arr\u00eat\u00e9 n\u00b0PC\/2025\/E 1228 : arr\u00eat\u00e9 r\u00e9glementaire permanent relatif \u00e0 l&rsquo;exercice de la p\u00eache en eau douce en Haute-Vienne, qui d\u00e9finit le cadre g\u00e9n\u00e9ral applicable d&rsquo;une ann\u00e9e sur l&rsquo;autre<\/span><\/span>\n                                <\/div>\n                              <\/a>\n                              <div class=\"list-container-divider d-flex justify-content-lg-center justify-content-md-center justify-content-center\" style=\"display: none;\">\n                                <!---->\n                              <\/div>\n                              <div class=\"list-container-divider d-flex justify-content-lg-center justify-content-md-center justify-content-center last-el-spacer\"><\/div>\n                            <\/li>\n                          <\/ul>\n                        <\/div>\n                        <div data-colibri-id=\"11403-c22\" class=\"icon-list d-flex justify-content-lg-center justify-content-md-center justify-content-center style-3400 style-local-11403-c22 position-relative h-element\">\n                          <!---->\n                          <ul class=\"ul-list-icon vertical-on-desktop vertical-on-tablet vertical-on-mobile justify-content-lg-center justify-content-md-center justify-content-center\">\n                            <!---->\n                            <li class=\"list-item no-gutters\">\n                              <!---->\n                              <div class=\"list-container-divider d-flex justify-content-lg-center justify-content-md-center justify-content-center first-el-spacer\"><\/div>\n                              <a href=\"https:\/\/cussac87.com\/wp-content\/uploads\/2025\/11\/3_AP-fixant-les-periodes-douverture_2026.pdf\" data-fancybox=\"section-group-3rvoB49P8BNGRKEzLY5KUQ\" h-use-smooth-scroll=\"true\" class=\"item-link no-gutters\">\n                                <div class=\"d-flex h-col no-gutters align-items-lg-center align-items-md-center align-items-center list-item-text-wrapper\">\n                                  <div class=\"d-flex\"><span class=\"h-svg-icon style-3400-icon style-local-11403-c22-icon\"><!--Icon by Font Awesome (https:\/\/fontawesome.com)-->\n    <svg version=\"1.1\" xmlns=\"http:\/\/www.w3.org\/2000\/svg\" xmlns:xlink=\"http:\/\/www.w3.org\/1999\/xlink\" id=\"file-o\" viewBox=\"0 0 1611.2499 1896.0833\">\n      <path d=\"M1468 380q28 28 48 76t20 88v1152q0 40-28 68t-68 28H96q-40 0-68-28t-28-68V96q0-40 28-68T96 0h896q40 0 88 20t76 48zm-444-244v376h376q-10-29-22-41l-313-313q-12-12-41-22zm384 1528V640H992q-40 0-68-28t-28-68V128H128v1536h1280z\"><\/path>\n    <\/svg><\/span><\/div> <span class=\"list-text d-block\"><span>Arr\u00eat\u00e9 n\u00b0PC\/2025\/E 1229 : arr\u00eat\u00e9 fixant les p\u00e9riodes d&rsquo;ouverture de la p\u00eache en 2026, qui pr\u00e9cise les dates et modalit\u00e9s sp\u00e9cifiques pour l&rsquo;ann\u00e9e \u00e0 venir<\/span><\/span>\n                                <\/div>\n                              <\/a>\n                              <div class=\"list-container-divider d-flex justify-content-lg-center justify-content-md-center justify-content-center\" style=\"display: none;\">\n                                <!---->\n                              <\/div>\n                              <div class=\"list-container-divider d-flex justify-content-lg-center justify-content-md-center justify-content-center last-el-spacer\"><\/div>\n                            <\/li>\n                          <\/ul>\n                        <\/div>\n                        <div data-colibri-id=\"11403-c23\" class=\"icon-list d-flex justify-content-lg-center justify-content-md-center justify-content-center style-3400 style-local-11403-c23 position-relative h-element\">\n                          <!---->\n                          <ul class=\"ul-list-icon vertical-on-desktop vertical-on-tablet vertical-on-mobile justify-content-lg-center justify-content-md-center justify-content-center\">\n                            <!---->\n                            <li class=\"list-item no-gutters\">\n                              <!---->\n                              <div class=\"list-container-divider d-flex justify-content-lg-center justify-content-md-center justify-content-center first-el-spacer\"><\/div>\n                              <a href=\"https:\/\/cussac87.com\/wp-content\/uploads\/2025\/11\/4_AP-interdiction-temporaire_2026.pdf\" data-fancybox=\"section-group-3rvoB49P8BNGRKEzLY5KUQ\" h-use-smooth-scroll=\"true\" class=\"item-link no-gutters\">\n                                <div class=\"d-flex h-col no-gutters align-items-lg-center align-items-md-center align-items-center list-item-text-wrapper\">\n                                  <div class=\"d-flex\"><span class=\"h-svg-icon style-3400-icon style-local-11403-c23-icon\"><!--Icon by Font Awesome (https:\/\/fontawesome.com)-->\n    <svg version=\"1.1\" xmlns=\"http:\/\/www.w3.org\/2000\/svg\" xmlns:xlink=\"http:\/\/www.w3.org\/1999\/xlink\" id=\"file-o\" viewBox=\"0 0 1611.2499 1896.0833\">\n      <path d=\"M1468 380q28 28 48 76t20 88v1152q0 40-28 68t-68 28H96q-40 0-68-28t-28-68V96q0-40 28-68T96 0h896q40 0 88 20t76 48zm-444-244v376h376q-10-29-22-41l-313-313q-12-12-41-22zm384 1528V640H992q-40 0-68-28t-28-68V128H128v1536h1280z\"><\/path>\n    <\/svg><\/span><\/div> <span class=\"list-text d-block\"><span>Arr\u00eat\u00e9 n\u00b0 PC\/2025\/E 1230 : arr\u00eat\u00e9 portant interdiction temporaire de p\u00eacher en 2026 sur des parcours de loisir et plans d&rsquo;eau, qui prot\u00e8ge certains sites pendant des p\u00e9riodes d\u00e9termin\u00e9es<\/span><\/span>\n                                <\/div>\n                              <\/a>\n                              <div class=\"list-container-divider d-flex justify-content-lg-center justify-content-md-center justify-content-center\" style=\"display: none;\">\n                                <!---->\n                              <\/div>\n                              <div class=\"list-container-divider d-flex justify-content-lg-center justify-content-md-center justify-content-center last-el-spacer\"><\/div>\n                            <\/li>\n                          <\/ul>\n                        <\/div>\n                      <\/div>\n                    <\/div>\n                  <\/div>\n                <\/div>\n              <\/div>\n            <\/div>\n          <\/div>\n        <\/div>\n      <\/div>\n    <\/div>\n  <\/div>\n<\/div>","protected":false},"excerpt":{"rendered":"<p>FEUX DE PLEIN AIR Arr\u00eat\u00e9 n\u00b0 2023 &#8211; SIDPC &#8211; 013 portant r\u00e9glementation des feux de plein air et des feux de d\u00e9chets verts dans le d\u00e9partement de la Haute-Vienne USAGE DE l&rsquo;eau Arr\u00eat\u00e9 portant prescriptions des mesures de restriction des usages de l&rsquo;eau vis-\u00e0-vis de la situation d&rsquo;\u00e9tiage sur les bassins Bandiat, Charente et [&hellip;]<\/p>\n","protected":false},"author":1,"featured_media":6796,"parent":0,"menu_order":0,"comment_status":"closed","ping_status":"closed","template":"page-templates\/full-width-page.php","meta":{"footnotes":""},"jetpack_sharing_enabled":true,"featured_image_src":"https:\/\/cussac87.com\/wp-content\/uploads\/2021\/12\/Logo_de_la_Republique_francaise_1999.png","featured_image_src_square":"https:\/\/cussac87.com\/wp-content\/uploads\/2021\/12\/Logo_de_la_Republique_francaise_1999.png","_links":{"self":[{"href":"https:\/\/cussac87.com\/index.php\/wp-json\/wp\/v2\/pages\/11403"}],"collection":[{"href":"https:\/\/cussac87.com\/index.php\/wp-json\/wp\/v2\/pages"}],"about":[{"href":"https:\/\/cussac87.com\/index.php\/wp-json\/wp\/v2\/types\/page"}],"author":[{"embeddable":true,"href":"https:\/\/cussac87.com\/index.php\/wp-json\/wp\/v2\/users\/1"}],"replies":[{"embeddable":true,"href":"https:\/\/cussac87.com\/index.php\/wp-json\/wp\/v2\/comments?post=11403"}],"version-history":[{"count":16,"href":"https:\/\/cussac87.com\/index.php\/wp-json\/wp\/v2\/pages\/11403\/revisions"}],"predecessor-version":[{"id":625725,"href":"https:\/\/cussac87.com\/index.php\/wp-json\/wp\/v2\/pages\/11403\/revisions\/625725"}],"wp:featuredmedia":[{"embeddable":true,"href":"https:\/\/cussac87.com\/index.php\/wp-json\/wp\/v2\/media\/6796"}],"wp:attachment":[{"href":"https:\/\/cussac87.com\/index.php\/wp-json\/wp\/v2\/media?parent=11403"}],"curies":[{"name":"wp","href":"https:\/\/api.w.org\/{rel}","templated":true}]}}